{"id":5666,"date":"2019-02-04T09:03:01","date_gmt":"2019-02-04T15:03:01","guid":{"rendered":"https:\/\/tctmed.com\/terapia-de-reemplazo-de-testosterona-por-telemedicina\/"},"modified":"2023-09-05T06:48:59","modified_gmt":"2023-09-05T11:48:59","slug":"tele-trt-clinica","status":"publish","type":"page","link":"https:\/\/tctmed.com\/es\/tele-trt-clinica\/","title":{"rendered":"Terapia de reemplazo de testosterona por telemedicina"},"content":{"rendered":"\n\n\t\t<h1>\n\t\t\t\n\t\t<\/h1>\n\t\t\t\t<img loading=\"lazy\" decoding=\"async\" src=\"https:\/\/tctmed.com\/wp-content\/uploads\/2018\/12\/hypothyroidism-treatment-dallas-fort-worth.jpg\" alt=\"hypothyroidism treatment dallas fort worth\" itemprop=\"image\" height=\"667\" width=\"1000\" title=\"hypothyroidism treatment dallas fort worth\" onerror=\"this.style.display='none'\"  \/>\n\t\t<h3>\u00bfLe preocupa que pueda tener niveles bajos de testosterona? \u00bfTiene dificultades para encontrar atenci\u00f3n en su \u00e1rea?<\/h3>\n\t\t\t<p>Si le preocupa la testosterona baja y no puede encontrar un proveedor local en Texas, podemos ayudarlo. Nuestro enfoque de telemedicina le brinda acceso a una terapia de reemplazo de testosterona de calidad en la comodidad de su hogar a trav\u00e9s de video en su dispositivo preferido <strong>(NOTA: Actualmente, el servicio solo est\u00e1 disponible para los residentes de Texas).<\/strong>Recibir\u00e1 recetas en su puerta y continuar\u00e1 con su atenci\u00f3n a trav\u00e9s de controles de video con su proveedor dedicado.<\/p>\t\t\n<h2>\n\t\tC\u00f3mo funciona\n\t<\/h2>\n\t<ul>\n\t\t<li>\t\t\t\t\n\t\tVideoconsulta para discutir sus s\u00edntomas<\/li><li>\t\t\t\t\n\t\tDos extracciones de sangre en un laboratorio cercano<\/li><li>\t\t\t\t\n\t\tComenzar la administraci\u00f3n en el hogar de TRT<\/li><li>\t\t\t\t\n\t\tVisitas mensuales de seguimiento por video de telemedicina<\/li>\t<\/ul>\n<h2>\n\t\tPrograme su consulta en l\u00ednea gratuita ahora para ver si es candidato para TRT\n\t<\/h2>\n\t<!-- Calendly inline widget begin -->\n<!-- Calendly inline widget end -->\n<p><em>Este servicio es solo para residentes de Texas. Sus 2 an\u00e1lisis de sangre iniciales cuestan 200 $ en total, o se puede utilizar su aseguraza medica*. La videoconsulta con nuestro proveedor para revisar su historial, s\u00edntomas y resultados de laboratorio es gratuita. TRT puede ser recetado despu\u00e9s de que sus analisis de sangre hayan sido revisados y nuestro proveedor y usted esten de acuerdo en que la terapia de testosterona es adecuada para usted.<\/em><\/p>\n<p><em>*Si elige utilizar su aseguranza medica para cubir los costos del laboratorio, constituye la aceptaci\u00f3n de todos y cada uno de los cargos evaluados por el laboratorio y su compa\u00f1\u00eda de aseguranza medica. Los gastos enviados al seguro no pueden reasignarse al pago por cuenta propia (precio en efectivo) una vez que han sido enviados a su seguro medico.<\/em><\/p>\n<h2>\n\t\tConozca a su proveedor y aprenda c\u00f3mo funciona la terapia de telemedicina\n\t<\/h2>\n\t<div class=\"lyte-wrapper\" style=\"width:420px;max-width:100%;margin:5px;\"><div class=\"lyMe\" id=\"WYL_vdt9pmSmEjY\"><div id=\"lyte_vdt9pmSmEjY\" data-src=\"\/\/i.ytimg.com\/vi\/vdt9pmSmEjY\/hqdefault.jpg\" class=\"pL\"><div class=\"tC\"><div class=\"tT\"><\/div><\/div><div class=\"play\"><\/div><div class=\"ctrl\"><div class=\"Lctrl\"><\/div><div class=\"Rctrl\"><\/div><\/div><\/div><noscript><a href=\"https:\/\/youtu.be\/vdt9pmSmEjY\" rel=\"nofollow\"><img loading=\"lazy\" decoding=\"async\" src=\"https:\/\/i.ytimg.com\/vi\/vdt9pmSmEjY\/0.jpg\" alt=\"YouTube video thumbnail\" width=\"420\" height=\"216\" \/><br \/>Ver este v\u00eddeo en YouTube<\/a><\/noscript><\/div><\/div><div class=\"lL\" style=\"max-width:100%;width:420px;margin:5px;\"><\/div>\n\t<p>Desde 2013, TCT ha brindado terapia de reemplazo de testosterona de alta calidad en el \u00e1rea de Dallas-Fort Worth en el norte de Texas. <strong>Ofrecemos servicios administrados de forma remota a pacientes que viven en cualquier lugar de Texas.<\/strong><\/p>\n<p>( <a href=\"https:\/\/tctmed.com\/es\/resource\/testosterone-replacement-therapy-guide-trt\/\" target=\"_blank\" rel=\"noopener\">Obtenga m\u00e1s informaci\u00f3n sobre TRT en nuestra Gu\u00eda completa de TRT aqu\u00ed).<\/a><\/p>\n<p>Una vez que haya completado todos los an\u00e1lisis de sangre adecuados con un laboratorio aprobado en su \u00e1rea, podemos programar una visita en persona en Dallas y discutir c\u00f3mo hacer que su visita sea lo m\u00e1s r\u00e1pida y f\u00e1cil posible.<\/p>\n<p>Esto nos permite establecerlo como paciente y comenzar su tratamiento, que luego se autoadministrar\u00e1 en su hogar.<\/p>\n<p>(<a href=\"https:\/\/tctmed.com\/es\/baja-testosterona\/\" target=\"_blank\" rel=\"noopener\">\u00bfNo est\u00e1 seguro si Low T es el problema? Lea nuestra gu\u00eda completa sobre las causas y los s\u00edntomas de Low T aqu\u00ed<\/a>.)<\/p>\n<p>Si est\u00e1 listo para comenzar, complete el formulario; nos comunicaremos con usted de inmediato para programar su videoconsulta en l\u00ednea gratuita.<\/p>\n\t\t<h2>\n\t\t\tPRIMEROS PASOS CON TRT REMOTO\n\t\t\t\t\t\t\t\t\t\t\tEl proceso\n\t\t<\/h2>\n\t\t\t<p>Estos son los pasos por los que lo guiaremos si se determina que sufre de niveles cl\u00ednicamente bajos de testosterona y necesita terapia:<\/p>\t\t\n\t<ul>\n\t\t<li>\t\t\n\t\t1Programe y complete una videoconsulta en l\u00ednea para analizar los s\u00edntomas<\/li><li>\t\t\n\t\t2Complete 2 extracciones de sangre antes de las 10 am en un laboratorio aprobado cerca de usted<\/li><li>\t\t\n\t\t3Si est\u00e1 indicado el tratamiento, programe una cita en persona, que tendr\u00e1 lugar en Dallas, Texas, antes de comenzar con las inyecciones.<\/li>\t<\/ul>\n\t<ul>\n\t\t<li>\t\t\n\t\t4Reciba su primera inyecci\u00f3n internamente a medida que establecemos env\u00edos directos a su hogar, cubiertos por sus tarifas mensuales<\/li><li>\t\t\n\t\t5Comenzar la administraci\u00f3n en el hogar de los medicamentos recetados para la Terapia de Reemplazo de Testosterona<\/li>\t<\/ul>\n\t<p><em><strong>TENGA EN CUENTA:<\/strong> No escribiremos una receta para la terapia de reemplazo de testosterona antes de completar un estudio completo. Debe ser residente de Texas y ser candidato para la terapia seg\u00fan lo determinen sus s\u00edntomas informados, los resultados de los an\u00e1lisis de sangre y las pautas cl\u00ednicas aplicables.<\/em><\/p>\n<h2>\n\t\tPrograme su consulta en l\u00ednea gratuita ahora para ver si es candidato para TRT\n\t<\/h2>\n\t<!-- Calendly inline widget begin -->\n<!-- Calendly inline widget end -->\n\t<p>Si est\u00e1 experimentando los <a href=\"https:\/\/tctmed.com\/es\/baja-testosterona\/#36\">s\u00edntomas y signos de Low T<\/a> , queremos que sepa: <a href=\"https:\/\/tctmed.com\/es\/resource\/testosterone-replacement-therapy-guide-trt\/#13\">Low T es tratable<\/a>. Nuestro <a href=\"https:\/\/tctmed.com\/es\/test-de-sintomas-bajos\/\">La prueba Low T<\/a> puede indicar si Low T est\u00e1 agotando su <i>energ\u00eda masculina<\/i> <i>.<\/i><\/p>\n<p>Si sufre de testosterona cl\u00ednicamente baja, el mejor <i>refuerzo de testosterona de<\/i> venta libre no ser\u00e1 la respuesta. Recomendamos encarecidamente echar un vistazo serio a <a href=\"https:\/\/tctmed.com\/es\/resource\/testosterone-replacement-therapy-guide-trt\/\">Terapia de Reemplazo de Testosterona ( TRT <b>)<\/b><\/a> <b>.<\/b> Dallas tiene una serie de centros Low T en toda el \u00e1rea que pueden denominarse como:<\/p>\n<ul>\n<li>cl\u00ednicas t <\/li>\n<li>clinica de salud masculina <\/li>\n<li>Cl\u00ednica de camisetas para hombres <\/li>\n<\/ul>\n<p>Tenemos 5 ubicaciones que brindan reemplazo de testosterona u otras terapias de reemplazo hormonal para satisfacer sus necesidades de salud.<\/p>\n\n","protected":false},"excerpt":{"rendered":"<p>\u00bfLe preocupa que pueda tener niveles bajos de testosterona? \u00bfTiene dificultades para encontrar atenci\u00f3n en su \u00e1rea? Si le preocupa la testosterona baja y no puede encontrar un proveedor local en Texas, podemos ayudarlo. Nuestro enfoque de telemedicina le brinda acceso a una terapia de reemplazo de testosterona de calidad en la comodidad de su&hellip;<\/p>\n","protected":false},"author":3,"featured_media":0,"parent":0,"menu_order":0,"comment_status":"closed","ping_status":"closed","template":"","meta":{"footnotes":""},"class_list":["post-5666","page","type-page","status-publish","hentry"],"yoast_head":"<!-- This site is optimized with the Yoast SEO plugin v27.5 - https:\/\/yoast.com\/product\/yoast-seo-wordpress\/ -->\n<title>telemedicina<\/title>\n<meta name=\"description\" content=\"TRT de telemedicina para pacientes de Texas: se requiere una visita en persona a Dallas-Fort Worth, luego se registra una vez al mes a trav\u00e9s de un chat de video. Aprende m\u00e1s.\" \/>\n<meta name=\"robots\" content=\"index, follow, max-snippet:-1, max-image-preview:large, max-video-preview:-1\" \/>\n<link rel=\"canonical\" href=\"https:\/\/tctmed.com\/es\/tele-trt-clinica\/\" \/>\n<meta property=\"og:locale\" content=\"es_ES\" \/>\n<meta property=\"og:type\" content=\"article\" \/>\n<meta property=\"og:title\" content=\"telemedicina\" \/>\n<meta property=\"og:description\" content=\"TRT de telemedicina para pacientes de Texas: se requiere una visita en persona a Dallas-Fort Worth, luego se registra una vez al mes a trav\u00e9s de un chat de video. Aprende m\u00e1s.\" \/>\n<meta property=\"og:url\" content=\"https:\/\/tctmed.com\/es\/tele-trt-clinica\/\" \/>\n<meta property=\"og:site_name\" content=\"Testosterone Centers of Texas\" \/>\n<meta property=\"article:publisher\" content=\"https:\/\/www.facebook.com\/TCTmed\" \/>\n<meta property=\"article:modified_time\" content=\"2023-09-05T11:48:59+00:00\" \/>\n<meta property=\"og:image\" content=\"https:\/\/tctmed.com\/wp-content\/uploads\/2018\/12\/hypothyroidism-treatment-dallas-fort-worth.jpg\" \/>\n<meta name=\"twitter:card\" content=\"summary_large_image\" \/>\n<meta name=\"twitter:site\" content=\"@TCTmed\" \/>\n<meta name=\"twitter:label1\" content=\"Tiempo de lectura\" \/>\n\t<meta name=\"twitter:data1\" content=\"4 minutos\" \/>\n<script type=\"application\/ld+json\" class=\"yoast-schema-graph\">{\"@context\":\"https:\\\/\\\/schema.org\",\"@graph\":[{\"@type\":\"WebPage\",\"@id\":\"https:\\\/\\\/tctmed.com\\\/es\\\/tele-trt-clinica\\\/\",\"url\":\"https:\\\/\\\/tctmed.com\\\/es\\\/tele-trt-clinica\\\/\",\"name\":\"telemedicina\",\"isPartOf\":{\"@id\":\"https:\\\/\\\/tctmed.com\\\/es\\\/#website\"},\"primaryImageOfPage\":{\"@id\":\"https:\\\/\\\/tctmed.com\\\/es\\\/tele-trt-clinica\\\/#primaryimage\"},\"image\":{\"@id\":\"https:\\\/\\\/tctmed.com\\\/es\\\/tele-trt-clinica\\\/#primaryimage\"},\"thumbnailUrl\":\"https:\\\/\\\/tctmed.com\\\/wp-content\\\/uploads\\\/2018\\\/12\\\/hypothyroidism-treatment-dallas-fort-worth.jpg\",\"datePublished\":\"2019-02-04T15:03:01+00:00\",\"dateModified\":\"2023-09-05T11:48:59+00:00\",\"description\":\"TRT de telemedicina para pacientes de Texas: se requiere una visita en persona a Dallas-Fort Worth, luego se registra una vez al mes a trav\u00e9s de un chat de video. Aprende m\u00e1s.\",\"breadcrumb\":{\"@id\":\"https:\\\/\\\/tctmed.com\\\/es\\\/tele-trt-clinica\\\/#breadcrumb\"},\"inLanguage\":\"es\",\"potentialAction\":[{\"@type\":\"ReadAction\",\"target\":[\"https:\\\/\\\/tctmed.com\\\/es\\\/tele-trt-clinica\\\/\"]}]},{\"@type\":\"ImageObject\",\"inLanguage\":\"es\",\"@id\":\"https:\\\/\\\/tctmed.com\\\/es\\\/tele-trt-clinica\\\/#primaryimage\",\"url\":\"https:\\\/\\\/tctmed.com\\\/wp-content\\\/uploads\\\/2018\\\/12\\\/hypothyroidism-treatment-dallas-fort-worth.jpg\",\"contentUrl\":\"https:\\\/\\\/tctmed.com\\\/wp-content\\\/uploads\\\/2018\\\/12\\\/hypothyroidism-treatment-dallas-fort-worth.jpg\"},{\"@type\":\"BreadcrumbList\",\"@id\":\"https:\\\/\\\/tctmed.com\\\/es\\\/tele-trt-clinica\\\/#breadcrumb\",\"itemListElement\":[{\"@type\":\"ListItem\",\"position\":1,\"name\":\"Home\",\"item\":\"https:\\\/\\\/tctmed.com\\\/es\\\/\"},{\"@type\":\"ListItem\",\"position\":2,\"name\":\"Terapia de reemplazo de testosterona por telemedicina\"}]},{\"@type\":\"WebSite\",\"@id\":\"https:\\\/\\\/tctmed.com\\\/es\\\/#website\",\"url\":\"https:\\\/\\\/tctmed.com\\\/es\\\/\",\"name\":\"Testosterone Centers of Texas\",\"description\":\"Low T treatment from professionals who put you first.\",\"publisher\":{\"@id\":\"https:\\\/\\\/tctmed.com\\\/es\\\/#organization\"},\"potentialAction\":[{\"@type\":\"SearchAction\",\"target\":{\"@type\":\"EntryPoint\",\"urlTemplate\":\"https:\\\/\\\/tctmed.com\\\/es\\\/?s={search_term_string}\"},\"query-input\":{\"@type\":\"PropertyValueSpecification\",\"valueRequired\":true,\"valueName\":\"search_term_string\"}}],\"inLanguage\":\"es\"},{\"@type\":\"Organization\",\"@id\":\"https:\\\/\\\/tctmed.com\\\/es\\\/#organization\",\"name\":\"Testosterone Centers of Texas\",\"url\":\"https:\\\/\\\/tctmed.com\\\/es\\\/\",\"logo\":{\"@type\":\"ImageObject\",\"inLanguage\":\"es\",\"@id\":\"https:\\\/\\\/tctmed.com\\\/es\\\/#\\\/schema\\\/logo\\\/image\\\/\",\"url\":\"https:\\\/\\\/tctmed.com\\\/wp-content\\\/uploads\\\/2017\\\/12\\\/2018-TCT-Logo-V1-spanish_TCT-Color-Logo.png\",\"contentUrl\":\"https:\\\/\\\/tctmed.com\\\/wp-content\\\/uploads\\\/2017\\\/12\\\/2018-TCT-Logo-V1-spanish_TCT-Color-Logo.png\",\"width\":907,\"height\":383,\"caption\":\"Testosterone Centers of Texas\"},\"image\":{\"@id\":\"https:\\\/\\\/tctmed.com\\\/es\\\/#\\\/schema\\\/logo\\\/image\\\/\"},\"sameAs\":[\"https:\\\/\\\/www.facebook.com\\\/TCTmed\",\"https:\\\/\\\/x.com\\\/TCTmed\"]}]}<\/script>\n<!-- \/ Yoast SEO plugin. -->","yoast_head_json":{"title":"telemedicina","description":"TRT de telemedicina para pacientes de Texas: se requiere una visita en persona a Dallas-Fort Worth, luego se registra una vez al mes a trav\u00e9s de un chat de video. Aprende m\u00e1s.","robots":{"index":"index","follow":"follow","max-snippet":"max-snippet:-1","max-image-preview":"max-image-preview:large","max-video-preview":"max-video-preview:-1"},"canonical":"https:\/\/tctmed.com\/es\/tele-trt-clinica\/","og_locale":"es_ES","og_type":"article","og_title":"telemedicina","og_description":"TRT de telemedicina para pacientes de Texas: se requiere una visita en persona a Dallas-Fort Worth, luego se registra una vez al mes a trav\u00e9s de un chat de video. Aprende m\u00e1s.","og_url":"https:\/\/tctmed.com\/es\/tele-trt-clinica\/","og_site_name":"Testosterone Centers of Texas","article_publisher":"https:\/\/www.facebook.com\/TCTmed","article_modified_time":"2023-09-05T11:48:59+00:00","og_image":[{"url":"https:\/\/tctmed.com\/wp-content\/uploads\/2018\/12\/hypothyroidism-treatment-dallas-fort-worth.jpg","type":"","width":"","height":""}],"twitter_card":"summary_large_image","twitter_site":"@TCTmed","twitter_misc":{"Tiempo de lectura":"4 minutos"},"schema":{"@context":"https:\/\/schema.org","@graph":[{"@type":"WebPage","@id":"https:\/\/tctmed.com\/es\/tele-trt-clinica\/","url":"https:\/\/tctmed.com\/es\/tele-trt-clinica\/","name":"telemedicina","isPartOf":{"@id":"https:\/\/tctmed.com\/es\/#website"},"primaryImageOfPage":{"@id":"https:\/\/tctmed.com\/es\/tele-trt-clinica\/#primaryimage"},"image":{"@id":"https:\/\/tctmed.com\/es\/tele-trt-clinica\/#primaryimage"},"thumbnailUrl":"https:\/\/tctmed.com\/wp-content\/uploads\/2018\/12\/hypothyroidism-treatment-dallas-fort-worth.jpg","datePublished":"2019-02-04T15:03:01+00:00","dateModified":"2023-09-05T11:48:59+00:00","description":"TRT de telemedicina para pacientes de Texas: se requiere una visita en persona a Dallas-Fort Worth, luego se registra una vez al mes a trav\u00e9s de un chat de video. Aprende m\u00e1s.","breadcrumb":{"@id":"https:\/\/tctmed.com\/es\/tele-trt-clinica\/#breadcrumb"},"inLanguage":"es","potentialAction":[{"@type":"ReadAction","target":["https:\/\/tctmed.com\/es\/tele-trt-clinica\/"]}]},{"@type":"ImageObject","inLanguage":"es","@id":"https:\/\/tctmed.com\/es\/tele-trt-clinica\/#primaryimage","url":"https:\/\/tctmed.com\/wp-content\/uploads\/2018\/12\/hypothyroidism-treatment-dallas-fort-worth.jpg","contentUrl":"https:\/\/tctmed.com\/wp-content\/uploads\/2018\/12\/hypothyroidism-treatment-dallas-fort-worth.jpg"},{"@type":"BreadcrumbList","@id":"https:\/\/tctmed.com\/es\/tele-trt-clinica\/#breadcrumb","itemListElement":[{"@type":"ListItem","position":1,"name":"Home","item":"https:\/\/tctmed.com\/es\/"},{"@type":"ListItem","position":2,"name":"Terapia de reemplazo de testosterona por telemedicina"}]},{"@type":"WebSite","@id":"https:\/\/tctmed.com\/es\/#website","url":"https:\/\/tctmed.com\/es\/","name":"Testosterone Centers of Texas","description":"Low T treatment from professionals who put you first.","publisher":{"@id":"https:\/\/tctmed.com\/es\/#organization"},"potentialAction":[{"@type":"SearchAction","target":{"@type":"EntryPoint","urlTemplate":"https:\/\/tctmed.com\/es\/?s={search_term_string}"},"query-input":{"@type":"PropertyValueSpecification","valueRequired":true,"valueName":"search_term_string"}}],"inLanguage":"es"},{"@type":"Organization","@id":"https:\/\/tctmed.com\/es\/#organization","name":"Testosterone Centers of Texas","url":"https:\/\/tctmed.com\/es\/","logo":{"@type":"ImageObject","inLanguage":"es","@id":"https:\/\/tctmed.com\/es\/#\/schema\/logo\/image\/","url":"https:\/\/tctmed.com\/wp-content\/uploads\/2017\/12\/2018-TCT-Logo-V1-spanish_TCT-Color-Logo.png","contentUrl":"https:\/\/tctmed.com\/wp-content\/uploads\/2017\/12\/2018-TCT-Logo-V1-spanish_TCT-Color-Logo.png","width":907,"height":383,"caption":"Testosterone Centers of Texas"},"image":{"@id":"https:\/\/tctmed.com\/es\/#\/schema\/logo\/image\/"},"sameAs":["https:\/\/www.facebook.com\/TCTmed","https:\/\/x.com\/TCTmed"]}]}},"jetpack_sharing_enabled":true,"amp_enabled":true,"_links":{"self":[{"href":"https:\/\/tctmed.com\/es\/wp-json\/wp\/v2\/pages\/5666","targetHints":{"allow":["GET"]}}],"collection":[{"href":"https:\/\/tctmed.com\/es\/wp-json\/wp\/v2\/pages"}],"about":[{"href":"https:\/\/tctmed.com\/es\/wp-json\/wp\/v2\/types\/page"}],"author":[{"embeddable":true,"href":"https:\/\/tctmed.com\/es\/wp-json\/wp\/v2\/users\/3"}],"replies":[{"embeddable":true,"href":"https:\/\/tctmed.com\/es\/wp-json\/wp\/v2\/comments?post=5666"}],"version-history":[{"count":5,"href":"https:\/\/tctmed.com\/es\/wp-json\/wp\/v2\/pages\/5666\/revisions"}],"predecessor-version":[{"id":6356,"href":"https:\/\/tctmed.com\/es\/wp-json\/wp\/v2\/pages\/5666\/revisions\/6356"}],"wp:attachment":[{"href":"https:\/\/tctmed.com\/es\/wp-json\/wp\/v2\/media?parent=5666"}],"curies":[{"name":"wp","href":"https:\/\/api.w.org\/{rel}","templated":true}]}}