{"id":5669,"date":"2013-01-24T12:39:01","date_gmt":"2013-01-24T18:39:01","guid":{"rendered":"https:\/\/tctmed.com\/las-clinicas-de-terapia-de-reemplazo-de-testosterona-establecen-el-estandar-para-el-tratamiento-de-la-t-baja\/"},"modified":"2022-09-05T09:51:50","modified_gmt":"2022-09-05T14:51:50","slug":"clinicas-de-terapia-de-sustitucion-de-testosterona","status":"publish","type":"page","link":"https:\/\/tctmed.com\/es\/clinicas-de-terapia-de-sustitucion-de-testosterona\/","title":{"rendered":"Las cl\u00ednicas de terapia de reemplazo de testosterona establecen el est\u00e1ndar para el tratamiento de la T baja"},"content":{"rendered":"<p>En TCT, nos gusta decir que estamos \u00abestableciendo el est\u00e1ndar para el tratamiento de niveles bajos de testosterona\u00bb.<\/p>\n<p>\u201c\u00bfEstablecer el est\u00e1ndar en qu\u00e9?\u201d Tu puedes preguntar. Bueno, la respuesta es simple. Testosterone Centers of Texas est\u00e1 marcando la pauta en todo lo que hacemos.<\/p>\n<p>Eso significa algo muy espec\u00edfico. Tiene opciones cuando se trata de elegir entre las cl\u00ednicas de terapia de reemplazo de testosterona disponibles en el \u00e1rea de DFW y al elegir entre <a href=\"https:\/\/tctmed.com\/what-is-low-t\/the-science-of-low-t\/\">las opciones de terapia de reemplazo de testosterona.<\/a><\/p>\n<p>Otras cl\u00ednicas de Terapia de Reemplazo de Testosterona ofrecen cierto nivel de atenci\u00f3n, pero encontrar\u00e1 atenci\u00f3n de mayor calidad en TCT.<\/p>\n<p>Usted se merece algo mejor cuando se trata de su atenci\u00f3n m\u00e9dica, y encontrar\u00e1 exactamente eso en nuestras cl\u00ednicas. Somos una pr\u00e1ctica m\u00e9dica de propiedad y operaci\u00f3n de profesionales m\u00e9dicos, y entendemos y creemos en la importancia de un servicio r\u00e1pido, eficiente y de alta calidad.<\/p>\n<p>No eres solo un n\u00famero aqu\u00ed, y esto no es solo un negocio. Testosterone Centers of Texas se trata de relaciones.<\/p>\n<h2><b>No todas las cl\u00ednicas de terapia de reemplazo de testosterona son iguales<\/b><\/h2>\n<p>Nuestros objetivos son ofrecer la mejor atenci\u00f3n posible y una discusi\u00f3n abierta y hacerlo de la manera m\u00e1s eficiente posible.<\/p>\n<p>Su salud general ser\u00e1 el enfoque principal en Testosterone Centers of Texas, y no tiene que preocuparse de que alguien trabaje a ciegas en solo uno de sus problemas, como podr\u00eda encontrar en otras cl\u00ednicas de terapia de reemplazo de testosterona.<\/p>\n<p>Porque usted valora la relaci\u00f3n paciente-proveedor por encima de todo, nosotros tambi\u00e9n la valoramos.<\/p>\n<p>No encontrar\u00e1 que la \u00e9tica m\u00e9dica se deje de lado por objetivos financieros elevados en Testosterone Centers of Texas.<\/p>\n<p>Cuando ingrese a nuestra cl\u00ednica, encontrar\u00e1 que se ha establecido el est\u00e1ndar, no solo en la terapia Low T, sino en todo lo que abordamos.<\/p>\n<p>Hacemos esto brind\u00e1ndole lo mejor de la ciencia de la terapia de reemplazo de testosterona, administrada por proveedores atentos y expertos que se enfocan en mejorar <i>su<\/i> vida.<\/p>\n<p>\u00a1No te conformes con menos, porque <i>te<\/i> mereces algo mejor!<\/p>\n<p><strong><a class=\"post-button\" href=\"https:\/\/tctmed.com\/es\/contacto-y-baja-clinica-dfw-ubicaciones\/\">Calendarice su consulta gratis hoy.<\/a><\/strong><\/p>\n<p><a class=\"frhzbum\" style=\"display: block; position: relative; overflow: hidden; width: 250px; height: 52px; margin: 0px; padding: 0px;\" title=\"Testosterone Centers of Texas es una cl\u00ednica acreditada por BBB en Frisco, TX\" href=\"https:\/\/www.bbb.org\/dallas\/business-reviews\/clinics\/testosterone-centers-of-texas-in-frisco-tx-90629164#bbbseal\"><img loading=\"lazy\" decoding=\"async\" class=\"alignnone\" style=\"padding: 0px; border: none;\" src=\"https:\/\/seal-dallas.bbb.org\/logo\/frhzbum\/testosterone-centers-of-texas-90629164.png\" alt=\"Testosterone Centers of Texas es una cl\u00ednica acreditada por BBB en Frisco, TX\" width=\"250\" height=\"52\"><\/a><\/p>\n","protected":false},"excerpt":{"rendered":"<p>En TCT, nos gusta decir que estamos \u00abestableciendo el est\u00e1ndar para el tratamiento de niveles bajos de testosterona\u00bb. \u201c\u00bfEstablecer el est\u00e1ndar en qu\u00e9?\u201d Tu puedes preguntar. Bueno, la respuesta es simple. Testosterone Centers of Texas est\u00e1 marcando la pauta en todo lo que hacemos. Eso significa algo muy espec\u00edfico. Tiene opciones cuando se trata de&hellip;<\/p>\n","protected":false},"author":5,"featured_media":0,"parent":0,"menu_order":3,"comment_status":"closed","ping_status":"closed","template":"","meta":{"footnotes":""},"class_list":["post-5669","page","type-page","status-publish","hentry"],"yoast_head":"<!-- This site is optimized with the Yoast SEO plugin v27.5 - https:\/\/yoast.com\/product\/yoast-seo-wordpress\/ -->\n<title>Las cl\u00ednicas de terapia de reemplazo de testosterona establecen el est\u00e1ndar para el tratamiento de la T baja - nombre Testosterone Centers of Texas<\/title>\n<meta name=\"description\" content=\"Nuestras cl\u00ednicas de terapia de reemplazo de testosterona establecen el est\u00e1ndar para el tratamiento de baja T. Haga clic para obtener m\u00e1s informaci\u00f3n sobre nuestras cl\u00ednicas.\" \/>\n<meta name=\"robots\" content=\"index, follow, max-snippet:-1, max-image-preview:large, max-video-preview:-1\" \/>\n<link rel=\"canonical\" href=\"https:\/\/tctmed.com\/es\/clinicas-de-terapia-de-sustitucion-de-testosterona\/\" \/>\n<meta property=\"og:locale\" content=\"es_ES\" \/>\n<meta property=\"og:type\" content=\"article\" \/>\n<meta property=\"og:title\" content=\"Las cl\u00ednicas de terapia de reemplazo de testosterona establecen el est\u00e1ndar para el tratamiento de la T baja - nombre Testosterone Centers of Texas\" \/>\n<meta property=\"og:description\" content=\"Nuestras cl\u00ednicas de terapia de reemplazo de testosterona establecen el est\u00e1ndar para el tratamiento de baja T. Haga clic para obtener m\u00e1s informaci\u00f3n sobre nuestras cl\u00ednicas.\" \/>\n<meta property=\"og:url\" content=\"https:\/\/tctmed.com\/es\/clinicas-de-terapia-de-sustitucion-de-testosterona\/\" \/>\n<meta property=\"og:site_name\" content=\"Testosterone Centers of Texas\" \/>\n<meta property=\"article:publisher\" content=\"https:\/\/www.facebook.com\/TCTmed\" \/>\n<meta property=\"article:modified_time\" content=\"2022-09-05T14:51:50+00:00\" \/>\n<meta property=\"og:image\" content=\"https:\/\/seal-dallas.bbb.org\/logo\/frhzbum\/testosterone-centers-of-texas-90629164.png\" \/>\n<meta name=\"twitter:card\" content=\"summary_large_image\" \/>\n<meta name=\"twitter:site\" content=\"@TCTmed\" \/>\n<meta name=\"twitter:label1\" content=\"Tiempo de lectura\" \/>\n\t<meta name=\"twitter:data1\" content=\"2 minutos\" \/>\n<script type=\"application\/ld+json\" class=\"yoast-schema-graph\">{\"@context\":\"https:\\\/\\\/schema.org\",\"@graph\":[{\"@type\":\"WebPage\",\"@id\":\"https:\\\/\\\/tctmed.com\\\/es\\\/clinicas-de-terapia-de-sustitucion-de-testosterona\\\/\",\"url\":\"https:\\\/\\\/tctmed.com\\\/es\\\/clinicas-de-terapia-de-sustitucion-de-testosterona\\\/\",\"name\":\"Las cl\u00ednicas de terapia de reemplazo de testosterona establecen el est\u00e1ndar para el tratamiento de la T baja - nombre Testosterone Centers of Texas\",\"isPartOf\":{\"@id\":\"https:\\\/\\\/tctmed.com\\\/es\\\/#website\"},\"primaryImageOfPage\":{\"@id\":\"https:\\\/\\\/tctmed.com\\\/es\\\/clinicas-de-terapia-de-sustitucion-de-testosterona\\\/#primaryimage\"},\"image\":{\"@id\":\"https:\\\/\\\/tctmed.com\\\/es\\\/clinicas-de-terapia-de-sustitucion-de-testosterona\\\/#primaryimage\"},\"thumbnailUrl\":\"https:\\\/\\\/seal-dallas.bbb.org\\\/logo\\\/frhzbum\\\/testosterone-centers-of-texas-90629164.png\",\"datePublished\":\"2013-01-24T18:39:01+00:00\",\"dateModified\":\"2022-09-05T14:51:50+00:00\",\"description\":\"Nuestras cl\u00ednicas de terapia de reemplazo de testosterona establecen el est\u00e1ndar para el tratamiento de baja T. Haga clic para obtener m\u00e1s informaci\u00f3n sobre nuestras cl\u00ednicas.\",\"breadcrumb\":{\"@id\":\"https:\\\/\\\/tctmed.com\\\/es\\\/clinicas-de-terapia-de-sustitucion-de-testosterona\\\/#breadcrumb\"},\"inLanguage\":\"es\",\"potentialAction\":[{\"@type\":\"ReadAction\",\"target\":[\"https:\\\/\\\/tctmed.com\\\/es\\\/clinicas-de-terapia-de-sustitucion-de-testosterona\\\/\"]}]},{\"@type\":\"ImageObject\",\"inLanguage\":\"es\",\"@id\":\"https:\\\/\\\/tctmed.com\\\/es\\\/clinicas-de-terapia-de-sustitucion-de-testosterona\\\/#primaryimage\",\"url\":\"https:\\\/\\\/seal-dallas.bbb.org\\\/logo\\\/frhzbum\\\/testosterone-centers-of-texas-90629164.png\",\"contentUrl\":\"https:\\\/\\\/seal-dallas.bbb.org\\\/logo\\\/frhzbum\\\/testosterone-centers-of-texas-90629164.png\"},{\"@type\":\"BreadcrumbList\",\"@id\":\"https:\\\/\\\/tctmed.com\\\/es\\\/clinicas-de-terapia-de-sustitucion-de-testosterona\\\/#breadcrumb\",\"itemListElement\":[{\"@type\":\"ListItem\",\"position\":1,\"name\":\"Home\",\"item\":\"https:\\\/\\\/tctmed.com\\\/es\\\/\"},{\"@type\":\"ListItem\",\"position\":2,\"name\":\"Las cl\u00ednicas de terapia de reemplazo de testosterona establecen el est\u00e1ndar para el tratamiento de la T baja\"}]},{\"@type\":\"WebSite\",\"@id\":\"https:\\\/\\\/tctmed.com\\\/es\\\/#website\",\"url\":\"https:\\\/\\\/tctmed.com\\\/es\\\/\",\"name\":\"Testosterone Centers of Texas\",\"description\":\"Low T treatment from professionals who put you first.\",\"publisher\":{\"@id\":\"https:\\\/\\\/tctmed.com\\\/es\\\/#organization\"},\"potentialAction\":[{\"@type\":\"SearchAction\",\"target\":{\"@type\":\"EntryPoint\",\"urlTemplate\":\"https:\\\/\\\/tctmed.com\\\/es\\\/?s={search_term_string}\"},\"query-input\":{\"@type\":\"PropertyValueSpecification\",\"valueRequired\":true,\"valueName\":\"search_term_string\"}}],\"inLanguage\":\"es\"},{\"@type\":\"Organization\",\"@id\":\"https:\\\/\\\/tctmed.com\\\/es\\\/#organization\",\"name\":\"Testosterone Centers of Texas\",\"url\":\"https:\\\/\\\/tctmed.com\\\/es\\\/\",\"logo\":{\"@type\":\"ImageObject\",\"inLanguage\":\"es\",\"@id\":\"https:\\\/\\\/tctmed.com\\\/es\\\/#\\\/schema\\\/logo\\\/image\\\/\",\"url\":\"https:\\\/\\\/tctmed.com\\\/wp-content\\\/uploads\\\/2017\\\/12\\\/2018-TCT-Logo-V1-spanish_TCT-Color-Logo.png\",\"contentUrl\":\"https:\\\/\\\/tctmed.com\\\/wp-content\\\/uploads\\\/2017\\\/12\\\/2018-TCT-Logo-V1-spanish_TCT-Color-Logo.png\",\"width\":907,\"height\":383,\"caption\":\"Testosterone Centers of Texas\"},\"image\":{\"@id\":\"https:\\\/\\\/tctmed.com\\\/es\\\/#\\\/schema\\\/logo\\\/image\\\/\"},\"sameAs\":[\"https:\\\/\\\/www.facebook.com\\\/TCTmed\",\"https:\\\/\\\/x.com\\\/TCTmed\"]}]}<\/script>\n<!-- \/ Yoast SEO plugin. -->","yoast_head_json":{"title":"Las cl\u00ednicas de terapia de reemplazo de testosterona establecen el est\u00e1ndar para el tratamiento de la T baja - nombre Testosterone Centers of Texas","description":"Nuestras cl\u00ednicas de terapia de reemplazo de testosterona establecen el est\u00e1ndar para el tratamiento de baja T. Haga clic para obtener m\u00e1s informaci\u00f3n sobre nuestras cl\u00ednicas.","robots":{"index":"index","follow":"follow","max-snippet":"max-snippet:-1","max-image-preview":"max-image-preview:large","max-video-preview":"max-video-preview:-1"},"canonical":"https:\/\/tctmed.com\/es\/clinicas-de-terapia-de-sustitucion-de-testosterona\/","og_locale":"es_ES","og_type":"article","og_title":"Las cl\u00ednicas de terapia de reemplazo de testosterona establecen el est\u00e1ndar para el tratamiento de la T baja - nombre Testosterone Centers of Texas","og_description":"Nuestras cl\u00ednicas de terapia de reemplazo de testosterona establecen el est\u00e1ndar para el tratamiento de baja T. Haga clic para obtener m\u00e1s informaci\u00f3n sobre nuestras cl\u00ednicas.","og_url":"https:\/\/tctmed.com\/es\/clinicas-de-terapia-de-sustitucion-de-testosterona\/","og_site_name":"Testosterone Centers of Texas","article_publisher":"https:\/\/www.facebook.com\/TCTmed","article_modified_time":"2022-09-05T14:51:50+00:00","og_image":[{"url":"https:\/\/seal-dallas.bbb.org\/logo\/frhzbum\/testosterone-centers-of-texas-90629164.png","type":"","width":"","height":""}],"twitter_card":"summary_large_image","twitter_site":"@TCTmed","twitter_misc":{"Tiempo de lectura":"2 minutos"},"schema":{"@context":"https:\/\/schema.org","@graph":[{"@type":"WebPage","@id":"https:\/\/tctmed.com\/es\/clinicas-de-terapia-de-sustitucion-de-testosterona\/","url":"https:\/\/tctmed.com\/es\/clinicas-de-terapia-de-sustitucion-de-testosterona\/","name":"Las cl\u00ednicas de terapia de reemplazo de testosterona establecen el est\u00e1ndar para el tratamiento de la T baja - nombre Testosterone Centers of Texas","isPartOf":{"@id":"https:\/\/tctmed.com\/es\/#website"},"primaryImageOfPage":{"@id":"https:\/\/tctmed.com\/es\/clinicas-de-terapia-de-sustitucion-de-testosterona\/#primaryimage"},"image":{"@id":"https:\/\/tctmed.com\/es\/clinicas-de-terapia-de-sustitucion-de-testosterona\/#primaryimage"},"thumbnailUrl":"https:\/\/seal-dallas.bbb.org\/logo\/frhzbum\/testosterone-centers-of-texas-90629164.png","datePublished":"2013-01-24T18:39:01+00:00","dateModified":"2022-09-05T14:51:50+00:00","description":"Nuestras cl\u00ednicas de terapia de reemplazo de testosterona establecen el est\u00e1ndar para el tratamiento de baja T. Haga clic para obtener m\u00e1s informaci\u00f3n sobre nuestras cl\u00ednicas.","breadcrumb":{"@id":"https:\/\/tctmed.com\/es\/clinicas-de-terapia-de-sustitucion-de-testosterona\/#breadcrumb"},"inLanguage":"es","potentialAction":[{"@type":"ReadAction","target":["https:\/\/tctmed.com\/es\/clinicas-de-terapia-de-sustitucion-de-testosterona\/"]}]},{"@type":"ImageObject","inLanguage":"es","@id":"https:\/\/tctmed.com\/es\/clinicas-de-terapia-de-sustitucion-de-testosterona\/#primaryimage","url":"https:\/\/seal-dallas.bbb.org\/logo\/frhzbum\/testosterone-centers-of-texas-90629164.png","contentUrl":"https:\/\/seal-dallas.bbb.org\/logo\/frhzbum\/testosterone-centers-of-texas-90629164.png"},{"@type":"BreadcrumbList","@id":"https:\/\/tctmed.com\/es\/clinicas-de-terapia-de-sustitucion-de-testosterona\/#breadcrumb","itemListElement":[{"@type":"ListItem","position":1,"name":"Home","item":"https:\/\/tctmed.com\/es\/"},{"@type":"ListItem","position":2,"name":"Las cl\u00ednicas de terapia de reemplazo de testosterona establecen el est\u00e1ndar para el tratamiento de la T baja"}]},{"@type":"WebSite","@id":"https:\/\/tctmed.com\/es\/#website","url":"https:\/\/tctmed.com\/es\/","name":"Testosterone Centers of Texas","description":"Low T treatment from professionals who put you first.","publisher":{"@id":"https:\/\/tctmed.com\/es\/#organization"},"potentialAction":[{"@type":"SearchAction","target":{"@type":"EntryPoint","urlTemplate":"https:\/\/tctmed.com\/es\/?s={search_term_string}"},"query-input":{"@type":"PropertyValueSpecification","valueRequired":true,"valueName":"search_term_string"}}],"inLanguage":"es"},{"@type":"Organization","@id":"https:\/\/tctmed.com\/es\/#organization","name":"Testosterone Centers of Texas","url":"https:\/\/tctmed.com\/es\/","logo":{"@type":"ImageObject","inLanguage":"es","@id":"https:\/\/tctmed.com\/es\/#\/schema\/logo\/image\/","url":"https:\/\/tctmed.com\/wp-content\/uploads\/2017\/12\/2018-TCT-Logo-V1-spanish_TCT-Color-Logo.png","contentUrl":"https:\/\/tctmed.com\/wp-content\/uploads\/2017\/12\/2018-TCT-Logo-V1-spanish_TCT-Color-Logo.png","width":907,"height":383,"caption":"Testosterone Centers of Texas"},"image":{"@id":"https:\/\/tctmed.com\/es\/#\/schema\/logo\/image\/"},"sameAs":["https:\/\/www.facebook.com\/TCTmed","https:\/\/x.com\/TCTmed"]}]}},"jetpack_sharing_enabled":true,"amp_enabled":true,"_links":{"self":[{"href":"https:\/\/tctmed.com\/es\/wp-json\/wp\/v2\/pages\/5669","targetHints":{"allow":["GET"]}}],"collection":[{"href":"https:\/\/tctmed.com\/es\/wp-json\/wp\/v2\/pages"}],"about":[{"href":"https:\/\/tctmed.com\/es\/wp-json\/wp\/v2\/types\/page"}],"author":[{"embeddable":true,"href":"https:\/\/tctmed.com\/es\/wp-json\/wp\/v2\/users\/5"}],"replies":[{"embeddable":true,"href":"https:\/\/tctmed.com\/es\/wp-json\/wp\/v2\/comments?post=5669"}],"version-history":[{"count":1,"href":"https:\/\/tctmed.com\/es\/wp-json\/wp\/v2\/pages\/5669\/revisions"}],"predecessor-version":[{"id":5759,"href":"https:\/\/tctmed.com\/es\/wp-json\/wp\/v2\/pages\/5669\/revisions\/5759"}],"wp:attachment":[{"href":"https:\/\/tctmed.com\/es\/wp-json\/wp\/v2\/media?parent=5669"}],"curies":[{"name":"wp","href":"https:\/\/api.w.org\/{rel}","templated":true}]}}