{"id":5689,"date":"2018-01-10T13:48:49","date_gmt":"2018-01-10T19:48:49","guid":{"rendered":"https:\/\/tctmed.com\/servicios\/"},"modified":"2018-01-10T13:48:49","modified_gmt":"2018-01-10T19:48:49","slug":"servicios","status":"publish","type":"page","link":"https:\/\/tctmed.com\/es\/servicios\/","title":{"rendered":"Servicios"},"content":{"rendered":"<p>En Testosterone Centers of Texas, aunque nos centramos en la terapia de reemplazo de testosterona (terapia de baja T) para los hombres, tambi\u00e9n ofrecemos un conjunto de servicios para las mujeres.<\/p>\n<p>En la ra\u00edz de por qu\u00e9 hacemos lo que hacemos hay una filosof\u00eda sencilla: Queremos ayudarte a que vuelvas a sentirte t\u00fa mismo, sea cual sea tu sexo. Si tus hormonas est\u00e1n desequilibradas y tienes problemas, queremos ayudarte a corregir el problema, si podemos.<\/p>\n<p>Para la mayor\u00eda de los hombres, eso significa terapia de reemplazo de testosterona, pero tambi\u00e9n podr\u00eda significar la suplementaci\u00f3n con hCG. Para la mayor\u00eda de las mujeres, esto significa una terapia de sustituci\u00f3n de estr\u00f3genos, pero tambi\u00e9n podr\u00eda significar un suplemento de testosterona.<\/p>\n<p>Hemos aprendido a lo largo de cientos de miles de encuentros con pacientes y d\u00e9cadas de experiencia cl\u00ednica combinada que no hay una soluci\u00f3n \u00fanica para el desequilibrio hormonal.<\/p>\n<p>Si tiene problemas, p\u00f3ngase en contacto con nosotros hoy mismo para una consulta gratuita. Hablaremos de sus s\u00edntomas y le haremos un an\u00e1lisis de sangre de bajo coste para poder determinar lo que ocurre exactamente y ver si podemos ayudarle.<\/p>\n<p>Haga clic para empezar, o despl\u00e1cese para ver los servicios espec\u00edficos para su sexo.<\/p>\n<p><a href=\"https:\/\/tctmed.com\/original-25-t-test\/\">Obtenga una consulta gratuita<\/a><\/p>\n<h2>Terapia de baja T (terapia de reemplazo de testosterona) y otros servicios para hombres<\/h2>\n<p>La terapia de baja T es s\u00f3lo el principio. Ofrecemos un conjunto completo de servicios de Terapia de Reemplazo Hormonal para hombres para ayudarle a sentirse de nuevo como usted mismo.<\/p>\n<p><a class=\"post-button\" href=\"https:\/\/tctmed.com\/es\/servicios\/trt-for-low-t-in-men\/\" target=\"_blank\" rel=\"noopener noreferrer\">M\u00e1s informaci\u00f3n sobre la TRT para hombres<\/a><\/p>\n<p>&nbsp;<\/p>\n<p><a class=\"post-button\" href=\"https:\/\/tctmed.com\/es\/servicios\/trt-for-low-t-in-men\/tratamiento-ed\/\" target=\"_blank\" rel=\"noopener noreferrer\">M\u00e1s informaci\u00f3n sobre el tratamiento de la disfunci\u00f3n er\u00e9ctil<\/a><\/p>\n<p>&nbsp;<\/p>\n<p><a class=\"post-button\" href=\"https:\/\/tctmed.com\/es\/servicios\/hipotiroidismo-en-los-hombres\/\" target=\"_blank\" rel=\"noopener noreferrer\">M\u00e1s informaci\u00f3n sobre el tratamiento del hipotiroidismo en los hombres<\/a><\/p>\n<h2>Terapia de sustituci\u00f3n de testosterona, terapia de sustituci\u00f3n de estr\u00f3genos y otros servicios para mujeres<\/h2>\n<p>La TRT no es s\u00f3lo para hombres: muchas mujeres sufren desequilibrios hormonales que s\u00f3lo pueden corregirse adecuadamente con la adici\u00f3n de testosterona y otras hormonas a la terapia. Haga clic para obtener m\u00e1s informaci\u00f3n sobre los servicios disponibles para las mujeres en Testosterone Centers of Texas.<\/p>\n<p><a class=\"post-button\" href=\"https:\/\/tctmed.com\/es\/servicios\/trt-para-mujeres-bajas\/\" target=\"_blank\" rel=\"noopener noreferrer\">M\u00e1s informaci\u00f3n sobre la TRT para mujeres<\/a><\/p>\n<p>&nbsp;<\/p>\n<p><a class=\"post-button\" href=\"https:\/\/tctmed.com\/es\/servicios\/trt-para-mujeres-bajas\/terapia-de-sustitucion-de-estrogenos\/\" target=\"_blank\" rel=\"noopener noreferrer\">M\u00e1s informaci\u00f3n sobre la terapia de estr\u00f3genos para mujeres<\/a><\/p>\n","protected":false},"excerpt":{"rendered":"<p>En Testosterone Centers of Texas, aunque nos centramos en la terapia de reemplazo de testosterona (terapia de baja T) para los hombres, tambi\u00e9n ofrecemos un conjunto de servicios para las mujeres. En la ra\u00edz de por qu\u00e9 hacemos lo que hacemos hay una filosof\u00eda sencilla: Queremos ayudarte a que vuelvas a sentirte t\u00fa mismo, sea&hellip;<\/p>\n","protected":false},"author":3,"featured_media":0,"parent":0,"menu_order":8,"comment_status":"closed","ping_status":"closed","template":"","meta":{"footnotes":""},"class_list":["post-5689","page","type-page","status-publish","hentry"],"yoast_head":"<!-- This site is optimized with the Yoast SEO plugin v27.1.1 - https:\/\/yoast.com\/product\/yoast-seo-wordpress\/ -->\n<title>Servicios<\/title>\n<meta name=\"robots\" content=\"index, follow, max-snippet:-1, max-image-preview:large, max-video-preview:-1\" \/>\n<link rel=\"canonical\" href=\"https:\/\/tctmed.com\/es\/servicios\/\" \/>\n<meta property=\"og:locale\" content=\"es_ES\" \/>\n<meta property=\"og:type\" content=\"article\" \/>\n<meta property=\"og:title\" content=\"Servicios\" \/>\n<meta property=\"og:description\" content=\"En Testosterone Centers of Texas, aunque nos centramos en la terapia de reemplazo de testosterona (terapia de baja T) para los hombres, tambi\u00e9n ofrecemos un conjunto de servicios para las mujeres. En la ra\u00edz de por qu\u00e9 hacemos lo que hacemos hay una filosof\u00eda sencilla: Queremos ayudarte a que vuelvas a sentirte t\u00fa mismo, sea&hellip;\" \/>\n<meta property=\"og:url\" content=\"https:\/\/tctmed.com\/es\/servicios\/\" \/>\n<meta property=\"og:site_name\" content=\"Testosterone Centers of Texas\" \/>\n<meta property=\"article:publisher\" content=\"https:\/\/www.facebook.com\/TCTmed\" \/>\n<meta property=\"og:image\" content=\"https:\/\/tctmed.com\/wp-content\/uploads\/2017\/12\/2018-TCT-Logo-V1-spanish_TCT-Color-Logo.png\" \/>\n\t<meta property=\"og:image:width\" content=\"907\" \/>\n\t<meta property=\"og:image:height\" content=\"383\" \/>\n\t<meta property=\"og:image:type\" content=\"image\/png\" \/>\n<meta name=\"twitter:card\" content=\"summary_large_image\" \/>\n<meta name=\"twitter:site\" content=\"@TCTmed\" \/>\n<meta name=\"twitter:label1\" content=\"Tiempo de lectura\" \/>\n\t<meta name=\"twitter:data1\" content=\"2 minutos\" \/>\n<script type=\"application\/ld+json\" class=\"yoast-schema-graph\">{\"@context\":\"https:\/\/schema.org\",\"@graph\":[{\"@type\":\"WebPage\",\"@id\":\"https:\/\/tctmed.com\/es\/servicios\/\",\"url\":\"https:\/\/tctmed.com\/es\/servicios\/\",\"name\":\"Servicios\",\"isPartOf\":{\"@id\":\"https:\/\/tctmed.com\/es\/#website\"},\"datePublished\":\"2018-01-10T19:48:49+00:00\",\"breadcrumb\":{\"@id\":\"https:\/\/tctmed.com\/es\/servicios\/#breadcrumb\"},\"inLanguage\":\"es\",\"potentialAction\":[{\"@type\":\"ReadAction\",\"target\":[\"https:\/\/tctmed.com\/es\/servicios\/\"]}]},{\"@type\":\"BreadcrumbList\",\"@id\":\"https:\/\/tctmed.com\/es\/servicios\/#breadcrumb\",\"itemListElement\":[{\"@type\":\"ListItem\",\"position\":1,\"name\":\"Home\",\"item\":\"https:\/\/tctmed.com\/es\/\"},{\"@type\":\"ListItem\",\"position\":2,\"name\":\"Servicios\"}]},{\"@type\":\"WebSite\",\"@id\":\"https:\/\/tctmed.com\/es\/#website\",\"url\":\"https:\/\/tctmed.com\/es\/\",\"name\":\"Testosterone Centers of Texas\",\"description\":\"Low T treatment from professionals who put you first.\",\"publisher\":{\"@id\":\"https:\/\/tctmed.com\/es\/#organization\"},\"potentialAction\":[{\"@type\":\"SearchAction\",\"target\":{\"@type\":\"EntryPoint\",\"urlTemplate\":\"https:\/\/tctmed.com\/es\/?s={search_term_string}\"},\"query-input\":{\"@type\":\"PropertyValueSpecification\",\"valueRequired\":true,\"valueName\":\"search_term_string\"}}],\"inLanguage\":\"es\"},{\"@type\":\"Organization\",\"@id\":\"https:\/\/tctmed.com\/es\/#organization\",\"name\":\"Testosterone Centers of Texas\",\"url\":\"https:\/\/tctmed.com\/es\/\",\"logo\":{\"@type\":\"ImageObject\",\"inLanguage\":\"es\",\"@id\":\"https:\/\/tctmed.com\/es\/#\/schema\/logo\/image\/\",\"url\":\"https:\/\/tctmed.com\/wp-content\/uploads\/2017\/12\/2018-TCT-Logo-V1-spanish_TCT-Color-Logo.png\",\"contentUrl\":\"https:\/\/tctmed.com\/wp-content\/uploads\/2017\/12\/2018-TCT-Logo-V1-spanish_TCT-Color-Logo.png\",\"width\":907,\"height\":383,\"caption\":\"Testosterone Centers of Texas\"},\"image\":{\"@id\":\"https:\/\/tctmed.com\/es\/#\/schema\/logo\/image\/\"},\"sameAs\":[\"https:\/\/www.facebook.com\/TCTmed\",\"https:\/\/x.com\/TCTmed\"]}]}<\/script>\n<!-- \/ Yoast SEO plugin. -->","yoast_head_json":{"title":"Servicios","robots":{"index":"index","follow":"follow","max-snippet":"max-snippet:-1","max-image-preview":"max-image-preview:large","max-video-preview":"max-video-preview:-1"},"canonical":"https:\/\/tctmed.com\/es\/servicios\/","og_locale":"es_ES","og_type":"article","og_title":"Servicios","og_description":"En Testosterone Centers of Texas, aunque nos centramos en la terapia de reemplazo de testosterona (terapia de baja T) para los hombres, tambi\u00e9n ofrecemos un conjunto de servicios para las mujeres. En la ra\u00edz de por qu\u00e9 hacemos lo que hacemos hay una filosof\u00eda sencilla: Queremos ayudarte a que vuelvas a sentirte t\u00fa mismo, sea&hellip;","og_url":"https:\/\/tctmed.com\/es\/servicios\/","og_site_name":"Testosterone Centers of Texas","article_publisher":"https:\/\/www.facebook.com\/TCTmed","og_image":[{"width":907,"height":383,"url":"https:\/\/tctmed.com\/wp-content\/uploads\/2017\/12\/2018-TCT-Logo-V1-spanish_TCT-Color-Logo.png","type":"image\/png"}],"twitter_card":"summary_large_image","twitter_site":"@TCTmed","twitter_misc":{"Tiempo de lectura":"2 minutos"},"schema":{"@context":"https:\/\/schema.org","@graph":[{"@type":"WebPage","@id":"https:\/\/tctmed.com\/es\/servicios\/","url":"https:\/\/tctmed.com\/es\/servicios\/","name":"Servicios","isPartOf":{"@id":"https:\/\/tctmed.com\/es\/#website"},"datePublished":"2018-01-10T19:48:49+00:00","breadcrumb":{"@id":"https:\/\/tctmed.com\/es\/servicios\/#breadcrumb"},"inLanguage":"es","potentialAction":[{"@type":"ReadAction","target":["https:\/\/tctmed.com\/es\/servicios\/"]}]},{"@type":"BreadcrumbList","@id":"https:\/\/tctmed.com\/es\/servicios\/#breadcrumb","itemListElement":[{"@type":"ListItem","position":1,"name":"Home","item":"https:\/\/tctmed.com\/es\/"},{"@type":"ListItem","position":2,"name":"Servicios"}]},{"@type":"WebSite","@id":"https:\/\/tctmed.com\/es\/#website","url":"https:\/\/tctmed.com\/es\/","name":"Testosterone Centers of Texas","description":"Low T treatment from professionals who put you first.","publisher":{"@id":"https:\/\/tctmed.com\/es\/#organization"},"potentialAction":[{"@type":"SearchAction","target":{"@type":"EntryPoint","urlTemplate":"https:\/\/tctmed.com\/es\/?s={search_term_string}"},"query-input":{"@type":"PropertyValueSpecification","valueRequired":true,"valueName":"search_term_string"}}],"inLanguage":"es"},{"@type":"Organization","@id":"https:\/\/tctmed.com\/es\/#organization","name":"Testosterone Centers of Texas","url":"https:\/\/tctmed.com\/es\/","logo":{"@type":"ImageObject","inLanguage":"es","@id":"https:\/\/tctmed.com\/es\/#\/schema\/logo\/image\/","url":"https:\/\/tctmed.com\/wp-content\/uploads\/2017\/12\/2018-TCT-Logo-V1-spanish_TCT-Color-Logo.png","contentUrl":"https:\/\/tctmed.com\/wp-content\/uploads\/2017\/12\/2018-TCT-Logo-V1-spanish_TCT-Color-Logo.png","width":907,"height":383,"caption":"Testosterone Centers of Texas"},"image":{"@id":"https:\/\/tctmed.com\/es\/#\/schema\/logo\/image\/"},"sameAs":["https:\/\/www.facebook.com\/TCTmed","https:\/\/x.com\/TCTmed"]}]}},"jetpack_sharing_enabled":true,"amp_enabled":true,"_links":{"self":[{"href":"https:\/\/tctmed.com\/es\/wp-json\/wp\/v2\/pages\/5689","targetHints":{"allow":["GET"]}}],"collection":[{"href":"https:\/\/tctmed.com\/es\/wp-json\/wp\/v2\/pages"}],"about":[{"href":"https:\/\/tctmed.com\/es\/wp-json\/wp\/v2\/types\/page"}],"author":[{"embeddable":true,"href":"https:\/\/tctmed.com\/es\/wp-json\/wp\/v2\/users\/3"}],"replies":[{"embeddable":true,"href":"https:\/\/tctmed.com\/es\/wp-json\/wp\/v2\/comments?post=5689"}],"version-history":[{"count":0,"href":"https:\/\/tctmed.com\/es\/wp-json\/wp\/v2\/pages\/5689\/revisions"}],"wp:attachment":[{"href":"https:\/\/tctmed.com\/es\/wp-json\/wp\/v2\/media?parent=5689"}],"curies":[{"name":"wp","href":"https:\/\/api.w.org\/{rel}","templated":true}]}}