{"id":5795,"date":"2015-08-18T11:31:21","date_gmt":"2015-08-18T16:31:21","guid":{"rendered":"https:\/\/tctmed.com\/gracias-por-ponerse-en-contacto-con-nosotros-consulta-gratuita\/"},"modified":"2015-08-18T11:31:21","modified_gmt":"2015-08-18T16:31:21","slug":"gracias-por-ponerse-en-contacto-con-nosotros-consulta-gratuita","status":"publish","type":"page","link":"https:\/\/tctmed.com\/es\/gracias\/gracias-por-ponerse-en-contacto-con-nosotros-consulta-gratuita\/","title":{"rendered":"Gracias por ponerse en contacto con nosotros."},"content":{"rendered":"<p>Gracias por rellenar el formulario.<\/p>\n<p>En los Centros de Testosterona de Texas siempre trabajaremos duro para proporcionar un servicio superior que pone el cuidado s\u00f3lido del paciente por encima de una larga lista de prioridades, manteniendo nuestros est\u00e1ndares altos.<\/p>\n<p>Con TCT, usted recibe una atenci\u00f3n personalizada que mejora su calidad de vida sin sacrificar su salud general, y todo ello de una manera eficiente y \u00e1gil.<\/p>\n<div class=\"entry-content\">\n<p>Nos pondremos en contacto con usted en breve. Estamos deseando hablar con usted.<\/p>\n<\/div>\n","protected":false},"excerpt":{"rendered":"<p>Gracias por rellenar el formulario. En los Centros de Testosterona de Texas siempre trabajaremos duro para proporcionar un servicio superior que pone el cuidado s\u00f3lido del paciente por encima de una larga lista de prioridades, manteniendo nuestros est\u00e1ndares altos. Con TCT, usted recibe una atenci\u00f3n personalizada que mejora su calidad de vida sin sacrificar su&hellip;<\/p>\n","protected":false},"author":8,"featured_media":0,"parent":5822,"menu_order":0,"comment_status":"open","ping_status":"closed","template":"","meta":{"footnotes":""},"class_list":["post-5795","page","type-page","status-publish","hentry"],"yoast_head":"<!-- This site is optimized with the Yoast SEO plugin v27.5 - https:\/\/yoast.com\/product\/yoast-seo-wordpress\/ -->\n<title>Gracias por ponerse en contacto con nosotros.<\/title>\n<meta name=\"robots\" content=\"noindex, nofollow\" \/>\n<meta property=\"og:locale\" content=\"es_ES\" \/>\n<meta property=\"og:type\" content=\"article\" \/>\n<meta property=\"og:title\" content=\"Gracias por ponerse en contacto con nosotros.\" \/>\n<meta property=\"og:description\" content=\"Gracias por rellenar el formulario. En los Centros de Testosterona de Texas siempre trabajaremos duro para proporcionar un servicio superior que pone el cuidado s\u00f3lido del paciente por encima de una larga lista de prioridades, manteniendo nuestros est\u00e1ndares altos. Con TCT, usted recibe una atenci\u00f3n personalizada que mejora su calidad de vida sin sacrificar su&hellip;\" \/>\n<meta property=\"og:url\" content=\"https:\/\/tctmed.com\/es\/gracias\/gracias-por-ponerse-en-contacto-con-nosotros-consulta-gratuita\/\" \/>\n<meta property=\"og:site_name\" content=\"Testosterone Centers of Texas\" \/>\n<meta property=\"article:publisher\" content=\"https:\/\/www.facebook.com\/TCTmed\" \/>\n<meta property=\"og:image\" content=\"https:\/\/tctmed.com\/wp-content\/uploads\/2017\/12\/2018-TCT-Logo-V1-spanish_TCT-Color-Logo.png\" \/>\n\t<meta property=\"og:image:width\" content=\"907\" \/>\n\t<meta property=\"og:image:height\" content=\"383\" \/>\n\t<meta property=\"og:image:type\" content=\"image\/png\" \/>\n<meta name=\"twitter:card\" content=\"summary_large_image\" \/>\n<meta name=\"twitter:site\" content=\"@TCTmed\" \/>\n<script type=\"application\/ld+json\" class=\"yoast-schema-graph\">{\"@context\":\"https:\\\/\\\/schema.org\",\"@graph\":[{\"@type\":\"WebPage\",\"@id\":\"https:\\\/\\\/tctmed.com\\\/es\\\/gracias\\\/gracias-por-ponerse-en-contacto-con-nosotros-consulta-gratuita\\\/\",\"url\":\"https:\\\/\\\/tctmed.com\\\/es\\\/gracias\\\/gracias-por-ponerse-en-contacto-con-nosotros-consulta-gratuita\\\/\",\"name\":\"Gracias por ponerse en contacto con nosotros.\",\"isPartOf\":{\"@id\":\"https:\\\/\\\/tctmed.com\\\/es\\\/#website\"},\"datePublished\":\"2015-08-18T16:31:21+00:00\",\"breadcrumb\":{\"@id\":\"https:\\\/\\\/tctmed.com\\\/es\\\/gracias\\\/gracias-por-ponerse-en-contacto-con-nosotros-consulta-gratuita\\\/#breadcrumb\"},\"inLanguage\":\"es\",\"potentialAction\":[{\"@type\":\"ReadAction\",\"target\":[\"https:\\\/\\\/tctmed.com\\\/es\\\/gracias\\\/gracias-por-ponerse-en-contacto-con-nosotros-consulta-gratuita\\\/\"]}]},{\"@type\":\"BreadcrumbList\",\"@id\":\"https:\\\/\\\/tctmed.com\\\/es\\\/gracias\\\/gracias-por-ponerse-en-contacto-con-nosotros-consulta-gratuita\\\/#breadcrumb\",\"itemListElement\":[{\"@type\":\"ListItem\",\"position\":1,\"name\":\"Home\",\"item\":\"https:\\\/\\\/tctmed.com\\\/es\\\/\"},{\"@type\":\"ListItem\",\"position\":2,\"name\":\"Gracias por ponerse en contacto con nosotros.\"}]},{\"@type\":\"WebSite\",\"@id\":\"https:\\\/\\\/tctmed.com\\\/es\\\/#website\",\"url\":\"https:\\\/\\\/tctmed.com\\\/es\\\/\",\"name\":\"Testosterone Centers of Texas\",\"description\":\"Low T treatment from professionals who put you first.\",\"publisher\":{\"@id\":\"https:\\\/\\\/tctmed.com\\\/es\\\/#organization\"},\"potentialAction\":[{\"@type\":\"SearchAction\",\"target\":{\"@type\":\"EntryPoint\",\"urlTemplate\":\"https:\\\/\\\/tctmed.com\\\/es\\\/?s={search_term_string}\"},\"query-input\":{\"@type\":\"PropertyValueSpecification\",\"valueRequired\":true,\"valueName\":\"search_term_string\"}}],\"inLanguage\":\"es\"},{\"@type\":\"Organization\",\"@id\":\"https:\\\/\\\/tctmed.com\\\/es\\\/#organization\",\"name\":\"Testosterone Centers of Texas\",\"url\":\"https:\\\/\\\/tctmed.com\\\/es\\\/\",\"logo\":{\"@type\":\"ImageObject\",\"inLanguage\":\"es\",\"@id\":\"https:\\\/\\\/tctmed.com\\\/es\\\/#\\\/schema\\\/logo\\\/image\\\/\",\"url\":\"https:\\\/\\\/tctmed.com\\\/wp-content\\\/uploads\\\/2017\\\/12\\\/2018-TCT-Logo-V1-spanish_TCT-Color-Logo.png\",\"contentUrl\":\"https:\\\/\\\/tctmed.com\\\/wp-content\\\/uploads\\\/2017\\\/12\\\/2018-TCT-Logo-V1-spanish_TCT-Color-Logo.png\",\"width\":907,\"height\":383,\"caption\":\"Testosterone Centers of Texas\"},\"image\":{\"@id\":\"https:\\\/\\\/tctmed.com\\\/es\\\/#\\\/schema\\\/logo\\\/image\\\/\"},\"sameAs\":[\"https:\\\/\\\/www.facebook.com\\\/TCTmed\",\"https:\\\/\\\/x.com\\\/TCTmed\"]}]}<\/script>\n<!-- \/ Yoast SEO plugin. -->","yoast_head_json":{"title":"Gracias por ponerse en contacto con nosotros.","robots":{"index":"noindex","follow":"nofollow"},"og_locale":"es_ES","og_type":"article","og_title":"Gracias por ponerse en contacto con nosotros.","og_description":"Gracias por rellenar el formulario. En los Centros de Testosterona de Texas siempre trabajaremos duro para proporcionar un servicio superior que pone el cuidado s\u00f3lido del paciente por encima de una larga lista de prioridades, manteniendo nuestros est\u00e1ndares altos. Con TCT, usted recibe una atenci\u00f3n personalizada que mejora su calidad de vida sin sacrificar su&hellip;","og_url":"https:\/\/tctmed.com\/es\/gracias\/gracias-por-ponerse-en-contacto-con-nosotros-consulta-gratuita\/","og_site_name":"Testosterone Centers of Texas","article_publisher":"https:\/\/www.facebook.com\/TCTmed","og_image":[{"width":907,"height":383,"url":"https:\/\/tctmed.com\/wp-content\/uploads\/2017\/12\/2018-TCT-Logo-V1-spanish_TCT-Color-Logo.png","type":"image\/png"}],"twitter_card":"summary_large_image","twitter_site":"@TCTmed","schema":{"@context":"https:\/\/schema.org","@graph":[{"@type":"WebPage","@id":"https:\/\/tctmed.com\/es\/gracias\/gracias-por-ponerse-en-contacto-con-nosotros-consulta-gratuita\/","url":"https:\/\/tctmed.com\/es\/gracias\/gracias-por-ponerse-en-contacto-con-nosotros-consulta-gratuita\/","name":"Gracias por ponerse en contacto con nosotros.","isPartOf":{"@id":"https:\/\/tctmed.com\/es\/#website"},"datePublished":"2015-08-18T16:31:21+00:00","breadcrumb":{"@id":"https:\/\/tctmed.com\/es\/gracias\/gracias-por-ponerse-en-contacto-con-nosotros-consulta-gratuita\/#breadcrumb"},"inLanguage":"es","potentialAction":[{"@type":"ReadAction","target":["https:\/\/tctmed.com\/es\/gracias\/gracias-por-ponerse-en-contacto-con-nosotros-consulta-gratuita\/"]}]},{"@type":"BreadcrumbList","@id":"https:\/\/tctmed.com\/es\/gracias\/gracias-por-ponerse-en-contacto-con-nosotros-consulta-gratuita\/#breadcrumb","itemListElement":[{"@type":"ListItem","position":1,"name":"Home","item":"https:\/\/tctmed.com\/es\/"},{"@type":"ListItem","position":2,"name":"Gracias por ponerse en contacto con nosotros."}]},{"@type":"WebSite","@id":"https:\/\/tctmed.com\/es\/#website","url":"https:\/\/tctmed.com\/es\/","name":"Testosterone Centers of Texas","description":"Low T treatment from professionals who put you first.","publisher":{"@id":"https:\/\/tctmed.com\/es\/#organization"},"potentialAction":[{"@type":"SearchAction","target":{"@type":"EntryPoint","urlTemplate":"https:\/\/tctmed.com\/es\/?s={search_term_string}"},"query-input":{"@type":"PropertyValueSpecification","valueRequired":true,"valueName":"search_term_string"}}],"inLanguage":"es"},{"@type":"Organization","@id":"https:\/\/tctmed.com\/es\/#organization","name":"Testosterone Centers of Texas","url":"https:\/\/tctmed.com\/es\/","logo":{"@type":"ImageObject","inLanguage":"es","@id":"https:\/\/tctmed.com\/es\/#\/schema\/logo\/image\/","url":"https:\/\/tctmed.com\/wp-content\/uploads\/2017\/12\/2018-TCT-Logo-V1-spanish_TCT-Color-Logo.png","contentUrl":"https:\/\/tctmed.com\/wp-content\/uploads\/2017\/12\/2018-TCT-Logo-V1-spanish_TCT-Color-Logo.png","width":907,"height":383,"caption":"Testosterone Centers of Texas"},"image":{"@id":"https:\/\/tctmed.com\/es\/#\/schema\/logo\/image\/"},"sameAs":["https:\/\/www.facebook.com\/TCTmed","https:\/\/x.com\/TCTmed"]}]}},"jetpack_sharing_enabled":true,"amp_enabled":true,"_links":{"self":[{"href":"https:\/\/tctmed.com\/es\/wp-json\/wp\/v2\/pages\/5795","targetHints":{"allow":["GET"]}}],"collection":[{"href":"https:\/\/tctmed.com\/es\/wp-json\/wp\/v2\/pages"}],"about":[{"href":"https:\/\/tctmed.com\/es\/wp-json\/wp\/v2\/types\/page"}],"author":[{"embeddable":true,"href":"https:\/\/tctmed.com\/es\/wp-json\/wp\/v2\/users\/8"}],"replies":[{"embeddable":true,"href":"https:\/\/tctmed.com\/es\/wp-json\/wp\/v2\/comments?post=5795"}],"version-history":[{"count":0,"href":"https:\/\/tctmed.com\/es\/wp-json\/wp\/v2\/pages\/5795\/revisions"}],"up":[{"embeddable":true,"href":"https:\/\/tctmed.com\/es\/wp-json\/wp\/v2\/pages\/5822"}],"wp:attachment":[{"href":"https:\/\/tctmed.com\/es\/wp-json\/wp\/v2\/media?parent=5795"}],"curies":[{"name":"wp","href":"https:\/\/api.w.org\/{rel}","templated":true}]}}