{"id":5801,"date":"2015-08-11T15:19:31","date_gmt":"2015-08-11T20:19:31","guid":{"rendered":"https:\/\/tctmed.com\/terapia-de-sustitucion-de-estrogenos\/"},"modified":"2015-08-11T15:19:31","modified_gmt":"2015-08-11T20:19:31","slug":"terapia-de-sustitucion-de-estrogenos","status":"publish","type":"page","link":"https:\/\/tctmed.com\/es\/servicios\/trt-para-mujeres-bajas\/terapia-de-sustitucion-de-estrogenos\/","title":{"rendered":"Terapia de sustituci\u00f3n de estr\u00f3genos"},"content":{"rendered":"<p>La terapia de sustituci\u00f3n de estr\u00f3genos y la terapia de progesterona est\u00e1n disponibles para las mujeres en nuestras tres cl\u00ednicas.<\/p>\n<p><img loading=\"lazy\" decoding=\"async\" class=\"aligncenter size-full wp-image-2537\" src=\"https:\/\/tctmed.com\/wp-content\/uploads\/2015\/08\/estrogen-replacement-therapy.jpg\" alt=\"terapia de sustituci\u00f3n de estr\u00f3genos\" width=\"500\" height=\"340\" srcset=\"https:\/\/tctmed.com\/wp-content\/uploads\/2015\/08\/estrogen-replacement-therapy.jpg 500w, https:\/\/tctmed.com\/wp-content\/uploads\/2015\/08\/estrogen-replacement-therapy-300x204.jpg 300w\" sizes=\"auto, (max-width: 500px) 100vw, 500px\" \/><\/p>\n<p>Muchas mujeres descubren que la terapia de sustituci\u00f3n de estr\u00f3genos, cuando se combina con la progesterona (y, en muchos casos, con la testosterona) puede reducir o eliminar una serie de s\u00edntomas asociados a diversas enfermedades.<\/p>\n<p>La raz\u00f3n m\u00e1s com\u00fan por la que las mujeres acuden a nuestra cl\u00ednica en busca de una terapia de sustituci\u00f3n de estr\u00f3genos es que sufren los s\u00edntomas de la menopausia o la perimenopausia.<\/p>\n<div class=\"lyte-wrapper\" style=\"width:420px;max-width:100%;margin:5px;\"><div class=\"lyMe\" id=\"WYL_Cc53SLihOgI\"><div id=\"lyte_Cc53SLihOgI\" data-src=\"\/\/i.ytimg.com\/vi\/Cc53SLihOgI\/hqdefault.jpg\" class=\"pL\"><div class=\"tC\"><div class=\"tT\"><\/div><\/div><div class=\"play\"><\/div><div class=\"ctrl\"><div class=\"Lctrl\"><\/div><div class=\"Rctrl\"><\/div><\/div><\/div><noscript><a href=\"https:\/\/youtu.be\/Cc53SLihOgI\" rel=\"nofollow\"><img loading=\"lazy\" decoding=\"async\" src=\"https:\/\/i.ytimg.com\/vi\/Cc53SLihOgI\/0.jpg\" alt=\"YouTube video thumbnail\" width=\"420\" height=\"216\" \/><br \/>Ver este v\u00eddeo en YouTube<\/a><\/noscript><\/div><\/div><div class=\"lL\" style=\"max-width:100%;width:420px;margin:5px;\"><\/div><\/p>\n<p>Sin embargo, los s\u00edntomas de la deficiencia de estr\u00f3genos, progesterona y testosterona pueden empezar a aparecer mucho antes de la edad media de la menopausia.<\/p>\n<p>Cuando recomendamos la terapia de sustituci\u00f3n de estr\u00f3genos, la terapia de progesterona o la terapia de testosterona a nuestras pacientes, no nos centramos \u00fanicamente en alcanzar unos niveles predefinidos de hormonas.<\/p>\n<p>En cambio, trabajamos para devolver esos niveles al equilibrio. Tambi\u00e9n nos centramos en la mejora de los s\u00edntomas como objetivo de la terapia. Cada persona tiene diferentes niveles de hormonas en su cuerpo, al igual que cada persona tiene una huella dactilar diferente.<\/p>\n<p>Probamos sus niveles y luego titulamos hasta encontrar una dosis y una combinaci\u00f3n que funcione para usted. De <a href=\"http:\/\/min.sagepub.com\/content\/19\/2\/59\" target=\"_blank\" rel=\"noopener noreferrer\">hecho, \u00e9sta es una de las principales recomendaciones de la Sociedad Brit\u00e1nica de Menopausia<\/a> en lo que respecta a la terapia de sustituci\u00f3n de estr\u00f3genos.<\/p>\n<p>Mientras que en algunos casos esto incluir\u00e1 simplemente la terapia de reemplazo de estr\u00f3geno, hemos encontrado que muchos de nuestros pacientes est\u00e1n sufriendo de bajos niveles de testosterona y progesterona tambi\u00e9n.<\/p>\n<h2>La terapia de sustituci\u00f3n de estr\u00f3genos no suele ser suficiente por s\u00ed sola<\/h2>\n<p>Por lo general, las mujeres necesitan una combinaci\u00f3n de hormonas para lograr un equilibrio que las haga sentirse m\u00e1s saludables, y el estr\u00f3geno no siempre es el culpable.<\/p>\n<p>De hecho, algunas mujeres pueden encontrar que una hormona domina a la otra (los niveles de estr\u00f3geno est\u00e1n por encima de lo normal o son altos, por ejemplo, pero los niveles de progesterona son bajos). En estos casos, la terapia puede seguir estando indicada porque las hormonas en su conjunto est\u00e1n desequilibradas.<\/p>\n<p>El mismo tipo de pensamiento deber\u00eda aplicarse a los niveles de testosterona en las mujeres, aunque los niveles de testosterona en las mujeres son bastante bajos en comparaci\u00f3n con los de los hombres.  Las <a href=\"https:\/\/tctmed.com\/low-t-women\/#14\" target=\"_blank\" rel=\"noopener noreferrer\">causas de la baja testosterona en las mujeres son variadas<\/a> y, como es de esperar, son muy diferentes de las causas de la baja testosterona en los hombres.<\/p>\n<p>Muchos de los s\u00edntomas de la baja testosterona para las mujeres pueden ser tan debilitantes como los s\u00edntomas de la menopausia. Estos son algunos de los s\u00edntomas que puede experimentar:<\/p>\n<ul>\n<li>Fatiga y agotamiento<\/li>\n<li>Aumento de peso y dificultad para perderlo<\/li>\n<li>Disminuci\u00f3n del inter\u00e9s por el sexo<\/li>\n<li>Cambios de humor, depresi\u00f3n y bajo estado de \u00e1nimo<\/li>\n<li>Ansiedad<\/li>\n<li>Dificultad de concentraci\u00f3n<\/li>\n<li>P\u00e9rdida de cabello<\/li>\n<\/ul>\n<p><a href=\"https:\/\/tctmed.com\/low-t-women\/#2\" target=\"_blank\" rel=\"noopener noreferrer\">Haga clic aqu\u00ed para saber m\u00e1s sobre los s\u00edntomas de la baja testosterona en las mujeres<\/a>.<\/p>\n<p>Si te encuentras con estos s\u00edntomas, haz clic en el bot\u00f3n para concertar una consulta gratuita.<\/p>\n<p><a class=\"post-button\" href=\"https:\/\/tctmed.com\/25lowthurst\/\" target=\"_blank\" rel=\"noopener noreferrer\">Obtenga una consulta gratuita<\/a><\/p>\n<h2>Por qu\u00e9 las hormonas bioid\u00e9nticas son fundamentales para la terapia de reemplazo de estr\u00f3geno (pero no para la terapia de reemplazo de testosterona)<\/h2>\n<p>Cuando la terapia hormonal empez\u00f3 a ser una realidad en la d\u00e9cada de 1980, muchos proveedores de atenci\u00f3n m\u00e9dica no comprend\u00edan la importancia de que ciertos tipos de hormonas fueran bioid\u00e9nticas (bioid\u00e9nticas significa hormonas que son qu\u00edmicamente id\u00e9nticas a las que se encuentran de forma natural en el cuerpo).<\/p>\n<p>Hoy sabemos que las hormonas femeninas, como el estr\u00f3geno, deben ser bioid\u00e9nticas para ser seguras y eficaces. Toda nuestra terapia de sustituci\u00f3n de estr\u00f3genos utiliza hormonas bioid\u00e9nticas.<\/p>\n<p>Adem\u00e1s, por las mismas razones de seguridad, utilizamos la terapia t\u00f3pica (un gel aplicado a la piel) para la sustituci\u00f3n de estr\u00f3genos y progesterona.<\/p>\n<p>Sin embargo, no ocurre lo mismo con la testosterona. La terapia de sustituci\u00f3n de testosterona no necesita utilizar hormonas bioid\u00e9nticas para ser segura y eficaz.<\/p>\n<h2>Recomendamos los t\u00f3picos para la terapia de reemplazo hormonal bioid\u00e9ntico<\/h2>\n<p>La terapia de sustituci\u00f3n de estr\u00f3genos y la terapia de sustituci\u00f3n de progesterona tienden a funcionar mejor cuando se administran mediante geles t\u00f3picos bioid\u00e9nticos.<\/p>\n<p>Aunque las inyecciones son lo que recomendamos para la testosterona, el estr\u00f3geno y la progesterona t\u00f3picos y diarios ofrecen un entorno hormonal m\u00e1s similar a la producci\u00f3n natural.<\/p>\n<p>Las formas orales e inyectables de estos medicamentos siguen siendo opciones.<\/p>\n<p>Sin embargo, desde el punto de vista cl\u00ednico, hemos observado la mejor respuesta y cumplimiento con los geles t\u00f3picos. Los estudios demuestran que la TRHB con medicaci\u00f3n t\u00f3pica es tambi\u00e9n mucho m\u00e1s segura que el reemplazo hormonal tradicional.<\/p>\n<h2>Si cree que necesita una terapia de sustituci\u00f3n de estr\u00f3genos, concierte una consulta gratuita<\/h2>\n<p>Si padeces alguno de los s\u00edntomas que hemos enumerado anteriormente y quieres saber m\u00e1s sobre la terapia de sustituci\u00f3n de estr\u00f3genos, haz clic en el bot\u00f3n para concertar una consulta gratuita.<\/p>\n<p><a class=\"post-button\" href=\"https:\/\/tctmed.com\/25lowthurst\/\" target=\"_blank\" rel=\"noopener noreferrer\">Obtenga una consulta gratuita<\/a><\/p>\n","protected":false},"excerpt":{"rendered":"<p>La terapia de sustituci\u00f3n de estr\u00f3genos y la terapia de progesterona est\u00e1n disponibles para las mujeres en nuestras tres cl\u00ednicas. Muchas mujeres descubren que la terapia de sustituci\u00f3n de estr\u00f3genos, cuando se combina con la progesterona (y, en muchos casos, con la testosterona) puede reducir o eliminar una serie de s\u00edntomas asociados a diversas enfermedades.&hellip;<\/p>\n","protected":false},"author":13,"featured_media":5062,"parent":5823,"menu_order":0,"comment_status":"closed","ping_status":"closed","template":"","meta":{"footnotes":""},"class_list":["post-5801","page","type-page","status-publish","has-post-thumbnail","hentry"],"yoast_head":"<!-- This site is optimized with the Yoast SEO plugin v27.5 - https:\/\/yoast.com\/product\/yoast-seo-wordpress\/ -->\n<title>Terapia de sustituci\u00f3n de estr\u00f3genos<\/title>\n<meta name=\"description\" content=\"La terapia de sustituci\u00f3n de estr\u00f3genos suele funcionar mejor en combinaci\u00f3n con la terapia de testosterona y progesterona.\" \/>\n<meta name=\"robots\" content=\"index, follow, max-snippet:-1, max-image-preview:large, max-video-preview:-1\" \/>\n<link rel=\"canonical\" href=\"https:\/\/tctmed.com\/es\/servicios\/trt-para-mujeres-bajas\/terapia-de-sustitucion-de-estrogenos\/\" \/>\n<meta property=\"og:locale\" content=\"es_ES\" \/>\n<meta property=\"og:type\" content=\"article\" \/>\n<meta property=\"og:title\" content=\"Terapia de sustituci\u00f3n de estr\u00f3genos\" \/>\n<meta property=\"og:description\" content=\"La terapia de sustituci\u00f3n de estr\u00f3genos suele funcionar mejor en combinaci\u00f3n con la terapia de testosterona y progesterona.\" \/>\n<meta property=\"og:url\" content=\"https:\/\/tctmed.com\/es\/servicios\/trt-para-mujeres-bajas\/terapia-de-sustitucion-de-estrogenos\/\" \/>\n<meta property=\"og:site_name\" content=\"Testosterone Centers of Texas\" \/>\n<meta property=\"article:publisher\" content=\"https:\/\/www.facebook.com\/TCTmed\" \/>\n<meta property=\"og:image\" content=\"https:\/\/tctmed.com\/wp-content\/uploads\/2015\/08\/estrogen-replacement-therapy.jpg\" \/>\n\t<meta property=\"og:image:width\" content=\"500\" \/>\n\t<meta property=\"og:image:height\" content=\"340\" \/>\n\t<meta property=\"og:image:type\" content=\"image\/jpeg\" \/>\n<meta name=\"twitter:card\" content=\"summary_large_image\" \/>\n<meta name=\"twitter:site\" content=\"@TCTmed\" \/>\n<meta name=\"twitter:label1\" content=\"Tiempo de lectura\" \/>\n\t<meta name=\"twitter:data1\" content=\"5 minutos\" \/>\n<script type=\"application\/ld+json\" class=\"yoast-schema-graph\">{\"@context\":\"https:\\\/\\\/schema.org\",\"@graph\":[{\"@type\":\"WebPage\",\"@id\":\"https:\\\/\\\/tctmed.com\\\/es\\\/servicios\\\/trt-para-mujeres-bajas\\\/terapia-de-sustitucion-de-estrogenos\\\/\",\"url\":\"https:\\\/\\\/tctmed.com\\\/es\\\/servicios\\\/trt-para-mujeres-bajas\\\/terapia-de-sustitucion-de-estrogenos\\\/\",\"name\":\"Terapia de sustituci\u00f3n de estr\u00f3genos\",\"isPartOf\":{\"@id\":\"https:\\\/\\\/tctmed.com\\\/es\\\/#website\"},\"primaryImageOfPage\":{\"@id\":\"https:\\\/\\\/tctmed.com\\\/es\\\/servicios\\\/trt-para-mujeres-bajas\\\/terapia-de-sustitucion-de-estrogenos\\\/#primaryimage\"},\"image\":{\"@id\":\"https:\\\/\\\/tctmed.com\\\/es\\\/servicios\\\/trt-para-mujeres-bajas\\\/terapia-de-sustitucion-de-estrogenos\\\/#primaryimage\"},\"thumbnailUrl\":\"https:\\\/\\\/tctmed.com\\\/wp-content\\\/uploads\\\/2015\\\/08\\\/estrogen-replacement-therapy.jpg\",\"datePublished\":\"2015-08-11T20:19:31+00:00\",\"description\":\"La terapia de sustituci\u00f3n de estr\u00f3genos suele funcionar mejor en combinaci\u00f3n con la terapia de testosterona y progesterona.\",\"breadcrumb\":{\"@id\":\"https:\\\/\\\/tctmed.com\\\/es\\\/servicios\\\/trt-para-mujeres-bajas\\\/terapia-de-sustitucion-de-estrogenos\\\/#breadcrumb\"},\"inLanguage\":\"es\",\"potentialAction\":[{\"@type\":\"ReadAction\",\"target\":[\"https:\\\/\\\/tctmed.com\\\/es\\\/servicios\\\/trt-para-mujeres-bajas\\\/terapia-de-sustitucion-de-estrogenos\\\/\"]}]},{\"@type\":\"ImageObject\",\"inLanguage\":\"es\",\"@id\":\"https:\\\/\\\/tctmed.com\\\/es\\\/servicios\\\/trt-para-mujeres-bajas\\\/terapia-de-sustitucion-de-estrogenos\\\/#primaryimage\",\"url\":\"https:\\\/\\\/tctmed.com\\\/wp-content\\\/uploads\\\/2015\\\/08\\\/estrogen-replacement-therapy.jpg\",\"contentUrl\":\"https:\\\/\\\/tctmed.com\\\/wp-content\\\/uploads\\\/2015\\\/08\\\/estrogen-replacement-therapy.jpg\",\"width\":500,\"height\":340},{\"@type\":\"BreadcrumbList\",\"@id\":\"https:\\\/\\\/tctmed.com\\\/es\\\/servicios\\\/trt-para-mujeres-bajas\\\/terapia-de-sustitucion-de-estrogenos\\\/#breadcrumb\",\"itemListElement\":[{\"@type\":\"ListItem\",\"position\":1,\"name\":\"Home\",\"item\":\"https:\\\/\\\/tctmed.com\\\/es\\\/\"},{\"@type\":\"ListItem\",\"position\":2,\"name\":\"Terapia de sustituci\u00f3n de estr\u00f3genos\"}]},{\"@type\":\"WebSite\",\"@id\":\"https:\\\/\\\/tctmed.com\\\/es\\\/#website\",\"url\":\"https:\\\/\\\/tctmed.com\\\/es\\\/\",\"name\":\"Testosterone Centers of Texas\",\"description\":\"Low T treatment from professionals who put you first.\",\"publisher\":{\"@id\":\"https:\\\/\\\/tctmed.com\\\/es\\\/#organization\"},\"potentialAction\":[{\"@type\":\"SearchAction\",\"target\":{\"@type\":\"EntryPoint\",\"urlTemplate\":\"https:\\\/\\\/tctmed.com\\\/es\\\/?s={search_term_string}\"},\"query-input\":{\"@type\":\"PropertyValueSpecification\",\"valueRequired\":true,\"valueName\":\"search_term_string\"}}],\"inLanguage\":\"es\"},{\"@type\":\"Organization\",\"@id\":\"https:\\\/\\\/tctmed.com\\\/es\\\/#organization\",\"name\":\"Testosterone Centers of Texas\",\"url\":\"https:\\\/\\\/tctmed.com\\\/es\\\/\",\"logo\":{\"@type\":\"ImageObject\",\"inLanguage\":\"es\",\"@id\":\"https:\\\/\\\/tctmed.com\\\/es\\\/#\\\/schema\\\/logo\\\/image\\\/\",\"url\":\"https:\\\/\\\/tctmed.com\\\/wp-content\\\/uploads\\\/2017\\\/12\\\/2018-TCT-Logo-V1-spanish_TCT-Color-Logo.png\",\"contentUrl\":\"https:\\\/\\\/tctmed.com\\\/wp-content\\\/uploads\\\/2017\\\/12\\\/2018-TCT-Logo-V1-spanish_TCT-Color-Logo.png\",\"width\":907,\"height\":383,\"caption\":\"Testosterone Centers of Texas\"},\"image\":{\"@id\":\"https:\\\/\\\/tctmed.com\\\/es\\\/#\\\/schema\\\/logo\\\/image\\\/\"},\"sameAs\":[\"https:\\\/\\\/www.facebook.com\\\/TCTmed\",\"https:\\\/\\\/x.com\\\/TCTmed\"]}]}<\/script>\n<!-- \/ Yoast SEO plugin. -->","yoast_head_json":{"title":"Terapia de sustituci\u00f3n de estr\u00f3genos","description":"La terapia de sustituci\u00f3n de estr\u00f3genos suele funcionar mejor en combinaci\u00f3n con la terapia de testosterona y progesterona.","robots":{"index":"index","follow":"follow","max-snippet":"max-snippet:-1","max-image-preview":"max-image-preview:large","max-video-preview":"max-video-preview:-1"},"canonical":"https:\/\/tctmed.com\/es\/servicios\/trt-para-mujeres-bajas\/terapia-de-sustitucion-de-estrogenos\/","og_locale":"es_ES","og_type":"article","og_title":"Terapia de sustituci\u00f3n de estr\u00f3genos","og_description":"La terapia de sustituci\u00f3n de estr\u00f3genos suele funcionar mejor en combinaci\u00f3n con la terapia de testosterona y progesterona.","og_url":"https:\/\/tctmed.com\/es\/servicios\/trt-para-mujeres-bajas\/terapia-de-sustitucion-de-estrogenos\/","og_site_name":"Testosterone Centers of Texas","article_publisher":"https:\/\/www.facebook.com\/TCTmed","og_image":[{"width":500,"height":340,"url":"https:\/\/tctmed.com\/wp-content\/uploads\/2015\/08\/estrogen-replacement-therapy.jpg","type":"image\/jpeg"}],"twitter_card":"summary_large_image","twitter_site":"@TCTmed","twitter_misc":{"Tiempo de lectura":"5 minutos"},"schema":{"@context":"https:\/\/schema.org","@graph":[{"@type":"WebPage","@id":"https:\/\/tctmed.com\/es\/servicios\/trt-para-mujeres-bajas\/terapia-de-sustitucion-de-estrogenos\/","url":"https:\/\/tctmed.com\/es\/servicios\/trt-para-mujeres-bajas\/terapia-de-sustitucion-de-estrogenos\/","name":"Terapia de sustituci\u00f3n de estr\u00f3genos","isPartOf":{"@id":"https:\/\/tctmed.com\/es\/#website"},"primaryImageOfPage":{"@id":"https:\/\/tctmed.com\/es\/servicios\/trt-para-mujeres-bajas\/terapia-de-sustitucion-de-estrogenos\/#primaryimage"},"image":{"@id":"https:\/\/tctmed.com\/es\/servicios\/trt-para-mujeres-bajas\/terapia-de-sustitucion-de-estrogenos\/#primaryimage"},"thumbnailUrl":"https:\/\/tctmed.com\/wp-content\/uploads\/2015\/08\/estrogen-replacement-therapy.jpg","datePublished":"2015-08-11T20:19:31+00:00","description":"La terapia de sustituci\u00f3n de estr\u00f3genos suele funcionar mejor en combinaci\u00f3n con la terapia de testosterona y progesterona.","breadcrumb":{"@id":"https:\/\/tctmed.com\/es\/servicios\/trt-para-mujeres-bajas\/terapia-de-sustitucion-de-estrogenos\/#breadcrumb"},"inLanguage":"es","potentialAction":[{"@type":"ReadAction","target":["https:\/\/tctmed.com\/es\/servicios\/trt-para-mujeres-bajas\/terapia-de-sustitucion-de-estrogenos\/"]}]},{"@type":"ImageObject","inLanguage":"es","@id":"https:\/\/tctmed.com\/es\/servicios\/trt-para-mujeres-bajas\/terapia-de-sustitucion-de-estrogenos\/#primaryimage","url":"https:\/\/tctmed.com\/wp-content\/uploads\/2015\/08\/estrogen-replacement-therapy.jpg","contentUrl":"https:\/\/tctmed.com\/wp-content\/uploads\/2015\/08\/estrogen-replacement-therapy.jpg","width":500,"height":340},{"@type":"BreadcrumbList","@id":"https:\/\/tctmed.com\/es\/servicios\/trt-para-mujeres-bajas\/terapia-de-sustitucion-de-estrogenos\/#breadcrumb","itemListElement":[{"@type":"ListItem","position":1,"name":"Home","item":"https:\/\/tctmed.com\/es\/"},{"@type":"ListItem","position":2,"name":"Terapia de sustituci\u00f3n de estr\u00f3genos"}]},{"@type":"WebSite","@id":"https:\/\/tctmed.com\/es\/#website","url":"https:\/\/tctmed.com\/es\/","name":"Testosterone Centers of Texas","description":"Low T treatment from professionals who put you first.","publisher":{"@id":"https:\/\/tctmed.com\/es\/#organization"},"potentialAction":[{"@type":"SearchAction","target":{"@type":"EntryPoint","urlTemplate":"https:\/\/tctmed.com\/es\/?s={search_term_string}"},"query-input":{"@type":"PropertyValueSpecification","valueRequired":true,"valueName":"search_term_string"}}],"inLanguage":"es"},{"@type":"Organization","@id":"https:\/\/tctmed.com\/es\/#organization","name":"Testosterone Centers of Texas","url":"https:\/\/tctmed.com\/es\/","logo":{"@type":"ImageObject","inLanguage":"es","@id":"https:\/\/tctmed.com\/es\/#\/schema\/logo\/image\/","url":"https:\/\/tctmed.com\/wp-content\/uploads\/2017\/12\/2018-TCT-Logo-V1-spanish_TCT-Color-Logo.png","contentUrl":"https:\/\/tctmed.com\/wp-content\/uploads\/2017\/12\/2018-TCT-Logo-V1-spanish_TCT-Color-Logo.png","width":907,"height":383,"caption":"Testosterone Centers of Texas"},"image":{"@id":"https:\/\/tctmed.com\/es\/#\/schema\/logo\/image\/"},"sameAs":["https:\/\/www.facebook.com\/TCTmed","https:\/\/x.com\/TCTmed"]}]}},"jetpack_sharing_enabled":true,"amp_enabled":true,"_links":{"self":[{"href":"https:\/\/tctmed.com\/es\/wp-json\/wp\/v2\/pages\/5801","targetHints":{"allow":["GET"]}}],"collection":[{"href":"https:\/\/tctmed.com\/es\/wp-json\/wp\/v2\/pages"}],"about":[{"href":"https:\/\/tctmed.com\/es\/wp-json\/wp\/v2\/types\/page"}],"author":[{"embeddable":true,"href":"https:\/\/tctmed.com\/es\/wp-json\/wp\/v2\/users\/13"}],"replies":[{"embeddable":true,"href":"https:\/\/tctmed.com\/es\/wp-json\/wp\/v2\/comments?post=5801"}],"version-history":[{"count":0,"href":"https:\/\/tctmed.com\/es\/wp-json\/wp\/v2\/pages\/5801\/revisions"}],"up":[{"embeddable":true,"href":"https:\/\/tctmed.com\/es\/wp-json\/wp\/v2\/pages\/5823"}],"wp:featuredmedia":[{"embeddable":true,"href":"https:\/\/tctmed.com\/es\/wp-json\/wp\/v2\/media\/5062"}],"wp:attachment":[{"href":"https:\/\/tctmed.com\/es\/wp-json\/wp\/v2\/media?parent=5801"}],"curies":[{"name":"wp","href":"https:\/\/api.w.org\/{rel}","templated":true}]}}