{"id":5802,"date":"2015-05-08T13:55:40","date_gmt":"2015-05-08T18:55:40","guid":{"rendered":"https:\/\/tctmed.com\/trt-therapy-videos\/"},"modified":"2015-05-08T13:55:40","modified_gmt":"2015-05-08T18:55:40","slug":"trt-therapy-videos","status":"publish","type":"page","link":"https:\/\/tctmed.com\/es\/terapia-de-sustitucion-hormonal-informacion-y-recursos\/trt-therapy-videos\/","title":{"rendered":"V\u00eddeos de la terapia TRT"},"content":{"rendered":"<p>\u00bfSufre estos s\u00edntomas de baja testosterona? Vea nuestros videos de terapia TRT (terapia de reemplazo de testosterona) para saber qu\u00e9 es la testosterona baja, qu\u00e9 significa tenerla y c\u00f3mo puede combatir los s\u00edntomas y cambiar su vida.<\/p>\n<h2><b>Vea todos nuestros v\u00eddeos sobre la terapia TRT e inf\u00f3rmese<\/b><\/h2>\n<p>Estos son los v\u00eddeos de terapia TRT que estabas buscando. Si ya sabes que quieres empezar una terapia o simplemente quieres hablar con una persona real sobre los s\u00edntomas que has estado experimentando, <a href=\"https:\/\/tctmed.com\/free-low-t-consulatation\/\">haz clic aqu\u00ed para inscribirte en una consulta gratuita.<\/a><\/p>\n<div>\n<h2>\u00bfQu\u00e9 es la terapia de sustituci\u00f3n de la testosterona (TRT)?<\/h2>\n<div class=\"lyte-wrapper\" style=\"width:420px;max-width:100%;margin:5px;\"><div class=\"lyMe\" id=\"WYL_dssvEYNb_Bk\"><div id=\"lyte_dssvEYNb_Bk\" data-src=\"\/\/i.ytimg.com\/vi\/dssvEYNb_Bk\/hqdefault.jpg\" class=\"pL\"><div class=\"tC\"><div class=\"tT\"><\/div><\/div><div class=\"play\"><\/div><div class=\"ctrl\"><div class=\"Lctrl\"><\/div><div class=\"Rctrl\"><\/div><\/div><\/div><noscript><a href=\"https:\/\/youtu.be\/dssvEYNb_Bk\" rel=\"nofollow\"><img loading=\"lazy\" decoding=\"async\" src=\"https:\/\/i.ytimg.com\/vi\/dssvEYNb_Bk\/0.jpg\" alt=\"YouTube video thumbnail\" width=\"420\" height=\"216\" \/><br \/>Ver este v\u00eddeo en YouTube<\/a><\/noscript><\/div><\/div><div class=\"lL\" style=\"max-width:100%;width:420px;margin:5px;\"><\/div><br \/>\nLa T baja, o testosterona baja, es una enfermedad complicada que afecta a cada persona de forma diferente, y la terapia puede ser igual de complicada.<\/p>\n<p>Vea esta entrega de nuestra serie de v\u00eddeos sobre la terapia de reemplazo de testosterona para aprender todo sobre la terapia de reemplazo de testosterona y c\u00f3mo puede cambiar su vida. La TRT es popular por una raz\u00f3n, y est\u00e1 cambiando la vida de millones de personas. Si te has preguntado \u00ab\u00bfqu\u00e9 es el tratamiento TRT y si realmente lo necesito?\u00bb Entonces necesitas ver este v\u00eddeo.<\/p>\n<\/div>\n<div>Aseg\u00farese de ver nuestros otros videos de terapia TRT para aprender m\u00e1s sobre la testosterona baja y la TRT.<\/div>\n<h2>Terapia de Reemplazo de Testosterona 101-Una Consulta Virtual Videos de Terapia TRT<\/h2>\n<div class=\"lyte-wrapper\" style=\"width:420px;max-width:100%;margin:5px;\"><div class=\"lyMe\" id=\"WYL_k7eu9RnZOvI\"><div id=\"lyte_k7eu9RnZOvI\" data-src=\"\/\/i.ytimg.com\/vi\/k7eu9RnZOvI\/hqdefault.jpg\" class=\"pL\"><div class=\"tC\"><div class=\"tT\"><\/div><\/div><div class=\"play\"><\/div><div class=\"ctrl\"><div class=\"Lctrl\"><\/div><div class=\"Rctrl\"><\/div><\/div><\/div><noscript><a href=\"https:\/\/youtu.be\/k7eu9RnZOvI\" rel=\"nofollow\"><img loading=\"lazy\" decoding=\"async\" src=\"https:\/\/i.ytimg.com\/vi\/k7eu9RnZOvI\/0.jpg\" alt=\"YouTube video thumbnail\" width=\"420\" height=\"216\" \/><br \/>Ver este v\u00eddeo en YouTube<\/a><\/noscript><\/div><\/div><div class=\"lL\" style=\"max-width:100%;width:420px;margin:5px;\"><\/div><\/p>\n<p>Este v\u00eddeo le mostrar\u00e1 exactamente lo que experimentar\u00e1 durante una consulta gratuita. Si cree que podr\u00eda necesitar una terapia de sustituci\u00f3n de testosterona, pero no est\u00e1 seguro de lo que puede esperar, vea este v\u00eddeo. Aprender\u00e1s c\u00f3mo ser\u00eda la consulta como si estuvieras all\u00ed en persona, para que no vayas a ciegas. Aseg\u00farese de ver nuestros otros videos de terapia TRT para aprender m\u00e1s sobre la testosterona baja y c\u00f3mo puede afectarle.<\/p>\n<div>\n<h2>S\u00edntomas de deficiencia de testosterona: baja T<\/h2>\n<div class=\"lyte-wrapper\" style=\"width:420px;max-width:100%;margin:5px;\"><div class=\"lyMe\" id=\"WYL_s4JrsvEaOfo\"><div id=\"lyte_s4JrsvEaOfo\" data-src=\"\/\/i.ytimg.com\/vi\/s4JrsvEaOfo\/hqdefault.jpg\" class=\"pL\"><div class=\"tC\"><div class=\"tT\"><\/div><\/div><div class=\"play\"><\/div><div class=\"ctrl\"><div class=\"Lctrl\"><\/div><div class=\"Rctrl\"><\/div><\/div><\/div><noscript><a href=\"https:\/\/youtu.be\/s4JrsvEaOfo\" rel=\"nofollow\"><img loading=\"lazy\" decoding=\"async\" src=\"https:\/\/i.ytimg.com\/vi\/s4JrsvEaOfo\/0.jpg\" alt=\"YouTube video thumbnail\" width=\"420\" height=\"216\" \/><br \/>Ver este v\u00eddeo en YouTube<\/a><\/noscript><\/div><\/div><div class=\"lL\" style=\"max-width:100%;width:420px;margin:5px;\"><\/div><br \/>\nVea este v\u00eddeo para aprender todo sobre la deficiencia de testosterona. Los s\u00edntomas son muy variados y pueden diferir significativamente entre hombres y mujeres. Los signos y s\u00edntomas de un nivel bajo de testosterona pueden ser dif\u00edciles de detectar, e incluso se manifiestan de forma diferente en distintos pacientes del mismo sexo, a veces de forma muy diferente. Si crees que puedes estar luchando contra la testosterona baja, mira este v\u00eddeo sobre c\u00f3mo se manifiesta la deficiencia de testosterona y a qu\u00e9 s\u00edntomas debes prestar atenci\u00f3n. Aseg\u00farese de ver nuestros otros videos de terapia TRT para aprender m\u00e1s sobre c\u00f3mo funciona la testosterona baja.<\/p>\n<\/div>\n<div>\n<h2>\u00bfQu\u00e9 se considera baja testosterona?<\/h2>\n<\/div>\n<div>\n<div class=\"lyte-wrapper\" style=\"width:420px;max-width:100%;margin:5px;\"><div class=\"lyMe\" id=\"WYL_94WmIuFngYk\"><div id=\"lyte_94WmIuFngYk\" data-src=\"\/\/i.ytimg.com\/vi\/94WmIuFngYk\/hqdefault.jpg\" class=\"pL\"><div class=\"tC\"><div class=\"tT\"><\/div><\/div><div class=\"play\"><\/div><div class=\"ctrl\"><div class=\"Lctrl\"><\/div><div class=\"Rctrl\"><\/div><\/div><\/div><noscript><a href=\"https:\/\/youtu.be\/94WmIuFngYk\" rel=\"nofollow\"><img loading=\"lazy\" decoding=\"async\" src=\"https:\/\/i.ytimg.com\/vi\/94WmIuFngYk\/0.jpg\" alt=\"YouTube video thumbnail\" width=\"420\" height=\"216\" \/><br \/>Ver este v\u00eddeo en YouTube<\/a><\/noscript><\/div><\/div><div class=\"lL\" style=\"max-width:100%;width:420px;margin:5px;\"><\/div><br \/>\nLa testosterona baja ha sido claramente definida por varias autoridades l\u00edderes en materia de testosterona durante a\u00f1os. Seguimos las estrictas normas establecidas por la comunidad m\u00e9dica, pero entendemos por qu\u00e9 puede estar confundido: no todas las cl\u00ednicas siguen estas normas.<\/p>\n<p>Si siente curiosidad por la terapia de reemplazo de testosterona (TRT), el hipogonadismo, o simplemente quiere investigar de qu\u00e9 se trata todo el bombo y platillo, nuestros v\u00eddeos sobre la terapia TRT son un buen punto de partida. Responderemos a la pregunta \u00ab\u00bfqu\u00e9 es un nivel bajo de testosterona?\u00bb y discutiremos qu\u00e9 es exactamente la T baja y c\u00f3mo puede obtener tratamiento si est\u00e1 sufriendo de testosterona baja. Vea todos nuestros v\u00eddeos sobre la terapia TRT para saber qu\u00e9 efectos secundarios conlleva la TRT.<\/p>\n<\/div>\n<div>\n<h2>Por qu\u00e9 no debe preocuparse por los efectos secundarios del reemplazo de testosterona<\/h2>\n<div class=\"lyte-wrapper\" style=\"width:420px;max-width:100%;margin:5px;\"><div class=\"lyMe\" id=\"WYL_nchAJrVViVQ\"><div id=\"lyte_nchAJrVViVQ\" data-src=\"\/\/i.ytimg.com\/vi\/nchAJrVViVQ\/hqdefault.jpg\" class=\"pL\"><div class=\"tC\"><div class=\"tT\"><\/div><\/div><div class=\"play\"><\/div><div class=\"ctrl\"><div class=\"Lctrl\"><\/div><div class=\"Rctrl\"><\/div><\/div><\/div><noscript><a href=\"https:\/\/youtu.be\/nchAJrVViVQ\" rel=\"nofollow\"><img loading=\"lazy\" decoding=\"async\" src=\"https:\/\/i.ytimg.com\/vi\/nchAJrVViVQ\/0.jpg\" alt=\"YouTube video thumbnail\" width=\"420\" height=\"216\" \/><br \/>Ver este v\u00eddeo en YouTube<\/a><\/noscript><\/div><\/div><div class=\"lL\" style=\"max-width:100%;width:420px;margin:5px;\"><\/div><br \/>\nAunque la terapia de reemplazo de testosterona es un tratamiento seguro y eficaz para la gran mayor\u00eda, algunos pacientes siguen experimentando algunos efectos secundarios del reemplazo de testosterona durante el tratamiento.<\/p>\n<p>Cualquier proveedor m\u00e9dico de calidad de la terapia de testosterona debe vigilarlo de cerca para detectar posibles efectos secundarios del reemplazo de testosterona. Trabajamos incansablemente para controlar y mantener niveles seguros de testosterona en todos nuestros pacientes mediante una variedad de t\u00e9cnicas.<\/p>\n<p>Vea este video para saber m\u00e1s sobre c\u00f3mo combatimos los efectos secundarios de la terapia de reemplazo de testosterona, y vea nuestros otros videos de terapia TRT para conocer todas sus opciones de TRT.<\/p>\n<\/div>\n<div>\n<h2>Las opciones m\u00e1s efectivas de reemplazo de testosterona en el mercado<\/h2>\n<div class=\"lyte-wrapper\" style=\"width:420px;max-width:100%;margin:5px;\"><div class=\"lyMe\" id=\"WYL_-7WDBA0oN-c\"><div id=\"lyte_-7WDBA0oN-c\" data-src=\"\/\/i.ytimg.com\/vi\/-7WDBA0oN-c\/hqdefault.jpg\" class=\"pL\"><div class=\"tC\"><div class=\"tT\"><\/div><\/div><div class=\"play\"><\/div><div class=\"ctrl\"><div class=\"Lctrl\"><\/div><div class=\"Rctrl\"><\/div><\/div><\/div><noscript><a href=\"https:\/\/youtu.be\/-7WDBA0oN-c\" rel=\"nofollow\"><img loading=\"lazy\" decoding=\"async\" src=\"https:\/\/i.ytimg.com\/vi\/-7WDBA0oN-c\/0.jpg\" alt=\"YouTube video thumbnail\" width=\"420\" height=\"216\" \/><br \/>Ver este v\u00eddeo en YouTube<\/a><\/noscript><\/div><\/div><div class=\"lL\" style=\"max-width:100%;width:420px;margin:5px;\"><\/div><br \/>\nProbablemente ha escuchado el mito de que las \u00abhormonas bioid\u00e9nticas\u00bb son de alguna manera superiores a otras opciones de reemplazo de testosterona &#8211; esto es simplemente falso para la testosterona. Mientras que las hormonas bioid\u00e9nticas ofrecen una mejor terapia cuando se trata del reemplazo hormonal femenino, no hay ning\u00fan beneficio cuando se trata de la testosterona. Los resultados de los laboratorios demuestran que las llamadas \u00abhormonas bioid\u00e9nticas\u00bb no se diferencian en nada de cualquier otro tipo de terapia de sustituci\u00f3n de testosterona.<\/p>\n<p>Pero, \u00bfqu\u00e9 pasa con las formas tradicionales de tratamiento con testosterona? La mayor\u00eda de las cl\u00ednicas ofrecen tres tratamientos principales de terapia de reemplazo de testosterona: t\u00f3picos, gr\u00e1nulos y, nuestro m\u00e9todo preferido, inyecciones. De todas las opciones de reemplazo de testosterona que existen, hemos encontrado que las inyecciones son muy superiores a los pellets y t\u00f3picos por una variedad de razones.<\/p>\n<p>Si quiere saber m\u00e1s sobre sus opciones de tratamiento con terapia de sustituci\u00f3n de testosterona, vea este v\u00eddeo. Aseg\u00farese de ver nuestros otros v\u00eddeos de terapia TRT para saber c\u00f3mo ser\u00e1 su consulta.<\/p>\n<\/div>\n","protected":false},"excerpt":{"rendered":"<p>\u00bfSufre estos s\u00edntomas de baja testosterona? Vea nuestros videos de terapia TRT (terapia de reemplazo de testosterona) para saber qu\u00e9 es la testosterona baja, qu\u00e9 significa tenerla y c\u00f3mo puede combatir los s\u00edntomas y cambiar su vida. Vea todos nuestros v\u00eddeos sobre la terapia TRT e inf\u00f3rmese Estos son los v\u00eddeos de terapia TRT que&hellip;<\/p>\n","protected":false},"author":8,"featured_media":0,"parent":5814,"menu_order":4,"comment_status":"open","ping_status":"open","template":"","meta":{"footnotes":""},"class_list":["post-5802","page","type-page","status-publish","hentry"],"yoast_head":"<!-- This site is optimized with the Yoast SEO plugin v27.5 - https:\/\/yoast.com\/product\/yoast-seo-wordpress\/ -->\n<title>V\u00eddeos de la terapia TRT<\/title>\n<meta name=\"description\" content=\"Vea estos v\u00eddeos sobre la terapia de reemplazo de testosterona para saber c\u00f3mo funciona y c\u00f3mo puede cambiar su vida.\" \/>\n<meta name=\"robots\" content=\"index, follow, max-snippet:-1, max-image-preview:large, max-video-preview:-1\" \/>\n<link rel=\"canonical\" href=\"https:\/\/tctmed.com\/es\/terapia-de-sustitucion-hormonal-informacion-y-recursos\/trt-therapy-videos\/\" \/>\n<meta property=\"og:locale\" content=\"es_ES\" \/>\n<meta property=\"og:type\" content=\"article\" \/>\n<meta property=\"og:title\" content=\"V\u00eddeos de la terapia TRT\" \/>\n<meta property=\"og:description\" content=\"Vea estos v\u00eddeos sobre la terapia de reemplazo de testosterona para saber c\u00f3mo funciona y c\u00f3mo puede cambiar su vida.\" \/>\n<meta property=\"og:url\" content=\"https:\/\/tctmed.com\/es\/terapia-de-sustitucion-hormonal-informacion-y-recursos\/trt-therapy-videos\/\" \/>\n<meta property=\"og:site_name\" content=\"Testosterone Centers of Texas\" \/>\n<meta property=\"article:publisher\" content=\"https:\/\/www.facebook.com\/TCTmed\" \/>\n<meta property=\"og:image\" content=\"https:\/\/tctmed.com\/wp-content\/uploads\/2017\/12\/2018-TCT-Logo-V1-spanish_TCT-Color-Logo.png\" \/>\n\t<meta property=\"og:image:width\" content=\"907\" \/>\n\t<meta property=\"og:image:height\" content=\"383\" \/>\n\t<meta property=\"og:image:type\" content=\"image\/png\" \/>\n<meta name=\"twitter:card\" content=\"summary_large_image\" \/>\n<meta name=\"twitter:site\" content=\"@TCTmed\" \/>\n<meta name=\"twitter:label1\" content=\"Tiempo de lectura\" \/>\n\t<meta name=\"twitter:data1\" content=\"5 minutos\" \/>\n<script type=\"application\/ld+json\" class=\"yoast-schema-graph\">{\"@context\":\"https:\\\/\\\/schema.org\",\"@graph\":[{\"@type\":\"WebPage\",\"@id\":\"https:\\\/\\\/tctmed.com\\\/es\\\/terapia-de-sustitucion-hormonal-informacion-y-recursos\\\/trt-therapy-videos\\\/\",\"url\":\"https:\\\/\\\/tctmed.com\\\/es\\\/terapia-de-sustitucion-hormonal-informacion-y-recursos\\\/trt-therapy-videos\\\/\",\"name\":\"V\u00eddeos de la terapia TRT\",\"isPartOf\":{\"@id\":\"https:\\\/\\\/tctmed.com\\\/es\\\/#website\"},\"datePublished\":\"2015-05-08T18:55:40+00:00\",\"description\":\"Vea estos v\u00eddeos sobre la terapia de reemplazo de testosterona para saber c\u00f3mo funciona y c\u00f3mo puede cambiar su vida.\",\"breadcrumb\":{\"@id\":\"https:\\\/\\\/tctmed.com\\\/es\\\/terapia-de-sustitucion-hormonal-informacion-y-recursos\\\/trt-therapy-videos\\\/#breadcrumb\"},\"inLanguage\":\"es\",\"potentialAction\":[{\"@type\":\"ReadAction\",\"target\":[\"https:\\\/\\\/tctmed.com\\\/es\\\/terapia-de-sustitucion-hormonal-informacion-y-recursos\\\/trt-therapy-videos\\\/\"]}]},{\"@type\":\"BreadcrumbList\",\"@id\":\"https:\\\/\\\/tctmed.com\\\/es\\\/terapia-de-sustitucion-hormonal-informacion-y-recursos\\\/trt-therapy-videos\\\/#breadcrumb\",\"itemListElement\":[{\"@type\":\"ListItem\",\"position\":1,\"name\":\"Home\",\"item\":\"https:\\\/\\\/tctmed.com\\\/es\\\/\"},{\"@type\":\"ListItem\",\"position\":2,\"name\":\"V\u00eddeos de la terapia TRT\"}]},{\"@type\":\"WebSite\",\"@id\":\"https:\\\/\\\/tctmed.com\\\/es\\\/#website\",\"url\":\"https:\\\/\\\/tctmed.com\\\/es\\\/\",\"name\":\"Testosterone Centers of Texas\",\"description\":\"Low T treatment from professionals who put you first.\",\"publisher\":{\"@id\":\"https:\\\/\\\/tctmed.com\\\/es\\\/#organization\"},\"potentialAction\":[{\"@type\":\"SearchAction\",\"target\":{\"@type\":\"EntryPoint\",\"urlTemplate\":\"https:\\\/\\\/tctmed.com\\\/es\\\/?s={search_term_string}\"},\"query-input\":{\"@type\":\"PropertyValueSpecification\",\"valueRequired\":true,\"valueName\":\"search_term_string\"}}],\"inLanguage\":\"es\"},{\"@type\":\"Organization\",\"@id\":\"https:\\\/\\\/tctmed.com\\\/es\\\/#organization\",\"name\":\"Testosterone Centers of Texas\",\"url\":\"https:\\\/\\\/tctmed.com\\\/es\\\/\",\"logo\":{\"@type\":\"ImageObject\",\"inLanguage\":\"es\",\"@id\":\"https:\\\/\\\/tctmed.com\\\/es\\\/#\\\/schema\\\/logo\\\/image\\\/\",\"url\":\"https:\\\/\\\/tctmed.com\\\/wp-content\\\/uploads\\\/2017\\\/12\\\/2018-TCT-Logo-V1-spanish_TCT-Color-Logo.png\",\"contentUrl\":\"https:\\\/\\\/tctmed.com\\\/wp-content\\\/uploads\\\/2017\\\/12\\\/2018-TCT-Logo-V1-spanish_TCT-Color-Logo.png\",\"width\":907,\"height\":383,\"caption\":\"Testosterone Centers of Texas\"},\"image\":{\"@id\":\"https:\\\/\\\/tctmed.com\\\/es\\\/#\\\/schema\\\/logo\\\/image\\\/\"},\"sameAs\":[\"https:\\\/\\\/www.facebook.com\\\/TCTmed\",\"https:\\\/\\\/x.com\\\/TCTmed\"]}]}<\/script>\n<!-- \/ Yoast SEO plugin. -->","yoast_head_json":{"title":"V\u00eddeos de la terapia TRT","description":"Vea estos v\u00eddeos sobre la terapia de reemplazo de testosterona para saber c\u00f3mo funciona y c\u00f3mo puede cambiar su vida.","robots":{"index":"index","follow":"follow","max-snippet":"max-snippet:-1","max-image-preview":"max-image-preview:large","max-video-preview":"max-video-preview:-1"},"canonical":"https:\/\/tctmed.com\/es\/terapia-de-sustitucion-hormonal-informacion-y-recursos\/trt-therapy-videos\/","og_locale":"es_ES","og_type":"article","og_title":"V\u00eddeos de la terapia TRT","og_description":"Vea estos v\u00eddeos sobre la terapia de reemplazo de testosterona para saber c\u00f3mo funciona y c\u00f3mo puede cambiar su vida.","og_url":"https:\/\/tctmed.com\/es\/terapia-de-sustitucion-hormonal-informacion-y-recursos\/trt-therapy-videos\/","og_site_name":"Testosterone Centers of Texas","article_publisher":"https:\/\/www.facebook.com\/TCTmed","og_image":[{"width":907,"height":383,"url":"https:\/\/tctmed.com\/wp-content\/uploads\/2017\/12\/2018-TCT-Logo-V1-spanish_TCT-Color-Logo.png","type":"image\/png"}],"twitter_card":"summary_large_image","twitter_site":"@TCTmed","twitter_misc":{"Tiempo de lectura":"5 minutos"},"schema":{"@context":"https:\/\/schema.org","@graph":[{"@type":"WebPage","@id":"https:\/\/tctmed.com\/es\/terapia-de-sustitucion-hormonal-informacion-y-recursos\/trt-therapy-videos\/","url":"https:\/\/tctmed.com\/es\/terapia-de-sustitucion-hormonal-informacion-y-recursos\/trt-therapy-videos\/","name":"V\u00eddeos de la terapia TRT","isPartOf":{"@id":"https:\/\/tctmed.com\/es\/#website"},"datePublished":"2015-05-08T18:55:40+00:00","description":"Vea estos v\u00eddeos sobre la terapia de reemplazo de testosterona para saber c\u00f3mo funciona y c\u00f3mo puede cambiar su vida.","breadcrumb":{"@id":"https:\/\/tctmed.com\/es\/terapia-de-sustitucion-hormonal-informacion-y-recursos\/trt-therapy-videos\/#breadcrumb"},"inLanguage":"es","potentialAction":[{"@type":"ReadAction","target":["https:\/\/tctmed.com\/es\/terapia-de-sustitucion-hormonal-informacion-y-recursos\/trt-therapy-videos\/"]}]},{"@type":"BreadcrumbList","@id":"https:\/\/tctmed.com\/es\/terapia-de-sustitucion-hormonal-informacion-y-recursos\/trt-therapy-videos\/#breadcrumb","itemListElement":[{"@type":"ListItem","position":1,"name":"Home","item":"https:\/\/tctmed.com\/es\/"},{"@type":"ListItem","position":2,"name":"V\u00eddeos de la terapia TRT"}]},{"@type":"WebSite","@id":"https:\/\/tctmed.com\/es\/#website","url":"https:\/\/tctmed.com\/es\/","name":"Testosterone Centers of Texas","description":"Low T treatment from professionals who put you first.","publisher":{"@id":"https:\/\/tctmed.com\/es\/#organization"},"potentialAction":[{"@type":"SearchAction","target":{"@type":"EntryPoint","urlTemplate":"https:\/\/tctmed.com\/es\/?s={search_term_string}"},"query-input":{"@type":"PropertyValueSpecification","valueRequired":true,"valueName":"search_term_string"}}],"inLanguage":"es"},{"@type":"Organization","@id":"https:\/\/tctmed.com\/es\/#organization","name":"Testosterone Centers of Texas","url":"https:\/\/tctmed.com\/es\/","logo":{"@type":"ImageObject","inLanguage":"es","@id":"https:\/\/tctmed.com\/es\/#\/schema\/logo\/image\/","url":"https:\/\/tctmed.com\/wp-content\/uploads\/2017\/12\/2018-TCT-Logo-V1-spanish_TCT-Color-Logo.png","contentUrl":"https:\/\/tctmed.com\/wp-content\/uploads\/2017\/12\/2018-TCT-Logo-V1-spanish_TCT-Color-Logo.png","width":907,"height":383,"caption":"Testosterone Centers of Texas"},"image":{"@id":"https:\/\/tctmed.com\/es\/#\/schema\/logo\/image\/"},"sameAs":["https:\/\/www.facebook.com\/TCTmed","https:\/\/x.com\/TCTmed"]}]}},"jetpack_sharing_enabled":true,"amp_enabled":true,"_links":{"self":[{"href":"https:\/\/tctmed.com\/es\/wp-json\/wp\/v2\/pages\/5802","targetHints":{"allow":["GET"]}}],"collection":[{"href":"https:\/\/tctmed.com\/es\/wp-json\/wp\/v2\/pages"}],"about":[{"href":"https:\/\/tctmed.com\/es\/wp-json\/wp\/v2\/types\/page"}],"author":[{"embeddable":true,"href":"https:\/\/tctmed.com\/es\/wp-json\/wp\/v2\/users\/8"}],"replies":[{"embeddable":true,"href":"https:\/\/tctmed.com\/es\/wp-json\/wp\/v2\/comments?post=5802"}],"version-history":[{"count":0,"href":"https:\/\/tctmed.com\/es\/wp-json\/wp\/v2\/pages\/5802\/revisions"}],"up":[{"embeddable":true,"href":"https:\/\/tctmed.com\/es\/wp-json\/wp\/v2\/pages\/5814"}],"wp:attachment":[{"href":"https:\/\/tctmed.com\/es\/wp-json\/wp\/v2\/media?parent=5802"}],"curies":[{"name":"wp","href":"https:\/\/api.w.org\/{rel}","templated":true}]}}