{"id":5803,"date":"2015-10-20T10:38:15","date_gmt":"2015-10-20T15:38:15","guid":{"rendered":"https:\/\/tctmed.com\/terapia-de-testosterona-para-mujeres\/"},"modified":"2015-10-20T10:38:15","modified_gmt":"2015-10-20T15:38:15","slug":"terapia-de-testosterona-para-mujeres","status":"publish","type":"page","link":"https:\/\/tctmed.com\/es\/servicios\/trt-para-mujeres-bajas\/terapia-de-testosterona-para-mujeres\/","title":{"rendered":"Terapia de testosterona para mujeres"},"content":{"rendered":"<p>La terapia con testosterona para las mujeres es cada vez m\u00e1s frecuente con el paso de los a\u00f1os.<\/p>\n<p>Aunque las mujeres tienen niveles de testosterona significativamente m\u00e1s bajos que los hombres (aproximadamente una d\u00e9cima parte), la testosterona sigue desempe\u00f1ando un papel importante en el organismo femenino.<\/p>\n<p><img loading=\"lazy\" decoding=\"async\" class=\"aligncenter wp-image-2672\" src=\"https:\/\/tctmed.com\/wp-content\/uploads\/2015\/10\/tct-woman-low-t-1024x683.jpg\" alt=\"\" width=\"800\" height=\"533\" srcset=\"https:\/\/tctmed.com\/wp-content\/uploads\/2015\/10\/tct-woman-low-t-1024x683.jpg 1024w, https:\/\/tctmed.com\/wp-content\/uploads\/2015\/10\/tct-woman-low-t-300x200.jpg 300w, https:\/\/tctmed.com\/wp-content\/uploads\/2015\/10\/tct-woman-low-t-768x512.jpg 768w, https:\/\/tctmed.com\/wp-content\/uploads\/2015\/10\/tct-woman-low-t.jpg 1200w\" sizes=\"auto, (max-width: 800px) 100vw, 800px\" \/><\/p>\n<p>Aunque este nivel sea m\u00e1s bajo en el cuerpo, sigue siendo necesario que est\u00e9 en equilibrio para que te sientas bien.<\/p>\n<p>Es posible que haya encontrado que el enfoque es generalmente s\u00f3lo en sus niveles de estr\u00f3geno o progesterona, y mientras que esos niveles son importantes, lo que realmente necesita es el equilibrio en las tres hormonas.<\/p>\n<p>Si eres una mujer y no te sientes como t\u00fa misma desde hace a\u00f1os, es posible que sufras de baja testosterona.<\/p>\n<p>La terapia de testosterona para mujeres es bastante segura y eficaz, y puede ayudar a tratar muchos s\u00edntomas diferentes.<\/p>\n<p>Y lo que es m\u00e1s importante, puede ayudarte a sentirte de nuevo como t\u00fa mismo.<\/p>\n<h2>\u00bfQu\u00e9 aspecto tiene la testosterona baja en las mujeres y c\u00f3mo puedo saber si la tengo?<\/h2>\n<p>Los s\u00edntomas de un nivel bajo de testosterona en las mujeres suelen ser similares a los que experimentan los hombres, y tambi\u00e9n pueden imitar los s\u00edntomas de un nivel bajo de estr\u00f3geno. Estos son algunos de los s\u00edntomas a los que hay que prestar atenci\u00f3n:<\/p>\n<ul>\n<li>Fatiga y agotamiento<\/li>\n<li>Aumento de peso<\/li>\n<li>Dificultad para perder peso<\/li>\n<li>Falta de inter\u00e9s por el sexo<\/li>\n<li>Cambios de humor<\/li>\n<li>Depresi\u00f3n<\/li>\n<li>Ansiedad<\/li>\n<li>Dificultad de concentraci\u00f3n<\/li>\n<li>P\u00e9rdida de cabello<\/li>\n<\/ul>\n<p>Para leer m\u00e1s sobre c\u00f3mo la terapia de testosterona para mujeres aborda estos s\u00edntomas, <a href=\"https:\/\/tctmed.com\/7-symptoms-of-low-testosterone-in-women\/\" target=\"_blank\" rel=\"noopener\">lea nuestro art\u00edculo aqu\u00ed<\/a>. Aunque los s\u00edntomas son importantes, \u00e9stos no son suficientes por s\u00ed solos para indicar un nivel bajo de testosterona.<\/p>\n<p>Combinados con un an\u00e1lisis de sus niveles de testosterona, estos s\u00edntomas pueden indicar que sus niveles de testosterona est\u00e1n por debajo de lo normal.<\/p>\n<p>Si es as\u00ed, la terapia de sustituci\u00f3n de testosterona puede ser adecuada para usted.<\/p>\n<p>Sin embargo, no lo sabr\u00e1 realmente hasta que se haga la prueba y hable con un proveedor de terapia de reemplazo de testosterona.<\/p>\n<p><a class=\"post-button\" href=\"https:\/\/tctmed.com\/free-low-t-consulatation\/\" target=\"_blank\" rel=\"noopener\">Obtenga mi consulta gratuita<\/a><\/p>\n<h2>\u00bfPuede realmente ayudarme la terapia de testosterona?<\/h2>\n<p>Las mujeres sufren casi los mismos s\u00edntomas que los hombres cuando su testosterona es baja, por lo que pueden esperar los mismos beneficios que los hombres cuando siguen una terapia de sustituci\u00f3n de testosterona.<\/p>\n<p>Se ha comprobado que la terapia de testosterona para mujeres es muy eficaz cuando se utilizan ciertos m\u00e9todos.<\/p>\n<p>En particular, se ha comprobado que la testosterona es bastante eficaz para tratar la falta de libido en las mujeres posmenop\u00e1usicas &#8211; haga clic <a href=\"http:\/\/www.ncbi.nlm.nih.gov\/pubmed\/16145303\" target=\"_blank\" rel=\"noopener\">aqu\u00ed<\/a> y <a href=\"http:\/\/journals.lww.com\/menopausejournal\/Abstract\/2003\/10050\/Transdermal_testosterone_therapy_improves.4.aspx\" target=\"_blank\" rel=\"noopener\">aqu\u00ed para leer varios art\u00edculos sobre la terapia de testosterona para mujeres con menopausia<\/a>.<\/p>\n<p>Sin embargo, dado que la testosterona s\u00f3lo est\u00e1 indicada para los hombres en este momento en los Estados Unidos, es necesario que elijas cuidadosamente a tu proveedor de testosterona.<\/p>\n<p>Si recurre a un proveedor que emplea m\u00e9todos anticuados o peligrosos de terapia de sustituci\u00f3n de testosterona, se expone a un mayor riesgo.<\/p>\n<p><a class=\"post-button\" href=\"https:\/\/tctmed.com\/free-low-t-consulatation\/\" target=\"_blank\" rel=\"noopener\">Obtenga mi consulta gratuita<\/a><\/p>\n<h2>\u00bfQu\u00e9 debo buscar en un proveedor y qu\u00e9 tipo de terapia de testosterona para las mujeres es mejor para m\u00ed?<\/h2>\n<p>Necesitas asegurarte de que recibes una dosis exacta creada espec\u00edficamente para ti, y necesitas un proveedor que analice cuidadosamente tus niveles nativos y los titule seg\u00fan tus s\u00edntomas \u00fanicos.<\/p>\n<p>Casi exclusivamente recomendamos las inyecciones cuando se trata de la terapia de testosterona para las mujeres; sin embargo, a veces los t\u00f3picos son una opci\u00f3n viable.<\/p>\n<p>Usted debe obtener las inyecciones de testosterona en lugar de otros m\u00e9todos porque otros m\u00e9todos son tanto imprecisos como dise\u00f1ados para los hombres.<\/p>\n<p>Las opciones de tratamiento como los parches o los pellets pueden no funcionar en su caso porque las dosis suponen tanto un mayor peso corporal como un mayor nivel de testosterona natural: la terapia de testosterona para mujeres tiene que ser un poco diferente.<\/p>\n<p>En TCT, nos mantenemos alejados de los pellets de testosterona<a href=\"https:\/\/tctmed.com\/do-bioidentical-hormones-work\/\" target=\"_blank\" rel=\"noopener\">(puedes leer m\u00e1s sobre el porqu\u00e9 aqu\u00ed<\/a>), y hemos encontrado que las inyecciones intramusculares son la forma m\u00e1s segura y efectiva de titular la cantidad precisa de testosterona que se ajusta a tus necesidades.<\/p>\n<p>Por lo general, recomendamos un programa de inyecciones semanales con dosis mucho, mucho m\u00e1s bajas que las que recibir\u00eda un hombre.<\/p>\n<p>Aun as\u00ed, la dosis se orienta ligeramente por encima del rango normal porque los niveles descienden de forma constante a lo largo de la semana.<\/p>\n<p>Esta es otra raz\u00f3n por la que se desaconsejan los gr\u00e1nulos: los gr\u00e1nulos permiten que los niveles sean demasiado altos al principio y que luego caigan muy por debajo de lo normal durante meses, porque los gr\u00e1nulos no tienen propiedades de liberaci\u00f3n de tiempo.<\/p>\n<p>Una vez que sus s\u00edntomas comienzan a mejorar, dejamos de aumentar la dosis y comenzamos un programa de mantenimiento de inyecciones semanales.<\/p>\n<p>La testosterona no es para todo el mundo, y es importante comprobar sus niveles antes de comenzar cualquier forma de tratamiento.<\/p>\n<p>Es posible que descubra que sus niveles de testosterona est\u00e1n bien y que los niveles de estr\u00f3geno y progesterona son los que realmente necesitan ser tratados.<\/p>\n<p>Si est\u00e1 preparada para el trato personal de una reuni\u00f3n cara a cara con un proveedor de terapia de sustituci\u00f3n de testosterona, haga clic en el bot\u00f3n de abajo para obtener una consulta gratuita y descubrir c\u00f3mo funciona la terapia de testosterona para mujeres.<\/p>\n<p><a class=\"post-button\" href=\"https:\/\/tctmed.com\/free-low-t-consulatation\/\" target=\"_blank\" rel=\"noopener\">Obtenga mi consulta gratuita<\/a><\/p>\n","protected":false},"excerpt":{"rendered":"<p>La terapia con testosterona para las mujeres es cada vez m\u00e1s frecuente con el paso de los a\u00f1os. Aunque las mujeres tienen niveles de testosterona significativamente m\u00e1s bajos que los hombres (aproximadamente una d\u00e9cima parte), la testosterona sigue desempe\u00f1ando un papel importante en el organismo femenino. Aunque este nivel sea m\u00e1s bajo en el cuerpo,&hellip;<\/p>\n","protected":false},"author":4,"featured_media":5090,"parent":5823,"menu_order":0,"comment_status":"closed","ping_status":"closed","template":"","meta":{"footnotes":""},"class_list":["post-5803","page","type-page","status-publish","has-post-thumbnail","hentry"],"yoast_head":"<!-- This site is optimized with the Yoast SEO plugin v27.3 - https:\/\/yoast.com\/product\/yoast-seo-wordpress\/ -->\n<title>Terapia de testosterona para mujeres<\/title>\n<meta name=\"description\" content=\"La terapia de testosterona para mujeres est\u00e1 bien investigada, es segura y eficaz. Haga clic para conocer los s\u00edntomas de la baja testosterona y los beneficios de la terapia.\" \/>\n<meta name=\"robots\" content=\"index, follow, max-snippet:-1, max-image-preview:large, max-video-preview:-1\" \/>\n<link rel=\"canonical\" href=\"https:\/\/tctmed.com\/es\/servicios\/trt-para-mujeres-bajas\/terapia-de-testosterona-para-mujeres\/\" \/>\n<meta property=\"og:locale\" content=\"es_ES\" \/>\n<meta property=\"og:type\" content=\"article\" \/>\n<meta property=\"og:title\" content=\"Terapia de testosterona para mujeres\" \/>\n<meta property=\"og:description\" content=\"La terapia de testosterona para mujeres est\u00e1 bien investigada, es segura y eficaz. Haga clic para conocer los s\u00edntomas de la baja testosterona y los beneficios de la terapia.\" \/>\n<meta property=\"og:url\" content=\"https:\/\/tctmed.com\/es\/servicios\/trt-para-mujeres-bajas\/terapia-de-testosterona-para-mujeres\/\" \/>\n<meta property=\"og:site_name\" content=\"Testosterone Centers of Texas\" \/>\n<meta property=\"article:publisher\" content=\"https:\/\/www.facebook.com\/TCTmed\" \/>\n<meta property=\"og:image\" content=\"https:\/\/tctmed.com\/wp-content\/uploads\/2015\/10\/tct-woman-low-t.jpg\" \/>\n\t<meta property=\"og:image:width\" content=\"1200\" \/>\n\t<meta property=\"og:image:height\" content=\"800\" \/>\n\t<meta property=\"og:image:type\" content=\"image\/jpeg\" \/>\n<meta name=\"twitter:card\" content=\"summary_large_image\" \/>\n<meta name=\"twitter:site\" content=\"@TCTmed\" \/>\n<meta name=\"twitter:label1\" content=\"Tiempo de lectura\" \/>\n\t<meta name=\"twitter:data1\" content=\"5 minutos\" \/>\n<script type=\"application\/ld+json\" class=\"yoast-schema-graph\">{\"@context\":\"https:\\\/\\\/schema.org\",\"@graph\":[{\"@type\":\"WebPage\",\"@id\":\"https:\\\/\\\/tctmed.com\\\/es\\\/servicios\\\/trt-para-mujeres-bajas\\\/terapia-de-testosterona-para-mujeres\\\/\",\"url\":\"https:\\\/\\\/tctmed.com\\\/es\\\/servicios\\\/trt-para-mujeres-bajas\\\/terapia-de-testosterona-para-mujeres\\\/\",\"name\":\"Terapia de testosterona para mujeres\",\"isPartOf\":{\"@id\":\"https:\\\/\\\/tctmed.com\\\/es\\\/#website\"},\"primaryImageOfPage\":{\"@id\":\"https:\\\/\\\/tctmed.com\\\/es\\\/servicios\\\/trt-para-mujeres-bajas\\\/terapia-de-testosterona-para-mujeres\\\/#primaryimage\"},\"image\":{\"@id\":\"https:\\\/\\\/tctmed.com\\\/es\\\/servicios\\\/trt-para-mujeres-bajas\\\/terapia-de-testosterona-para-mujeres\\\/#primaryimage\"},\"thumbnailUrl\":\"https:\\\/\\\/tctmed.com\\\/wp-content\\\/uploads\\\/2015\\\/10\\\/tct-woman-low-t.jpg\",\"datePublished\":\"2015-10-20T15:38:15+00:00\",\"description\":\"La terapia de testosterona para mujeres est\u00e1 bien investigada, es segura y eficaz. Haga clic para conocer los s\u00edntomas de la baja testosterona y los beneficios de la terapia.\",\"breadcrumb\":{\"@id\":\"https:\\\/\\\/tctmed.com\\\/es\\\/servicios\\\/trt-para-mujeres-bajas\\\/terapia-de-testosterona-para-mujeres\\\/#breadcrumb\"},\"inLanguage\":\"es\",\"potentialAction\":[{\"@type\":\"ReadAction\",\"target\":[\"https:\\\/\\\/tctmed.com\\\/es\\\/servicios\\\/trt-para-mujeres-bajas\\\/terapia-de-testosterona-para-mujeres\\\/\"]}]},{\"@type\":\"ImageObject\",\"inLanguage\":\"es\",\"@id\":\"https:\\\/\\\/tctmed.com\\\/es\\\/servicios\\\/trt-para-mujeres-bajas\\\/terapia-de-testosterona-para-mujeres\\\/#primaryimage\",\"url\":\"https:\\\/\\\/tctmed.com\\\/wp-content\\\/uploads\\\/2015\\\/10\\\/tct-woman-low-t.jpg\",\"contentUrl\":\"https:\\\/\\\/tctmed.com\\\/wp-content\\\/uploads\\\/2015\\\/10\\\/tct-woman-low-t.jpg\",\"width\":1200,\"height\":800},{\"@type\":\"BreadcrumbList\",\"@id\":\"https:\\\/\\\/tctmed.com\\\/es\\\/servicios\\\/trt-para-mujeres-bajas\\\/terapia-de-testosterona-para-mujeres\\\/#breadcrumb\",\"itemListElement\":[{\"@type\":\"ListItem\",\"position\":1,\"name\":\"Home\",\"item\":\"https:\\\/\\\/tctmed.com\\\/es\\\/\"},{\"@type\":\"ListItem\",\"position\":2,\"name\":\"Terapia de testosterona para mujeres\"}]},{\"@type\":\"WebSite\",\"@id\":\"https:\\\/\\\/tctmed.com\\\/es\\\/#website\",\"url\":\"https:\\\/\\\/tctmed.com\\\/es\\\/\",\"name\":\"Testosterone Centers of Texas\",\"description\":\"Low T treatment from professionals who put you first.\",\"publisher\":{\"@id\":\"https:\\\/\\\/tctmed.com\\\/es\\\/#organization\"},\"potentialAction\":[{\"@type\":\"SearchAction\",\"target\":{\"@type\":\"EntryPoint\",\"urlTemplate\":\"https:\\\/\\\/tctmed.com\\\/es\\\/?s={search_term_string}\"},\"query-input\":{\"@type\":\"PropertyValueSpecification\",\"valueRequired\":true,\"valueName\":\"search_term_string\"}}],\"inLanguage\":\"es\"},{\"@type\":\"Organization\",\"@id\":\"https:\\\/\\\/tctmed.com\\\/es\\\/#organization\",\"name\":\"Testosterone Centers of Texas\",\"url\":\"https:\\\/\\\/tctmed.com\\\/es\\\/\",\"logo\":{\"@type\":\"ImageObject\",\"inLanguage\":\"es\",\"@id\":\"https:\\\/\\\/tctmed.com\\\/es\\\/#\\\/schema\\\/logo\\\/image\\\/\",\"url\":\"https:\\\/\\\/tctmed.com\\\/wp-content\\\/uploads\\\/2017\\\/12\\\/2018-TCT-Logo-V1-spanish_TCT-Color-Logo.png\",\"contentUrl\":\"https:\\\/\\\/tctmed.com\\\/wp-content\\\/uploads\\\/2017\\\/12\\\/2018-TCT-Logo-V1-spanish_TCT-Color-Logo.png\",\"width\":907,\"height\":383,\"caption\":\"Testosterone Centers of Texas\"},\"image\":{\"@id\":\"https:\\\/\\\/tctmed.com\\\/es\\\/#\\\/schema\\\/logo\\\/image\\\/\"},\"sameAs\":[\"https:\\\/\\\/www.facebook.com\\\/TCTmed\",\"https:\\\/\\\/x.com\\\/TCTmed\"]}]}<\/script>\n<!-- \/ Yoast SEO plugin. -->","yoast_head_json":{"title":"Terapia de testosterona para mujeres","description":"La terapia de testosterona para mujeres est\u00e1 bien investigada, es segura y eficaz. Haga clic para conocer los s\u00edntomas de la baja testosterona y los beneficios de la terapia.","robots":{"index":"index","follow":"follow","max-snippet":"max-snippet:-1","max-image-preview":"max-image-preview:large","max-video-preview":"max-video-preview:-1"},"canonical":"https:\/\/tctmed.com\/es\/servicios\/trt-para-mujeres-bajas\/terapia-de-testosterona-para-mujeres\/","og_locale":"es_ES","og_type":"article","og_title":"Terapia de testosterona para mujeres","og_description":"La terapia de testosterona para mujeres est\u00e1 bien investigada, es segura y eficaz. Haga clic para conocer los s\u00edntomas de la baja testosterona y los beneficios de la terapia.","og_url":"https:\/\/tctmed.com\/es\/servicios\/trt-para-mujeres-bajas\/terapia-de-testosterona-para-mujeres\/","og_site_name":"Testosterone Centers of Texas","article_publisher":"https:\/\/www.facebook.com\/TCTmed","og_image":[{"width":1200,"height":800,"url":"https:\/\/tctmed.com\/wp-content\/uploads\/2015\/10\/tct-woman-low-t.jpg","type":"image\/jpeg"}],"twitter_card":"summary_large_image","twitter_site":"@TCTmed","twitter_misc":{"Tiempo de lectura":"5 minutos"},"schema":{"@context":"https:\/\/schema.org","@graph":[{"@type":"WebPage","@id":"https:\/\/tctmed.com\/es\/servicios\/trt-para-mujeres-bajas\/terapia-de-testosterona-para-mujeres\/","url":"https:\/\/tctmed.com\/es\/servicios\/trt-para-mujeres-bajas\/terapia-de-testosterona-para-mujeres\/","name":"Terapia de testosterona para mujeres","isPartOf":{"@id":"https:\/\/tctmed.com\/es\/#website"},"primaryImageOfPage":{"@id":"https:\/\/tctmed.com\/es\/servicios\/trt-para-mujeres-bajas\/terapia-de-testosterona-para-mujeres\/#primaryimage"},"image":{"@id":"https:\/\/tctmed.com\/es\/servicios\/trt-para-mujeres-bajas\/terapia-de-testosterona-para-mujeres\/#primaryimage"},"thumbnailUrl":"https:\/\/tctmed.com\/wp-content\/uploads\/2015\/10\/tct-woman-low-t.jpg","datePublished":"2015-10-20T15:38:15+00:00","description":"La terapia de testosterona para mujeres est\u00e1 bien investigada, es segura y eficaz. Haga clic para conocer los s\u00edntomas de la baja testosterona y los beneficios de la terapia.","breadcrumb":{"@id":"https:\/\/tctmed.com\/es\/servicios\/trt-para-mujeres-bajas\/terapia-de-testosterona-para-mujeres\/#breadcrumb"},"inLanguage":"es","potentialAction":[{"@type":"ReadAction","target":["https:\/\/tctmed.com\/es\/servicios\/trt-para-mujeres-bajas\/terapia-de-testosterona-para-mujeres\/"]}]},{"@type":"ImageObject","inLanguage":"es","@id":"https:\/\/tctmed.com\/es\/servicios\/trt-para-mujeres-bajas\/terapia-de-testosterona-para-mujeres\/#primaryimage","url":"https:\/\/tctmed.com\/wp-content\/uploads\/2015\/10\/tct-woman-low-t.jpg","contentUrl":"https:\/\/tctmed.com\/wp-content\/uploads\/2015\/10\/tct-woman-low-t.jpg","width":1200,"height":800},{"@type":"BreadcrumbList","@id":"https:\/\/tctmed.com\/es\/servicios\/trt-para-mujeres-bajas\/terapia-de-testosterona-para-mujeres\/#breadcrumb","itemListElement":[{"@type":"ListItem","position":1,"name":"Home","item":"https:\/\/tctmed.com\/es\/"},{"@type":"ListItem","position":2,"name":"Terapia de testosterona para mujeres"}]},{"@type":"WebSite","@id":"https:\/\/tctmed.com\/es\/#website","url":"https:\/\/tctmed.com\/es\/","name":"Testosterone Centers of Texas","description":"Low T treatment from professionals who put you first.","publisher":{"@id":"https:\/\/tctmed.com\/es\/#organization"},"potentialAction":[{"@type":"SearchAction","target":{"@type":"EntryPoint","urlTemplate":"https:\/\/tctmed.com\/es\/?s={search_term_string}"},"query-input":{"@type":"PropertyValueSpecification","valueRequired":true,"valueName":"search_term_string"}}],"inLanguage":"es"},{"@type":"Organization","@id":"https:\/\/tctmed.com\/es\/#organization","name":"Testosterone Centers of Texas","url":"https:\/\/tctmed.com\/es\/","logo":{"@type":"ImageObject","inLanguage":"es","@id":"https:\/\/tctmed.com\/es\/#\/schema\/logo\/image\/","url":"https:\/\/tctmed.com\/wp-content\/uploads\/2017\/12\/2018-TCT-Logo-V1-spanish_TCT-Color-Logo.png","contentUrl":"https:\/\/tctmed.com\/wp-content\/uploads\/2017\/12\/2018-TCT-Logo-V1-spanish_TCT-Color-Logo.png","width":907,"height":383,"caption":"Testosterone Centers of Texas"},"image":{"@id":"https:\/\/tctmed.com\/es\/#\/schema\/logo\/image\/"},"sameAs":["https:\/\/www.facebook.com\/TCTmed","https:\/\/x.com\/TCTmed"]}]}},"jetpack_sharing_enabled":true,"amp_enabled":true,"_links":{"self":[{"href":"https:\/\/tctmed.com\/es\/wp-json\/wp\/v2\/pages\/5803","targetHints":{"allow":["GET"]}}],"collection":[{"href":"https:\/\/tctmed.com\/es\/wp-json\/wp\/v2\/pages"}],"about":[{"href":"https:\/\/tctmed.com\/es\/wp-json\/wp\/v2\/types\/page"}],"author":[{"embeddable":true,"href":"https:\/\/tctmed.com\/es\/wp-json\/wp\/v2\/users\/4"}],"replies":[{"embeddable":true,"href":"https:\/\/tctmed.com\/es\/wp-json\/wp\/v2\/comments?post=5803"}],"version-history":[{"count":0,"href":"https:\/\/tctmed.com\/es\/wp-json\/wp\/v2\/pages\/5803\/revisions"}],"up":[{"embeddable":true,"href":"https:\/\/tctmed.com\/es\/wp-json\/wp\/v2\/pages\/5823"}],"wp:featuredmedia":[{"embeddable":true,"href":"https:\/\/tctmed.com\/es\/wp-json\/wp\/v2\/media\/5090"}],"wp:attachment":[{"href":"https:\/\/tctmed.com\/es\/wp-json\/wp\/v2\/media?parent=5803"}],"curies":[{"name":"wp","href":"https:\/\/api.w.org\/{rel}","templated":true}]}}