{"id":5804,"date":"2015-04-29T10:14:35","date_gmt":"2015-04-29T15:14:35","guid":{"rendered":"https:\/\/tctmed.com\/politica-de-privacidad\/"},"modified":"2015-04-29T10:14:35","modified_gmt":"2015-04-29T15:14:35","slug":"politica-de-privacidad","status":"publish","type":"page","link":"https:\/\/tctmed.com\/es\/politica-de-privacidad\/","title":{"rendered":"Pol\u00edtica de privacidad"},"content":{"rendered":"<p>TCT y <a href=\"https:\/\/tctmed.com\">www.tctmed.com<\/a> (colectivamente \u00abnosotros\u00bb o \u00abnuestro\u00bb) est\u00e1n profundamente comprometidos con su derecho a la privacidad y se toman su privacidad muy en serio. Hemos preparado esta declaraci\u00f3n de pol\u00edtica de privacidad (\u00abPol\u00edtica de privacidad\u00bb) para describir nuestra recopilaci\u00f3n, uso y divulgaci\u00f3n de su informaci\u00f3n personal a trav\u00e9s del sitio web de TCT (\u00abSitio\u00bb). Esta pol\u00edtica de privacidad est\u00e1 incorporada al Acuerdo de Condiciones de Uso.<\/p>\n<h2><strong>Categor\u00edas de informaci\u00f3n que recogemos<\/strong><\/h2>\n<p>TCT recopilar\u00e1, utilizar\u00e1 y divulgar\u00e1 su informaci\u00f3n personal tal y como se describe en esta Pol\u00edtica de Privacidad.<\/p>\n<p>Mediante la combinaci\u00f3n de c\u00f3digo de seguimiento interno y de terceros, as\u00ed como de cookies, podemos rastrear las siguientes categor\u00edas de informaci\u00f3n cuando un visitante entra en el Sitio: (1) direcci\u00f3n IP, (2) servidores de dominio, (3) tipo de ordenador utilizado para acceder al Sitio, (4) tipos de navegadores web (colectivamente \u00abDatos an\u00f3nimos\u00bb). Estos datos no recogen informaci\u00f3n que le identifique como individuo. TCT utiliza los datos an\u00f3nimos con fines de marketing general y para ayudar a mejorar la experiencia del cliente en el sitio.<\/p>\n<p>Podemos recopilar informaci\u00f3n sobre su ordenador, incluyendo su direcci\u00f3n IP, sistema operativo y tipo de navegador, para la administraci\u00f3n del sistema y para crear informes. Se trata de datos estad\u00edsticos sobre las acciones y patrones de navegaci\u00f3n de nuestros usuarios, y no identifica a ninguna persona.<\/p>\n<p>Adem\u00e1s, si se comunica con nosotros en relaci\u00f3n con el Sitio o con cualquiera de nuestros servicios o productos, recopilamos cualquier informaci\u00f3n que nos proporcione durante el curso de nuestra comunicaci\u00f3n, como la informaci\u00f3n proporcionada al rellenar nuestro formulario de contacto (la \u00abInformaci\u00f3n de contacto\u00bb).<\/p>\n<p>Podemos utilizar tecnolog\u00edas anal\u00edticas y de elaboraci\u00f3n de informes para registrar informaci\u00f3n no personal, como los nombres de dominio y de host de Internet, las direcciones del protocolo de Internet (IP), el software del navegador, los tipos de sistemas operativos, los patrones de clics y las fechas y horas en que usted accede al sitio y a nuestros servicios. Es posible que contratemos a un tercero para que nos ayude a gestionar, supervisar y optimizar nuestro Sitio y a medir la eficacia de nuestra publicidad, comunicaciones y uso del Sitio.<\/p>\n<h2><strong>Uso<\/strong><strong> de cookies y balizas web<\/strong><\/h2>\n<p>Las cookies contienen informaci\u00f3n que se transfiere al disco duro de su ordenador. Estas cookies se utilizan para almacenar informaci\u00f3n, como la hora en que se produjo la visita actual, si el visitante ha estado en el sitio antes y qu\u00e9 sitio remiti\u00f3 al visitante a la p\u00e1gina web.<\/p>\n<p>Un tipo de cookie que se utiliza en el Sitio es para Google Analytics. Google Analytics es una herramienta de an\u00e1lisis web que ayuda a los propietarios de sitios web a entender c\u00f3mo los visitantes interact\u00faan con su sitio web. Los clientes de Google Analytics pueden ver una variedad de informes sobre c\u00f3mo los visitantes interact\u00faan con su sitio web para poder mejorarlo.<\/p>\n<p>Al igual que muchos servicios, Google Analytics utiliza cookies de origen para realizar un seguimiento de las interacciones de los visitantes, como en nuestro caso, en el que se utilizan para recopilar informaci\u00f3n sobre c\u00f3mo los visitantes utilizan nuestro Sitio. A continuaci\u00f3n, utilizamos la informaci\u00f3n para elaborar informes y ayudarnos a mejorar el Sitio.<\/p>\n<p>Podemos utilizar empresas publicitarias de terceros para publicar anuncios en nuestro nombre. Estas empresas pueden emplear cookies y etiquetas de acci\u00f3n tambi\u00e9n conocidas como gifs de un solo p\u00edxel o balizas web para medir la eficacia de la publicidad. Cualquier informaci\u00f3n que estos terceros recojan a trav\u00e9s de las cookies y las etiquetas de acci\u00f3n es completamente an\u00f3nima.<\/p>\n<h2><strong>Remarketing de Google Adwords<\/strong><\/h2>\n<p>Este Sitio utiliza el servicio de remarketing de Google AdWords para hacer publicidad en sitios web de terceros (incluido Google) a visitantes anteriores de nuestro Sitio. Podr\u00eda significar que hacemos publicidad a visitantes anteriores que no han completado una tarea en nuestro Sitio, por ejemplo, utilizando el formulario de contacto para hacer una consulta. Esto podr\u00eda ser en forma de un anuncio en la p\u00e1gina de resultados de b\u00fasqueda de Google, o un sitio en la Red de Display de Google. Los proveedores de terceros, incluido Google, utilizan cookies para publicar anuncios basados en las visitas anteriores de alguien al Sitio. Por supuesto, todos los datos recogidos se utilizar\u00e1n de acuerdo con nuestra propia pol\u00edtica de privacidad y la pol\u00edtica de privacidad de Google.<\/p>\n<p>Puede establecer sus preferencias sobre el modo en que Google le hace publicidad a trav\u00e9s de la <a href=\"http:\/\/www.google.com\/settings\/ads\/onweb\/\">p\u00e1gina de preferencias de anuncios de Google<\/a> y, si lo desea, puede inhabilitar por completo la publicidad basada en intereses mediante la <a href=\"https:\/\/support.google.com\/accounts\/answer\/61416?hl=en\">configuraci\u00f3n de las cookies<\/a> o de forma permanente <a href=\"https:\/\/www.google.com\/settings\/u\/0\/ads\/plugin?hl=en&amp;sig=ACi0TCjlZg3gBvO7Te4xhSc-v1ig1UrEboDc16Kb02rm2aQtfa9FxPiPpvzWoJZQzRNvFggJykLa8pA6IdMSv6Kk6uzTuo-k0H6L8W8gIf_tjamRr3b_1zWAHAuRZE3uI7acvnxKF4JzOgELSYPTPL55QgYMCwCwlQND9R9N0El15iaKniO_hjBEukb9zP\">a trav\u00e9s de un complemento del navegador<\/a>.<\/p>\n<h2><strong>C\u00f3mo excluirse de la recogida de datos<\/strong><\/h2>\n<p>Para evitar que se le env\u00eden anuncios basados en la informaci\u00f3n que recopilamos, visite los siguientes enlaces:<\/p>\n<ul>\n<li>Google: <a href=\"https:\/\/www.google.com\/settings\/u\/0\/ads\/\">https:\/\/www.google.com\/settings\/u\/0\/ads<\/a><\/li>\n<li>Alianza de Publicidad Digital: <a href=\"http:\/\/www.aboutads.info\/choices\/\">http:\/\/www.aboutads.info\/choices\/<\/a><\/li>\n<li>Iniciativa de Publicidad en Red: <a href=\"http:\/\/www.networkadvertising.org\/choices\/\">http:\/\/www.networkadvertising.org\/choices\/<\/a><\/li>\n<\/ul>\n<p>Tambi\u00e9n puede controlar c\u00f3mo se le entregan los anuncios a trav\u00e9s de estos enlaces:<\/p>\n<ul>\n<li>Facebook: <a href=\"https:\/\/www.facebook.com\/settings?tab=ads\">https:\/\/www.facebook.com\/settings?tab=ads<\/a><\/li>\n<\/ul>\n<p>Consulte tambi\u00e9n el material de ayuda de su navegador o dispositivo para saber qu\u00e9 controles puede utilizar a menudo para eliminar o bloquear las cookies u otras tecnolog\u00edas similares o para bloquear o eliminar otros datos almacenados en su ordenador o dispositivo (por ejemplo, utilizando los distintos ajustes de su navegador).<\/p>\n<h2><strong>Otra informaci\u00f3n<\/strong><\/h2>\n<p>Si publica informaci\u00f3n en cualquiera de los comentarios de nuestro blog, grupos de chat, tableros de mensajes o foros, dicha informaci\u00f3n que proporcione puede estar disponible para otros miembros del Sitio y otros visitantes del mismo. Debe tener cuidado cuando decida revelar su informaci\u00f3n personal en estos lugares, ya que no controlamos qui\u00e9n puede participar en estos foros interactivos.<\/p>\n<p>Adem\u00e1s, tenga en cuenta que ciertos datos personales pasan a ser de dominio p\u00fablico cuando se presentan documentos ante el estado o el tribunal. Por ejemplo, la raz\u00f3n social, el domicilio social y el nombre del agente registrado se convierten en informaci\u00f3n p\u00fablica al presentar la escritura de constituci\u00f3n. En muchos casos, la Secretar\u00eda de Estado proporcionar\u00e1 esta informaci\u00f3n a terceros a cambio de una tarifa. La Oficina de Patentes y Marcas de Estados Unidos tambi\u00e9n har\u00e1 p\u00fablicos los nombres y direcciones de los solicitantes de marcas. En algunos estados, los nombres de empresas ficticias, incluidos el nombre y la direcci\u00f3n del propietario de la empresa, deben publicarse en un peri\u00f3dico. La pol\u00edtica de privacidad de TCT no cubre las acciones de estos terceros.<\/p>\n<h2><strong>Uso y divulgaci\u00f3n de la informaci\u00f3n que recogemos<\/strong><\/h2>\n<p>Salvo lo descrito en esta Pol\u00edtica de Privacidad, no compartiremos su informaci\u00f3n de contacto con terceros, a menos que dicha divulgaci\u00f3n sea necesaria (seg\u00fan nuestro criterio) para: (a) cumplir con una orden judicial u otro proceso legal; (b) proteger los derechos, la propiedad y\/o la seguridad de TCT o de cualquier tercero; o (c) hacer cumplir las condiciones de uso.<\/p>\n<p>Utilizamos medidas razonables para mantener la seguridad de su informaci\u00f3n de contacto. Sin embargo, ninguna empresa, organizaci\u00f3n o comunidad en l\u00ednea, incluidas www.tctmed.com y TCT, puede eliminar por completo los riesgos de seguridad asociados a la informaci\u00f3n personal.<\/p>\n<p>Podemos proporcionar su informaci\u00f3n personal a terceros proveedores de servicios que trabajan en nombre de o con www.tctmed.com para proporcionar algunos de los servicios y caracter\u00edsticas del Sitio y para ayudarnos a comunicarnos con los miembros de nuestro Sitio. Sin embargo, estos proveedores de servicios no tienen ning\u00fan derecho independiente a compartir esta informaci\u00f3n (salvo en virtud de un requisito legal como una citaci\u00f3n u orden judicial).<\/p>\n<p>Podemos compartir parte o la totalidad de su informaci\u00f3n personal con nuestra empresa matriz, filiales, empresas conjuntas u otras empresas bajo un control com\u00fan (\u00abAfiliados\u00bb), en cuyo caso exigiremos a nuestros Afiliados que respeten esta Pol\u00edtica de Privacidad.<\/p>\n<p>Si los activos relacionados con el Sitio son adquiridos por otra empresa, esa empresa poseer\u00e1 la informaci\u00f3n personal recopilada por nosotros y asumir\u00e1 los derechos y obligaciones relativos a su informaci\u00f3n personal tal y como se describe en esta Pol\u00edtica de Privacidad.<\/p>\n<p>Nuestro sitio contiene enlaces a otros sitios web de terceros (\u00absitios web enlazados\u00bb). No somos responsables de las pr\u00e1cticas de privacidad ni del contenido de los sitios web enlazados. Si decide visitar otros sitios web, no somos responsables de las pr\u00e1cticas de privacidad o del contenido de esos otros sitios web, y es su responsabilidad revisar las pol\u00edticas de privacidad en esos sitios web para confirmar que entiende y est\u00e1 de acuerdo con sus pol\u00edticas.<\/p>\n<p>Como ya se ha dicho, tambi\u00e9n podemos poner a su disposici\u00f3n comentarios en el blog, grupos de chat, foros y tablones de anuncios, pero entienda que cualquier informaci\u00f3n que revele en estas \u00e1reas se convierte en informaci\u00f3n p\u00fablica y, en consecuencia, dicha informaci\u00f3n no est\u00e1 sujeta a esta Pol\u00edtica de Privacidad. No tenemos ning\u00fan control sobre su uso y debe tener cuidado cuando decida revelar cualquier informaci\u00f3n personal.<\/p>\n<h2><strong>Actualizaciones de la pol\u00edtica de privacidad<\/strong><\/h2>\n<p>Nos reservamos el derecho, en cualquier momento y sin previo aviso, de a\u00f1adir, cambiar, actualizar o modificar esta Pol\u00edtica de Privacidad, publicando dicho cambio, actualizaci\u00f3n o modificaci\u00f3n en el Sitio. Cualquier cambio, actualizaci\u00f3n o modificaci\u00f3n entrar\u00e1 en vigor inmediatamente despu\u00e9s de su publicaci\u00f3n.<\/p>\n<h2><strong>Fecha de entrada en vigor<\/strong><\/h2>\n<p>Esta pol\u00edtica de privacidad es efectiva a partir del 4 de junio de 2015.<\/p>\n<h2><strong>Se\u00f1ales Do Not Track<\/strong><\/h2>\n<p>El 27 de septiembre de 2013, el gobernador de California, Jerry Brown, promulg\u00f3 la ley A.B. 370, que modifica la Ley de Protecci\u00f3n de la Privacidad en L\u00ednea de California (CalOPPA) para exigir a los operadores de sitios web que revelen c\u00f3mo responden a las se\u00f1ales \u00abDo Not Track\u00bb (se\u00f1ales DNT) y si terceros recopilan informaci\u00f3n de identificaci\u00f3n personal sobre los usuarios cuando visitan el sitio.<\/p>\n<p>TCT respeta las se\u00f1ales DNT y no rastrea, ni planta cookies, ni utiliza publicidad cuando existe un mecanismo de navegaci\u00f3n DNT.<\/p>\n<h2><strong>Preguntas<\/strong><\/h2>\n<p>Si tiene alguna pregunta sobre esta Pol\u00edtica de Privacidad, o sobre sus relaciones con el Sitio, puede ponerse en contacto con nosotros a trav\u00e9s del formulario situado en <a href=\"https:\/\/tctmed.com\/contact-and-low-t-clinic-dfw-locations\/\" target=\"_blank\" rel=\"noopener noreferrer\">https:\/\/tctmed.com\/contact-and-low-t-clinic-dfw-locations<\/a><\/p>\n","protected":false},"excerpt":{"rendered":"<p>TCT y www.tctmed.com (colectivamente \u00abnosotros\u00bb o \u00abnuestro\u00bb) est\u00e1n profundamente comprometidos con su derecho a la privacidad y se toman su privacidad muy en serio. Hemos preparado esta declaraci\u00f3n de pol\u00edtica de privacidad (\u00abPol\u00edtica de privacidad\u00bb) para describir nuestra recopilaci\u00f3n, uso y divulgaci\u00f3n de su informaci\u00f3n personal a trav\u00e9s del sitio web de TCT (\u00abSitio\u00bb). Esta&hellip;<\/p>\n","protected":false},"author":4,"featured_media":0,"parent":0,"menu_order":12,"comment_status":"closed","ping_status":"closed","template":"","meta":{"footnotes":""},"class_list":["post-5804","page","type-page","status-publish","hentry"],"yoast_head":"<!-- This site is optimized with the Yoast SEO plugin v27.3 - https:\/\/yoast.com\/product\/yoast-seo-wordpress\/ -->\n<title>Pol\u00edtica de privacidad<\/title>\n<meta name=\"description\" content=\"Nos tomamos muy en serio su privacidad. Haga clic para saber m\u00e1s sobre la pol\u00edtica de privacidad de Testosterone Centers of Texas y c\u00f3mo le protegemos.\" \/>\n<meta name=\"robots\" content=\"index, follow, max-snippet:-1, max-image-preview:large, max-video-preview:-1\" \/>\n<link rel=\"canonical\" href=\"https:\/\/tctmed.com\/es\/politica-de-privacidad\/\" \/>\n<meta property=\"og:locale\" content=\"es_ES\" \/>\n<meta property=\"og:type\" content=\"article\" \/>\n<meta property=\"og:title\" content=\"Pol\u00edtica de privacidad\" \/>\n<meta property=\"og:description\" content=\"Nos tomamos muy en serio su privacidad. Haga clic para saber m\u00e1s sobre la pol\u00edtica de privacidad de Testosterone Centers of Texas y c\u00f3mo le protegemos.\" \/>\n<meta property=\"og:url\" content=\"https:\/\/tctmed.com\/es\/politica-de-privacidad\/\" \/>\n<meta property=\"og:site_name\" content=\"Testosterone Centers of Texas\" \/>\n<meta property=\"article:publisher\" content=\"https:\/\/www.facebook.com\/TCTmed\" \/>\n<meta property=\"og:image\" content=\"https:\/\/tctmed.com\/wp-content\/uploads\/2017\/12\/2018-TCT-Logo-V1-spanish_TCT-Color-Logo.png\" \/>\n\t<meta property=\"og:image:width\" content=\"907\" \/>\n\t<meta property=\"og:image:height\" content=\"383\" \/>\n\t<meta property=\"og:image:type\" content=\"image\/png\" \/>\n<meta name=\"twitter:card\" content=\"summary_large_image\" \/>\n<meta name=\"twitter:site\" content=\"@TCTmed\" \/>\n<meta name=\"twitter:label1\" content=\"Tiempo de lectura\" \/>\n\t<meta name=\"twitter:data1\" content=\"9 minutos\" \/>\n<script type=\"application\/ld+json\" class=\"yoast-schema-graph\">{\"@context\":\"https:\\\/\\\/schema.org\",\"@graph\":[{\"@type\":\"WebPage\",\"@id\":\"https:\\\/\\\/tctmed.com\\\/es\\\/politica-de-privacidad\\\/\",\"url\":\"https:\\\/\\\/tctmed.com\\\/es\\\/politica-de-privacidad\\\/\",\"name\":\"Pol\u00edtica de privacidad\",\"isPartOf\":{\"@id\":\"https:\\\/\\\/tctmed.com\\\/es\\\/#website\"},\"datePublished\":\"2015-04-29T15:14:35+00:00\",\"description\":\"Nos tomamos muy en serio su privacidad. Haga clic para saber m\u00e1s sobre la pol\u00edtica de privacidad de Testosterone Centers of Texas y c\u00f3mo le protegemos.\",\"breadcrumb\":{\"@id\":\"https:\\\/\\\/tctmed.com\\\/es\\\/politica-de-privacidad\\\/#breadcrumb\"},\"inLanguage\":\"es\",\"potentialAction\":[{\"@type\":\"ReadAction\",\"target\":[\"https:\\\/\\\/tctmed.com\\\/es\\\/politica-de-privacidad\\\/\"]}]},{\"@type\":\"BreadcrumbList\",\"@id\":\"https:\\\/\\\/tctmed.com\\\/es\\\/politica-de-privacidad\\\/#breadcrumb\",\"itemListElement\":[{\"@type\":\"ListItem\",\"position\":1,\"name\":\"Home\",\"item\":\"https:\\\/\\\/tctmed.com\\\/es\\\/\"},{\"@type\":\"ListItem\",\"position\":2,\"name\":\"Pol\u00edtica de privacidad\"}]},{\"@type\":\"WebSite\",\"@id\":\"https:\\\/\\\/tctmed.com\\\/es\\\/#website\",\"url\":\"https:\\\/\\\/tctmed.com\\\/es\\\/\",\"name\":\"Testosterone Centers of Texas\",\"description\":\"Low T treatment from professionals who put you first.\",\"publisher\":{\"@id\":\"https:\\\/\\\/tctmed.com\\\/es\\\/#organization\"},\"potentialAction\":[{\"@type\":\"SearchAction\",\"target\":{\"@type\":\"EntryPoint\",\"urlTemplate\":\"https:\\\/\\\/tctmed.com\\\/es\\\/?s={search_term_string}\"},\"query-input\":{\"@type\":\"PropertyValueSpecification\",\"valueRequired\":true,\"valueName\":\"search_term_string\"}}],\"inLanguage\":\"es\"},{\"@type\":\"Organization\",\"@id\":\"https:\\\/\\\/tctmed.com\\\/es\\\/#organization\",\"name\":\"Testosterone Centers of Texas\",\"url\":\"https:\\\/\\\/tctmed.com\\\/es\\\/\",\"logo\":{\"@type\":\"ImageObject\",\"inLanguage\":\"es\",\"@id\":\"https:\\\/\\\/tctmed.com\\\/es\\\/#\\\/schema\\\/logo\\\/image\\\/\",\"url\":\"https:\\\/\\\/tctmed.com\\\/wp-content\\\/uploads\\\/2017\\\/12\\\/2018-TCT-Logo-V1-spanish_TCT-Color-Logo.png\",\"contentUrl\":\"https:\\\/\\\/tctmed.com\\\/wp-content\\\/uploads\\\/2017\\\/12\\\/2018-TCT-Logo-V1-spanish_TCT-Color-Logo.png\",\"width\":907,\"height\":383,\"caption\":\"Testosterone Centers of Texas\"},\"image\":{\"@id\":\"https:\\\/\\\/tctmed.com\\\/es\\\/#\\\/schema\\\/logo\\\/image\\\/\"},\"sameAs\":[\"https:\\\/\\\/www.facebook.com\\\/TCTmed\",\"https:\\\/\\\/x.com\\\/TCTmed\"]}]}<\/script>\n<!-- \/ Yoast SEO plugin. -->","yoast_head_json":{"title":"Pol\u00edtica de privacidad","description":"Nos tomamos muy en serio su privacidad. Haga clic para saber m\u00e1s sobre la pol\u00edtica de privacidad de Testosterone Centers of Texas y c\u00f3mo le protegemos.","robots":{"index":"index","follow":"follow","max-snippet":"max-snippet:-1","max-image-preview":"max-image-preview:large","max-video-preview":"max-video-preview:-1"},"canonical":"https:\/\/tctmed.com\/es\/politica-de-privacidad\/","og_locale":"es_ES","og_type":"article","og_title":"Pol\u00edtica de privacidad","og_description":"Nos tomamos muy en serio su privacidad. Haga clic para saber m\u00e1s sobre la pol\u00edtica de privacidad de Testosterone Centers of Texas y c\u00f3mo le protegemos.","og_url":"https:\/\/tctmed.com\/es\/politica-de-privacidad\/","og_site_name":"Testosterone Centers of Texas","article_publisher":"https:\/\/www.facebook.com\/TCTmed","og_image":[{"width":907,"height":383,"url":"https:\/\/tctmed.com\/wp-content\/uploads\/2017\/12\/2018-TCT-Logo-V1-spanish_TCT-Color-Logo.png","type":"image\/png"}],"twitter_card":"summary_large_image","twitter_site":"@TCTmed","twitter_misc":{"Tiempo de lectura":"9 minutos"},"schema":{"@context":"https:\/\/schema.org","@graph":[{"@type":"WebPage","@id":"https:\/\/tctmed.com\/es\/politica-de-privacidad\/","url":"https:\/\/tctmed.com\/es\/politica-de-privacidad\/","name":"Pol\u00edtica de privacidad","isPartOf":{"@id":"https:\/\/tctmed.com\/es\/#website"},"datePublished":"2015-04-29T15:14:35+00:00","description":"Nos tomamos muy en serio su privacidad. Haga clic para saber m\u00e1s sobre la pol\u00edtica de privacidad de Testosterone Centers of Texas y c\u00f3mo le protegemos.","breadcrumb":{"@id":"https:\/\/tctmed.com\/es\/politica-de-privacidad\/#breadcrumb"},"inLanguage":"es","potentialAction":[{"@type":"ReadAction","target":["https:\/\/tctmed.com\/es\/politica-de-privacidad\/"]}]},{"@type":"BreadcrumbList","@id":"https:\/\/tctmed.com\/es\/politica-de-privacidad\/#breadcrumb","itemListElement":[{"@type":"ListItem","position":1,"name":"Home","item":"https:\/\/tctmed.com\/es\/"},{"@type":"ListItem","position":2,"name":"Pol\u00edtica de privacidad"}]},{"@type":"WebSite","@id":"https:\/\/tctmed.com\/es\/#website","url":"https:\/\/tctmed.com\/es\/","name":"Testosterone Centers of Texas","description":"Low T treatment from professionals who put you first.","publisher":{"@id":"https:\/\/tctmed.com\/es\/#organization"},"potentialAction":[{"@type":"SearchAction","target":{"@type":"EntryPoint","urlTemplate":"https:\/\/tctmed.com\/es\/?s={search_term_string}"},"query-input":{"@type":"PropertyValueSpecification","valueRequired":true,"valueName":"search_term_string"}}],"inLanguage":"es"},{"@type":"Organization","@id":"https:\/\/tctmed.com\/es\/#organization","name":"Testosterone Centers of Texas","url":"https:\/\/tctmed.com\/es\/","logo":{"@type":"ImageObject","inLanguage":"es","@id":"https:\/\/tctmed.com\/es\/#\/schema\/logo\/image\/","url":"https:\/\/tctmed.com\/wp-content\/uploads\/2017\/12\/2018-TCT-Logo-V1-spanish_TCT-Color-Logo.png","contentUrl":"https:\/\/tctmed.com\/wp-content\/uploads\/2017\/12\/2018-TCT-Logo-V1-spanish_TCT-Color-Logo.png","width":907,"height":383,"caption":"Testosterone Centers of Texas"},"image":{"@id":"https:\/\/tctmed.com\/es\/#\/schema\/logo\/image\/"},"sameAs":["https:\/\/www.facebook.com\/TCTmed","https:\/\/x.com\/TCTmed"]}]}},"jetpack_sharing_enabled":true,"amp_enabled":true,"_links":{"self":[{"href":"https:\/\/tctmed.com\/es\/wp-json\/wp\/v2\/pages\/5804","targetHints":{"allow":["GET"]}}],"collection":[{"href":"https:\/\/tctmed.com\/es\/wp-json\/wp\/v2\/pages"}],"about":[{"href":"https:\/\/tctmed.com\/es\/wp-json\/wp\/v2\/types\/page"}],"author":[{"embeddable":true,"href":"https:\/\/tctmed.com\/es\/wp-json\/wp\/v2\/users\/4"}],"replies":[{"embeddable":true,"href":"https:\/\/tctmed.com\/es\/wp-json\/wp\/v2\/comments?post=5804"}],"version-history":[{"count":0,"href":"https:\/\/tctmed.com\/es\/wp-json\/wp\/v2\/pages\/5804\/revisions"}],"wp:attachment":[{"href":"https:\/\/tctmed.com\/es\/wp-json\/wp\/v2\/media?parent=5804"}],"curies":[{"name":"wp","href":"https:\/\/api.w.org\/{rel}","templated":true}]}}