{"id":5823,"date":"2018-01-10T13:58:08","date_gmt":"2018-01-10T19:58:08","guid":{"rendered":"https:\/\/tctmed.com\/servicios\/trt-para-mujeres-bajas\/"},"modified":"2024-05-14T15:13:00","modified_gmt":"2024-05-14T20:13:00","slug":"trt-para-mujeres-bajas","status":"publish","type":"page","link":"https:\/\/tctmed.com\/es\/servicios\/trt-para-mujeres-bajas\/","title":{"rendered":"TRT para la T baja en las mujeres"},"content":{"rendered":"<p><span style=\"font-weight: 400;\">Existe una concepci\u00f3n err\u00f3nea en el mundo de que la Terapia de Reemplazo de Testosterona (TRT) est\u00e1 destinada \u00fanicamente a los hombres, que las mujeres no tienen testosterona en sus cuerpos, que no necesitan TRT &#8211; eso simplemente no es cierto.<\/span><\/p>\n<p><span style=\"font-weight: 400;\">Al igual que los hombres tienen peque\u00f1as cantidades de estr\u00f3geno en sus cuerpos y necesitan esta peque\u00f1a cantidad para estar correctamente equilibrados y sentirse bien, las mujeres tienen una peque\u00f1a cantidad de testosterona en sus cuerpos. Esta peque\u00f1a cantidad puede tener un efecto importante en su sensaci\u00f3n de bienestar si est\u00e1 desequilibrada.<\/span><\/p>\n<p><span style=\"font-weight: 400;\">En TCT, trabajamos con muchas mujeres cuyas hormonas est\u00e1n desequilibradas. La Terapia de Reemplazo de Estr\u00f3geno constituye la mayor parte de los servicios que ofrecemos, pero tambi\u00e9n proporcionamos TRT para las mujeres cuyos niveles de testosterona se han desequilibrado.<\/span><\/p>\n<p><span style=\"font-weight: 400;\">Todo comienza con una consulta gratuita. Si tienes problemas y no te sientes t\u00fa mismo, ven a hablar con nosotros. Dise\u00f1aremos un programa de tratamiento personalizado para su cuerpo y sus necesidades.<\/span><\/p>\n<p><span style=\"font-weight: 400;\">Haga clic para empezar, o despl\u00e1cese para saber m\u00e1s sobre algunos de los servicios que ofrecemos a las mujeres que luchan contra el desequilibrio hormonal.<\/span><\/p>\n<p><a href=\"https:\/\/tctmed.com\/original-25-t-test\/\"><span style=\"font-weight: 400;\">Obtenga una consulta gratuita<\/span><\/a><\/p>\n<div class=\"lyte-wrapper\" style=\"width:420px;max-width:100%;margin:5px;\"><div class=\"lyMe\" id=\"WYL_hQ4tDubJUWI\"><div id=\"lyte_hQ4tDubJUWI\" data-src=\"\/\/i.ytimg.com\/vi\/hQ4tDubJUWI\/hqdefault.jpg\" class=\"pL\"><div class=\"tC\"><div class=\"tT\"><\/div><\/div><div class=\"play\"><\/div><div class=\"ctrl\"><div class=\"Lctrl\"><\/div><div class=\"Rctrl\"><\/div><\/div><\/div><noscript><a href=\"https:\/\/youtu.be\/hQ4tDubJUWI\" rel=\"nofollow\"><img loading=\"lazy\" decoding=\"async\" src=\"https:\/\/i.ytimg.com\/vi\/hQ4tDubJUWI\/0.jpg\" alt=\"YouTube video thumbnail\" width=\"420\" height=\"216\" \/><br \/>Ver este v\u00eddeo en YouTube<\/a><\/noscript><\/div><\/div><div class=\"lL\" style=\"max-width:100%;width:420px;margin:5px;\"><\/div><\/p>\n<h2><span style=\"font-weight: 400;\">S\u00edntomas de la T baja en las mujeres<\/span><\/h2>\n<p><span style=\"font-weight: 400;\">Los s\u00edntomas de la baja testosterona en las mujeres pueden ser sorprendentemente similares a los de una gran variedad de otras enfermedades y trastornos, incluyendo <\/span><b>alta <\/b> <span style=\"font-weight: 400;\">testosterona. Haga clic para saber m\u00e1s sobre los s\u00edntomas de la T baja en las mujeres.<\/span><\/p>\n<p><a href=\"https:\/\/tctmed.com\/low-t-women\/#2\" target=\"_blank\" rel=\"noopener noreferrer\"><span style=\"font-weight: 400;\">Leer el art\u00edculo<\/span><\/a><\/p>\n<h2><span style=\"font-weight: 400;\">Terapia de sustituci\u00f3n de estr\u00f3genos para mujeres<\/span><\/h2>\n<p><span style=\"font-weight: 400;\">Para la mayor\u00eda de las mujeres, la Terapia Hormonal Sustitutiva consiste principalmente en un suplemento de estr\u00f3genos, aunque no es raro que otras hormonas est\u00e9n desequilibradas. Haga clic para obtener m\u00e1s informaci\u00f3n sobre el proceso de la terapia de sustituci\u00f3n de estr\u00f3genos.<\/span><\/p>\n<p><a href=\"https:\/\/tctmed.com\/estrogen-replacement-therapy\/\"><span style=\"font-weight: 400;\">Aprende m\u00e1s<\/span><\/a><\/p>\n<h2><span style=\"font-weight: 400;\">Terapia de reemplazo de testosterona (TRT) para mujeres<\/span><\/h2>\n<p><span style=\"font-weight: 400;\">Aunque las mujeres tienen naturalmente niveles mucho m\u00e1s bajos de testosterona en sus cuerpos que los hombres, usted todav\u00eda necesita mantener un nivel saludable de esta hormona en su cuerpo para verse y sentirse mejor. Haga clic para saber m\u00e1s sobre el proceso de la Terapia de Reemplazo de Testosterona para mujeres (y por qu\u00e9 la testosterona es tan importante para el buen funcionamiento de su cuerpo).<\/span><\/p>\n<p><a href=\"https:\/\/tctmed.com\/testosterone-therapy-for-women\/\"><span style=\"font-weight: 400;\">Aprende m\u00e1s<\/span><\/a><\/p>\n<h2><span style=\"font-weight: 400;\">TRT para aumentar la libido en las mujeres<\/span><\/h2>\n<p><span style=\"font-weight: 400;\">El bajo libidio (deseo sexual) es muy com\u00fan en las mujeres, y a menudo el culpable es el bajo nivel de testosterona. Haga clic para saber m\u00e1s sobre c\u00f3mo la terapia de reemplazo de testosterona puede restaurar su deseo sexual.<\/span><\/p>\n<p><a href=\"https:\/\/tctmed.com\/testosterone-and-libido\/\"><span style=\"font-weight: 400;\">Aprende m\u00e1s<\/span><\/a><\/p>\n","protected":false},"excerpt":{"rendered":"<p>Existe una concepci\u00f3n err\u00f3nea en el mundo de que la Terapia de Reemplazo de Testosterona (TRT) est\u00e1 destinada \u00fanicamente a los hombres, que las mujeres no tienen testosterona en sus cuerpos, que no necesitan TRT &#8211; eso simplemente no es cierto. Al igual que los hombres tienen peque\u00f1as cantidades de estr\u00f3geno en sus cuerpos y&hellip;<\/p>\n","protected":false},"author":3,"featured_media":0,"parent":5689,"menu_order":0,"comment_status":"closed","ping_status":"closed","template":"","meta":{"footnotes":""},"class_list":["post-5823","page","type-page","status-publish","hentry"],"yoast_head":"<!-- This site is optimized with the Yoast SEO plugin v27.3 - https:\/\/yoast.com\/product\/yoast-seo-wordpress\/ -->\n<title>TRT para la T baja en las mujeres<\/title>\n<meta name=\"robots\" content=\"index, follow, max-snippet:-1, max-image-preview:large, max-video-preview:-1\" \/>\n<link rel=\"canonical\" href=\"https:\/\/tctmed.com\/es\/servicios\/trt-para-mujeres-bajas\/\" \/>\n<meta property=\"og:locale\" content=\"es_ES\" \/>\n<meta property=\"og:type\" content=\"article\" \/>\n<meta property=\"og:title\" content=\"TRT para la T baja en las mujeres\" \/>\n<meta property=\"og:description\" content=\"Existe una concepci\u00f3n err\u00f3nea en el mundo de que la Terapia de Reemplazo de Testosterona (TRT) est\u00e1 destinada \u00fanicamente a los hombres, que las mujeres no tienen testosterona en sus cuerpos, que no necesitan TRT &#8211; eso simplemente no es cierto. Al igual que los hombres tienen peque\u00f1as cantidades de estr\u00f3geno en sus cuerpos y&hellip;\" \/>\n<meta property=\"og:url\" content=\"https:\/\/tctmed.com\/es\/servicios\/trt-para-mujeres-bajas\/\" \/>\n<meta property=\"og:site_name\" content=\"Testosterone Centers of Texas\" \/>\n<meta property=\"article:publisher\" content=\"https:\/\/www.facebook.com\/TCTmed\" \/>\n<meta property=\"article:modified_time\" content=\"2024-05-14T20:13:00+00:00\" \/>\n<meta property=\"og:image\" content=\"https:\/\/tctmed.com\/wp-content\/uploads\/2017\/12\/2018-TCT-Logo-V1-spanish_TCT-Color-Logo.png\" \/>\n\t<meta property=\"og:image:width\" content=\"907\" \/>\n\t<meta property=\"og:image:height\" content=\"383\" \/>\n\t<meta property=\"og:image:type\" content=\"image\/png\" \/>\n<meta name=\"twitter:card\" content=\"summary_large_image\" \/>\n<meta name=\"twitter:site\" content=\"@TCTmed\" \/>\n<meta name=\"twitter:label1\" content=\"Tiempo de lectura\" \/>\n\t<meta name=\"twitter:data1\" content=\"2 minutos\" \/>\n<script type=\"application\/ld+json\" class=\"yoast-schema-graph\">{\"@context\":\"https:\\\/\\\/schema.org\",\"@graph\":[{\"@type\":\"WebPage\",\"@id\":\"https:\\\/\\\/tctmed.com\\\/es\\\/servicios\\\/trt-para-mujeres-bajas\\\/\",\"url\":\"https:\\\/\\\/tctmed.com\\\/es\\\/servicios\\\/trt-para-mujeres-bajas\\\/\",\"name\":\"TRT para la T baja en las mujeres\",\"isPartOf\":{\"@id\":\"https:\\\/\\\/tctmed.com\\\/es\\\/#website\"},\"datePublished\":\"2018-01-10T19:58:08+00:00\",\"dateModified\":\"2024-05-14T20:13:00+00:00\",\"breadcrumb\":{\"@id\":\"https:\\\/\\\/tctmed.com\\\/es\\\/servicios\\\/trt-para-mujeres-bajas\\\/#breadcrumb\"},\"inLanguage\":\"es\",\"potentialAction\":[{\"@type\":\"ReadAction\",\"target\":[\"https:\\\/\\\/tctmed.com\\\/es\\\/servicios\\\/trt-para-mujeres-bajas\\\/\"]}]},{\"@type\":\"BreadcrumbList\",\"@id\":\"https:\\\/\\\/tctmed.com\\\/es\\\/servicios\\\/trt-para-mujeres-bajas\\\/#breadcrumb\",\"itemListElement\":[{\"@type\":\"ListItem\",\"position\":1,\"name\":\"Home\",\"item\":\"https:\\\/\\\/tctmed.com\\\/es\\\/\"},{\"@type\":\"ListItem\",\"position\":2,\"name\":\"Servicios\",\"item\":\"https:\\\/\\\/tctmed.com\\\/es\\\/servicios\\\/\"},{\"@type\":\"ListItem\",\"position\":3,\"name\":\"TRT para la T baja en las mujeres\"}]},{\"@type\":\"WebSite\",\"@id\":\"https:\\\/\\\/tctmed.com\\\/es\\\/#website\",\"url\":\"https:\\\/\\\/tctmed.com\\\/es\\\/\",\"name\":\"Testosterone Centers of Texas\",\"description\":\"Low T treatment from professionals who put you first.\",\"publisher\":{\"@id\":\"https:\\\/\\\/tctmed.com\\\/es\\\/#organization\"},\"potentialAction\":[{\"@type\":\"SearchAction\",\"target\":{\"@type\":\"EntryPoint\",\"urlTemplate\":\"https:\\\/\\\/tctmed.com\\\/es\\\/?s={search_term_string}\"},\"query-input\":{\"@type\":\"PropertyValueSpecification\",\"valueRequired\":true,\"valueName\":\"search_term_string\"}}],\"inLanguage\":\"es\"},{\"@type\":\"Organization\",\"@id\":\"https:\\\/\\\/tctmed.com\\\/es\\\/#organization\",\"name\":\"Testosterone Centers of Texas\",\"url\":\"https:\\\/\\\/tctmed.com\\\/es\\\/\",\"logo\":{\"@type\":\"ImageObject\",\"inLanguage\":\"es\",\"@id\":\"https:\\\/\\\/tctmed.com\\\/es\\\/#\\\/schema\\\/logo\\\/image\\\/\",\"url\":\"https:\\\/\\\/tctmed.com\\\/wp-content\\\/uploads\\\/2017\\\/12\\\/2018-TCT-Logo-V1-spanish_TCT-Color-Logo.png\",\"contentUrl\":\"https:\\\/\\\/tctmed.com\\\/wp-content\\\/uploads\\\/2017\\\/12\\\/2018-TCT-Logo-V1-spanish_TCT-Color-Logo.png\",\"width\":907,\"height\":383,\"caption\":\"Testosterone Centers of Texas\"},\"image\":{\"@id\":\"https:\\\/\\\/tctmed.com\\\/es\\\/#\\\/schema\\\/logo\\\/image\\\/\"},\"sameAs\":[\"https:\\\/\\\/www.facebook.com\\\/TCTmed\",\"https:\\\/\\\/x.com\\\/TCTmed\"]}]}<\/script>\n<!-- \/ Yoast SEO plugin. -->","yoast_head_json":{"title":"TRT para la T baja en las mujeres","robots":{"index":"index","follow":"follow","max-snippet":"max-snippet:-1","max-image-preview":"max-image-preview:large","max-video-preview":"max-video-preview:-1"},"canonical":"https:\/\/tctmed.com\/es\/servicios\/trt-para-mujeres-bajas\/","og_locale":"es_ES","og_type":"article","og_title":"TRT para la T baja en las mujeres","og_description":"Existe una concepci\u00f3n err\u00f3nea en el mundo de que la Terapia de Reemplazo de Testosterona (TRT) est\u00e1 destinada \u00fanicamente a los hombres, que las mujeres no tienen testosterona en sus cuerpos, que no necesitan TRT &#8211; eso simplemente no es cierto. Al igual que los hombres tienen peque\u00f1as cantidades de estr\u00f3geno en sus cuerpos y&hellip;","og_url":"https:\/\/tctmed.com\/es\/servicios\/trt-para-mujeres-bajas\/","og_site_name":"Testosterone Centers of Texas","article_publisher":"https:\/\/www.facebook.com\/TCTmed","article_modified_time":"2024-05-14T20:13:00+00:00","og_image":[{"width":907,"height":383,"url":"https:\/\/tctmed.com\/wp-content\/uploads\/2017\/12\/2018-TCT-Logo-V1-spanish_TCT-Color-Logo.png","type":"image\/png"}],"twitter_card":"summary_large_image","twitter_site":"@TCTmed","twitter_misc":{"Tiempo de lectura":"2 minutos"},"schema":{"@context":"https:\/\/schema.org","@graph":[{"@type":"WebPage","@id":"https:\/\/tctmed.com\/es\/servicios\/trt-para-mujeres-bajas\/","url":"https:\/\/tctmed.com\/es\/servicios\/trt-para-mujeres-bajas\/","name":"TRT para la T baja en las mujeres","isPartOf":{"@id":"https:\/\/tctmed.com\/es\/#website"},"datePublished":"2018-01-10T19:58:08+00:00","dateModified":"2024-05-14T20:13:00+00:00","breadcrumb":{"@id":"https:\/\/tctmed.com\/es\/servicios\/trt-para-mujeres-bajas\/#breadcrumb"},"inLanguage":"es","potentialAction":[{"@type":"ReadAction","target":["https:\/\/tctmed.com\/es\/servicios\/trt-para-mujeres-bajas\/"]}]},{"@type":"BreadcrumbList","@id":"https:\/\/tctmed.com\/es\/servicios\/trt-para-mujeres-bajas\/#breadcrumb","itemListElement":[{"@type":"ListItem","position":1,"name":"Home","item":"https:\/\/tctmed.com\/es\/"},{"@type":"ListItem","position":2,"name":"Servicios","item":"https:\/\/tctmed.com\/es\/servicios\/"},{"@type":"ListItem","position":3,"name":"TRT para la T baja en las mujeres"}]},{"@type":"WebSite","@id":"https:\/\/tctmed.com\/es\/#website","url":"https:\/\/tctmed.com\/es\/","name":"Testosterone Centers of Texas","description":"Low T treatment from professionals who put you first.","publisher":{"@id":"https:\/\/tctmed.com\/es\/#organization"},"potentialAction":[{"@type":"SearchAction","target":{"@type":"EntryPoint","urlTemplate":"https:\/\/tctmed.com\/es\/?s={search_term_string}"},"query-input":{"@type":"PropertyValueSpecification","valueRequired":true,"valueName":"search_term_string"}}],"inLanguage":"es"},{"@type":"Organization","@id":"https:\/\/tctmed.com\/es\/#organization","name":"Testosterone Centers of Texas","url":"https:\/\/tctmed.com\/es\/","logo":{"@type":"ImageObject","inLanguage":"es","@id":"https:\/\/tctmed.com\/es\/#\/schema\/logo\/image\/","url":"https:\/\/tctmed.com\/wp-content\/uploads\/2017\/12\/2018-TCT-Logo-V1-spanish_TCT-Color-Logo.png","contentUrl":"https:\/\/tctmed.com\/wp-content\/uploads\/2017\/12\/2018-TCT-Logo-V1-spanish_TCT-Color-Logo.png","width":907,"height":383,"caption":"Testosterone Centers of Texas"},"image":{"@id":"https:\/\/tctmed.com\/es\/#\/schema\/logo\/image\/"},"sameAs":["https:\/\/www.facebook.com\/TCTmed","https:\/\/x.com\/TCTmed"]}]}},"jetpack_sharing_enabled":true,"amp_enabled":true,"_links":{"self":[{"href":"https:\/\/tctmed.com\/es\/wp-json\/wp\/v2\/pages\/5823","targetHints":{"allow":["GET"]}}],"collection":[{"href":"https:\/\/tctmed.com\/es\/wp-json\/wp\/v2\/pages"}],"about":[{"href":"https:\/\/tctmed.com\/es\/wp-json\/wp\/v2\/types\/page"}],"author":[{"embeddable":true,"href":"https:\/\/tctmed.com\/es\/wp-json\/wp\/v2\/users\/3"}],"replies":[{"embeddable":true,"href":"https:\/\/tctmed.com\/es\/wp-json\/wp\/v2\/comments?post=5823"}],"version-history":[{"count":1,"href":"https:\/\/tctmed.com\/es\/wp-json\/wp\/v2\/pages\/5823\/revisions"}],"predecessor-version":[{"id":6557,"href":"https:\/\/tctmed.com\/es\/wp-json\/wp\/v2\/pages\/5823\/revisions\/6557"}],"up":[{"embeddable":true,"href":"https:\/\/tctmed.com\/es\/wp-json\/wp\/v2\/pages\/5689"}],"wp:attachment":[{"href":"https:\/\/tctmed.com\/es\/wp-json\/wp\/v2\/media?parent=5823"}],"curies":[{"name":"wp","href":"https:\/\/api.w.org\/{rel}","templated":true}]}}