{"id":5825,"date":"2017-11-10T09:09:08","date_gmt":"2017-11-10T15:09:08","guid":{"rendered":"https:\/\/tctmed.com\/contacto-y-baja-clinica-dfw-ubicaciones\/centro-de-baja-t-y-terapia-hormonal-clinica-flower-mound-tx\/"},"modified":"2023-02-17T15:15:46","modified_gmt":"2023-02-17T21:15:46","slug":"centro-de-baja-t-y-terapia-hormonal-clinica-flower-mound-tx","status":"publish","type":"page","link":"https:\/\/tctmed.com\/es\/contacto-y-baja-clinica-dfw-ubicaciones\/centro-de-baja-t-y-terapia-hormonal-clinica-flower-mound-tx\/","title":{"rendered":"Cl\u00ednica de baja T y terapia hormonal en Flower Mound, TX"},"content":{"rendered":"<h2>P\u00f3ngase en contacto con nosotros ahora: tel\u00e9fono y correo electr\u00f3nico<\/h2>\n<p>\u00bfIntenta obtener m\u00e1s informaci\u00f3n? \u00bfNo sabe qu\u00e9 hacer a continuaci\u00f3n?<\/p>\n<p>Llame, env\u00ede un correo electr\u00f3nico o p\u00f3ngase en contacto con nosotros a trav\u00e9s de las redes sociales: nos pondremos en contacto con usted lo antes posible.<\/p>\n<ul>\n<li>Directo: <a href=\"tel:972.532.7771\">972.532.7771<\/a><\/li>\n<li>Llamada gratuita: <a href=\"tel:888.828.4300\">888.828.4300<\/a><\/li>\n<li><a href=\"mailto:info@TCTmed.com\" target=\"_blank\" rel=\"noopener noreferrer\">info@TCTmed.com<\/a><\/li>\n<li><a href=\"https:\/\/www.facebook.com\/TCTFlowerMound\" target=\"_blank\" rel=\"noopener noreferrer\">facebook.com\/TCTFlowerMound<\/a><\/li>\n<\/ul>\n<p><a class=\"post-button\" href=\"https:\/\/tctmed.com\/treatment-options-for-low-testosterone\/\" target=\"_blank\" rel=\"noopener noreferrer\">Programe su consulta gratuita<\/a><\/p>\n<h2>C\u00f3mo encontrarnos-Nuestra direcci\u00f3n<\/h2>\n<p>Situado al oeste de The Shops at Highland Village, justo al lado de Justin Road en Flower Mound, estamos ubicados en el centro para servirle mejor.<\/p>\n<div itemscope itemtype=\"http:\/\/schema.org\/LocalBusiness\">\r\n<iframe loading=\"lazy\" style=\"border: 0;\" src=\"https:\/\/www.google.com\/maps\/embed?pb=!1m18!1m12!1m3!1d106988.51971584144!2d-97.1643465521086!3d33.07249022375076!2m3!1f0!2f0!3f0!3m2!1i1024!2i768!4f13.1!3m3!1m2!1s0x864c32b133a31aa5%3A0x8fdfd5af25adb61f!2sTestosterone+Centers+of+Texas!5e0!3m2!1sen!2sus!4v1509644137392\" width=\"600\" height=\"450\" frameborder=\"0\" allowfullscreen=\"allowfullscreen\"><\/iframe>\r\n\r\n<a target=\"_blank itemprop=\"hasMap\" href=\"https:\/\/www.google.com\/maps\/dir\/\/33.0725098,-97.0943064\/@33.0722601,-97.0945143,17.33z?hl=en-US\">Get Directions<\/a>\r\n\r\n<div itemprop=\"address\" itemscope itemtype=\"http:\/\/schema.org\/PostalAddress\">\r\n\r\n<span itemprop=\"streetAddress\">4150 Justin Rd. Suite #118<\/span>\r\n<span itemprop=\"addressLocality\">Flower Mound<\/span>, <span itemprop=\"addressRegion\">TX<\/span> <span itemprop=\"postalCode\">75077<\/span>\r\n\r\n<\/div>\n<p>Nuestra ubicaci\u00f3n en Flower Mound tambi\u00e9n est\u00e1 muy cerca de otras ciudades y \u00e1reas de Texas, incluyendo:<\/p>\n<ul>\n<li>Highland Village, TX<\/li>\n<li>Lantana, TX<\/li>\n<li>Double Oak, TX<\/li>\n<li>Bartonville, TX<\/li>\n<li>Copper Canyon, TX<\/li>\n<li>Argyle, TX<\/li>\n<li>Sur de Denton, TX<\/li>\n<li>Lewisville, TX<\/li>\n<li>Lago Dallas, TX<\/li>\n<li>Coppell, TX<\/li>\n<li>Grapevine, TX<\/li>\n<li>Roanoke, TX<\/li>\n<li>Trophy Club, TX<\/li>\n<li>Southlake, TX<\/li>\n<li>Shady Shores, TX<\/li>\n<li>Lakewood Village, TX<\/li>\n<li>Oak Point, TX<\/li>\n<li>Hickory Creek, TX<\/li>\n<li>Crossroads, TX<\/li>\n<\/ul>\n<h2>Horas<\/h2>\n<ul>\n<li>Lun: 8am-5pm*<\/li>\n<li>Martes: 8:00 a 17:00*.<\/li>\n<li>Mi\u00e9rcoles: <strong>Cerrado<\/strong><\/li>\n<li>Jueves: 8:00-17:00*.<\/li>\n<li>Viernes: 8:00 a 17:00*.<\/li>\n<li>S\u00e1bado 9:00-13:00<\/li>\n<li>Domingo: <strong>Cerrado<\/strong><\/li>\n<\/ul>\n<p>*Cerrado para el almuerzo de 1-2pm<\/p>\n<h2>Acerca de TCT Flower Mound<\/h2>\n<p>Testosterone Centers of Texas se ha expandido a Flower Mound &#8211; si usted est\u00e1 buscando una cl\u00ednica de terapia hormonal o baja T en Flower Mound, TX, no busque m\u00e1s all\u00e1 de TCT.<\/p>\n<p>Aceptamos citas sin cita previa, y su primera consulta es gratuita.<\/p>\n<p>Y, si usted decide que le gustar\u00eda obtener sus niveles de testosterona a prueba, la prueba cuesta s\u00f3lo $ 200 de su bolsillo.<\/p>\n<p>Si\u00e9ntase libre de entrar. Tambi\u00e9n puede hacer clic en el bot\u00f3n para programar una consulta.<\/p>\n<p><a class=\"post-button\" href=\"..\/free-low-t-consultation\/\" target=\"_blank\" rel=\"noopener noreferrer\">Programe su consulta gratuita<\/a><\/p>\n<h2><img loading=\"lazy\" decoding=\"async\" class=\"aligncenter size-full wp-image-2670\" src=\"..\/wp-content\/uploads\/2017\/11\/IMG-1332-2.jpg\" alt=\"\" width=\"1273\" height=\"509\" srcset=\"https:\/\/tctmed.com\/wp-content\/uploads\/2017\/11\/IMG-1332-2.jpg 1273w, https:\/\/tctmed.com\/wp-content\/uploads\/2017\/11\/IMG-1332-2-300x120.jpg 300w, https:\/\/tctmed.com\/wp-content\/uploads\/2017\/11\/IMG-1332-2-768x307.jpg 768w, https:\/\/tctmed.com\/wp-content\/uploads\/2017\/11\/IMG-1332-2-1024x409.jpg 1024w\" sizes=\"auto, (max-width: 1273px) 100vw, 1273px\" \/>Atenci\u00f3n personalizada y centrada en el cliente<\/h2>\n<p>En TCT, usted es lo primero. No eres un n\u00famero, eres la raz\u00f3n de nuestra existencia.<\/p>\n<p>Consigue la ayuda que necesitas y deja de sufrir. Si est\u00e1s experimentando estos <a href=\"..\/symptoms-low-t\/\" target=\"_blank\" rel=\"noopener noreferrer\">s\u00edntomas de baja T<\/a>:<\/p>\n<ul>\n<li>Bajo deseo sexual (tanto en hombres como en mujeres)<\/li>\n<li>Disfunci\u00f3n er\u00e9ctil<\/li>\n<li>Aumento de peso<\/li>\n<li>Reducci\u00f3n del tono muscular<\/li>\n<li>Fatiga<\/li>\n<li>Disminuci\u00f3n del estado de \u00e1nimo<\/li>\n<\/ul>\n<p>Entonces es posible que sufra de un nivel bajo de testosterona.<\/p>\n<p>Si ese es el caso, concierte una <a href=\"..\/free-low-t-consulatation\/\" target=\"_blank\" rel=\"noopener noreferrer\">consulta gratuita<\/a> y hable con un m\u00e9dico sobre sus s\u00edntomas.<\/p>\n<h2>TCT es su principal cl\u00ednica de baja T en Flower Mound &#8211; Un lugar donde usted es lo primero<\/h2>\n<p>En todas nuestras cl\u00ednicas de terapia hormonal, su comodidad est\u00e1 por encima de su atenci\u00f3n.<\/p>\n<p>Se le tratar\u00e1 con respeto, como a un individuo, y sus preocupaciones y s\u00edntomas ser\u00e1n atendidos con cuidado y atenci\u00f3n.<\/p>\n<p>Su comodidad es tambi\u00e9n una de nuestras mayores prioridades.<\/p>\n<p>A diferencia de los estrictos horarios o los r\u00edgidos requisitos de cita de otras cl\u00ednicas de baja T, descubrir\u00e1s que tu horario est\u00e1 por encima del nuestro: la flexibilidad es nuestra prioridad.<\/p>\n<p>Programe su consulta gratuita ahora para empezar.<\/p>\n<p><a class=\"post-button\" href=\"..\/free-low-t-consulatation\/\" target=\"_blank\" rel=\"noopener noreferrer\">Programe su consulta gratuita<\/a><\/p>\n<h2>\u00bfEst\u00e1 nuestra ubicaci\u00f3n en Flower Mound demasiado lejos para usted?<\/h2>\n<p>Tambi\u00e9n tiene acceso a todas las dem\u00e1s sedes del TCT: elija la cl\u00ednica que mejor se adapte a sus necesidades.<\/p>\n<p>Haga clic en los enlaces siguientes para ver cada lugar.<\/p>\n<ul>\n<li><a href=\"..\/low-testosterone-in-frisco-tx\/\" target=\"_blank\" rel=\"noopener noreferrer\">Frisco<\/a><\/li>\n<li><a href=\"..\/low-testosterone-in-hurst-tx\/\" target=\"_blank\" rel=\"noopener noreferrer\">Hurst<\/a><\/li>\n<li><a href=\"..\/testosterone-clinic-in-lewisville-tx\/\" target=\"_blank\" rel=\"noopener noreferrer\">Lewisville<\/a><\/li>\n<li><a href=\"https:\/\/tctmed.com\/contact-and-low-t-clinic-dfw-locations\/low-t-center-and-hormone-therapy-clinic-prosper-tx\/\" target=\"_blank\" rel=\"noopener noreferrer\">Prosperar<\/a><\/li>\n<\/ul>\n<h2>Inscr\u00edbase ahora para su consulta gratuita<\/h2>\n<p>Su primer paso para mejorar es hablar de sus s\u00edntomas con un m\u00e9dico capacitado en desequilibrio hormonal y terapia de reemplazo de testosterona.<\/p>\n<p>Haga clic en el bot\u00f3n para inscribirse en su consulta gratuita.<\/p>\n<p>Estamos deseando conocerte.<\/p>\n<p><a class=\"post-button\" href=\"..\/free-low-t-consulatation\/\" target=\"_blank\" rel=\"noopener noreferrer\">Programe su consulta gratuita<\/a><\/p>\n<p><a title=\"Testosterone Centers of Texas es una cl\u00ednica acreditada por BBB en Frisco, TX\" href=\"http:\/\/www.bbb.org\/dallas\/business-reviews\/clinics\/testosterone-centers-of-texas-in-frisco-tx-90629164#bbbseal\" target=\"_blank\" rel=\"noopener noreferrer\"><img loading=\"lazy\" decoding=\"async\" class=\"alignnone\" src=\"http:\/\/seal-dallas.bbb.org\/logo\/frhzbum\/testosterone-centers-of-texas-90629164.png\" alt=\"Testosterone Centers of Texas es una cl\u00ednica acreditada por BBB en Frisco, TX\" width=\"250\" height=\"52\"><\/a><\/p>\n","protected":false},"excerpt":{"rendered":"<p>P\u00f3ngase en contacto con nosotros ahora: tel\u00e9fono y correo electr\u00f3nico \u00bfIntenta obtener m\u00e1s informaci\u00f3n? \u00bfNo sabe qu\u00e9 hacer a continuaci\u00f3n? Llame, env\u00ede un correo electr\u00f3nico o p\u00f3ngase en contacto con nosotros a trav\u00e9s de las redes sociales: nos pondremos en contacto con usted lo antes posible. Directo: 972.532.7771 Llamada gratuita: 888.828.4300 info@TCTmed.com facebook.com\/TCTFlowerMound Programe su&hellip;<\/p>\n","protected":false},"author":5,"featured_media":0,"parent":5758,"menu_order":0,"comment_status":"closed","ping_status":"closed","template":"","meta":{"footnotes":""},"class_list":["post-5825","page","type-page","status-publish","hentry"],"yoast_head":"<!-- This site is optimized with the Yoast SEO plugin v27.5 - https:\/\/yoast.com\/product\/yoast-seo-wordpress\/ -->\n<title>Cl\u00ednica de baja T y terapia hormonal en Flower Mound, TX<\/title>\n<meta name=\"description\" content=\"Testosterone Centers of Texas tiene un Centro de Baja T de \u00faltima generaci\u00f3n en Flower Mound - haga clic para programar una consulta gratuita\" \/>\n<meta name=\"robots\" content=\"index, follow, max-snippet:-1, max-image-preview:large, max-video-preview:-1\" \/>\n<link rel=\"canonical\" href=\"https:\/\/tctmed.com\/es\/contacto-y-baja-clinica-dfw-ubicaciones\/centro-de-baja-t-y-terapia-hormonal-clinica-flower-mound-tx\/\" \/>\n<meta property=\"og:locale\" content=\"es_ES\" \/>\n<meta property=\"og:type\" content=\"article\" \/>\n<meta property=\"og:title\" content=\"Cl\u00ednica de baja T y terapia hormonal en Flower Mound, TX\" \/>\n<meta property=\"og:description\" content=\"Testosterone Centers of Texas tiene un Centro de Baja T de \u00faltima generaci\u00f3n en Flower Mound - haga clic para programar una consulta gratuita\" \/>\n<meta property=\"og:url\" content=\"https:\/\/tctmed.com\/es\/contacto-y-baja-clinica-dfw-ubicaciones\/centro-de-baja-t-y-terapia-hormonal-clinica-flower-mound-tx\/\" \/>\n<meta property=\"og:site_name\" content=\"Testosterone Centers of Texas\" \/>\n<meta property=\"article:publisher\" content=\"https:\/\/www.facebook.com\/TCTmed\" \/>\n<meta property=\"article:modified_time\" content=\"2023-02-17T21:15:46+00:00\" \/>\n<meta property=\"og:image\" content=\"http:\/\/seal-dallas.bbb.org\/logo\/frhzbum\/testosterone-centers-of-texas-90629164.png\" \/>\n<meta name=\"twitter:card\" content=\"summary_large_image\" \/>\n<meta name=\"twitter:site\" content=\"@TCTmed\" \/>\n<meta name=\"twitter:label1\" content=\"Tiempo de lectura\" \/>\n\t<meta name=\"twitter:data1\" content=\"3 minutos\" \/>\n<script type=\"application\/ld+json\" class=\"yoast-schema-graph\">{\"@context\":\"https:\\\/\\\/schema.org\",\"@graph\":[{\"@type\":\"WebPage\",\"@id\":\"https:\\\/\\\/tctmed.com\\\/es\\\/contacto-y-baja-clinica-dfw-ubicaciones\\\/centro-de-baja-t-y-terapia-hormonal-clinica-flower-mound-tx\\\/\",\"url\":\"https:\\\/\\\/tctmed.com\\\/es\\\/contacto-y-baja-clinica-dfw-ubicaciones\\\/centro-de-baja-t-y-terapia-hormonal-clinica-flower-mound-tx\\\/\",\"name\":\"Cl\u00ednica de baja T y terapia hormonal en Flower Mound, TX\",\"isPartOf\":{\"@id\":\"https:\\\/\\\/tctmed.com\\\/es\\\/#website\"},\"primaryImageOfPage\":{\"@id\":\"https:\\\/\\\/tctmed.com\\\/es\\\/contacto-y-baja-clinica-dfw-ubicaciones\\\/centro-de-baja-t-y-terapia-hormonal-clinica-flower-mound-tx\\\/#primaryimage\"},\"image\":{\"@id\":\"https:\\\/\\\/tctmed.com\\\/es\\\/contacto-y-baja-clinica-dfw-ubicaciones\\\/centro-de-baja-t-y-terapia-hormonal-clinica-flower-mound-tx\\\/#primaryimage\"},\"thumbnailUrl\":\"http:\\\/\\\/seal-dallas.bbb.org\\\/logo\\\/frhzbum\\\/testosterone-centers-of-texas-90629164.png\",\"datePublished\":\"2017-11-10T15:09:08+00:00\",\"dateModified\":\"2023-02-17T21:15:46+00:00\",\"description\":\"Testosterone Centers of Texas tiene un Centro de Baja T de \u00faltima generaci\u00f3n en Flower Mound - haga clic para programar una consulta gratuita\",\"breadcrumb\":{\"@id\":\"https:\\\/\\\/tctmed.com\\\/es\\\/contacto-y-baja-clinica-dfw-ubicaciones\\\/centro-de-baja-t-y-terapia-hormonal-clinica-flower-mound-tx\\\/#breadcrumb\"},\"inLanguage\":\"es\",\"potentialAction\":[{\"@type\":\"ReadAction\",\"target\":[\"https:\\\/\\\/tctmed.com\\\/es\\\/contacto-y-baja-clinica-dfw-ubicaciones\\\/centro-de-baja-t-y-terapia-hormonal-clinica-flower-mound-tx\\\/\"]}]},{\"@type\":\"ImageObject\",\"inLanguage\":\"es\",\"@id\":\"https:\\\/\\\/tctmed.com\\\/es\\\/contacto-y-baja-clinica-dfw-ubicaciones\\\/centro-de-baja-t-y-terapia-hormonal-clinica-flower-mound-tx\\\/#primaryimage\",\"url\":\"http:\\\/\\\/seal-dallas.bbb.org\\\/logo\\\/frhzbum\\\/testosterone-centers-of-texas-90629164.png\",\"contentUrl\":\"http:\\\/\\\/seal-dallas.bbb.org\\\/logo\\\/frhzbum\\\/testosterone-centers-of-texas-90629164.png\"},{\"@type\":\"BreadcrumbList\",\"@id\":\"https:\\\/\\\/tctmed.com\\\/es\\\/contacto-y-baja-clinica-dfw-ubicaciones\\\/centro-de-baja-t-y-terapia-hormonal-clinica-flower-mound-tx\\\/#breadcrumb\",\"itemListElement\":[{\"@type\":\"ListItem\",\"position\":1,\"name\":\"Home\",\"item\":\"https:\\\/\\\/tctmed.com\\\/es\\\/\"},{\"@type\":\"ListItem\",\"position\":2,\"name\":\"Contacto\",\"item\":\"https:\\\/\\\/tctmed.com\\\/es\\\/contacto-y-baja-clinica-dfw-ubicaciones\\\/\"},{\"@type\":\"ListItem\",\"position\":3,\"name\":\"Cl\u00ednica de baja T y terapia hormonal en Flower Mound, TX\"}]},{\"@type\":\"WebSite\",\"@id\":\"https:\\\/\\\/tctmed.com\\\/es\\\/#website\",\"url\":\"https:\\\/\\\/tctmed.com\\\/es\\\/\",\"name\":\"Testosterone Centers of Texas\",\"description\":\"Low T treatment from professionals who put you first.\",\"publisher\":{\"@id\":\"https:\\\/\\\/tctmed.com\\\/es\\\/#organization\"},\"potentialAction\":[{\"@type\":\"SearchAction\",\"target\":{\"@type\":\"EntryPoint\",\"urlTemplate\":\"https:\\\/\\\/tctmed.com\\\/es\\\/?s={search_term_string}\"},\"query-input\":{\"@type\":\"PropertyValueSpecification\",\"valueRequired\":true,\"valueName\":\"search_term_string\"}}],\"inLanguage\":\"es\"},{\"@type\":\"Organization\",\"@id\":\"https:\\\/\\\/tctmed.com\\\/es\\\/#organization\",\"name\":\"Testosterone Centers of Texas\",\"url\":\"https:\\\/\\\/tctmed.com\\\/es\\\/\",\"logo\":{\"@type\":\"ImageObject\",\"inLanguage\":\"es\",\"@id\":\"https:\\\/\\\/tctmed.com\\\/es\\\/#\\\/schema\\\/logo\\\/image\\\/\",\"url\":\"https:\\\/\\\/tctmed.com\\\/wp-content\\\/uploads\\\/2017\\\/12\\\/2018-TCT-Logo-V1-spanish_TCT-Color-Logo.png\",\"contentUrl\":\"https:\\\/\\\/tctmed.com\\\/wp-content\\\/uploads\\\/2017\\\/12\\\/2018-TCT-Logo-V1-spanish_TCT-Color-Logo.png\",\"width\":907,\"height\":383,\"caption\":\"Testosterone Centers of Texas\"},\"image\":{\"@id\":\"https:\\\/\\\/tctmed.com\\\/es\\\/#\\\/schema\\\/logo\\\/image\\\/\"},\"sameAs\":[\"https:\\\/\\\/www.facebook.com\\\/TCTmed\",\"https:\\\/\\\/x.com\\\/TCTmed\"]}]}<\/script>\n<!-- \/ Yoast SEO plugin. -->","yoast_head_json":{"title":"Cl\u00ednica de baja T y terapia hormonal en Flower Mound, TX","description":"Testosterone Centers of Texas tiene un Centro de Baja T de \u00faltima generaci\u00f3n en Flower Mound - haga clic para programar una consulta gratuita","robots":{"index":"index","follow":"follow","max-snippet":"max-snippet:-1","max-image-preview":"max-image-preview:large","max-video-preview":"max-video-preview:-1"},"canonical":"https:\/\/tctmed.com\/es\/contacto-y-baja-clinica-dfw-ubicaciones\/centro-de-baja-t-y-terapia-hormonal-clinica-flower-mound-tx\/","og_locale":"es_ES","og_type":"article","og_title":"Cl\u00ednica de baja T y terapia hormonal en Flower Mound, TX","og_description":"Testosterone Centers of Texas tiene un Centro de Baja T de \u00faltima generaci\u00f3n en Flower Mound - haga clic para programar una consulta gratuita","og_url":"https:\/\/tctmed.com\/es\/contacto-y-baja-clinica-dfw-ubicaciones\/centro-de-baja-t-y-terapia-hormonal-clinica-flower-mound-tx\/","og_site_name":"Testosterone Centers of Texas","article_publisher":"https:\/\/www.facebook.com\/TCTmed","article_modified_time":"2023-02-17T21:15:46+00:00","og_image":[{"url":"http:\/\/seal-dallas.bbb.org\/logo\/frhzbum\/testosterone-centers-of-texas-90629164.png","type":"","width":"","height":""}],"twitter_card":"summary_large_image","twitter_site":"@TCTmed","twitter_misc":{"Tiempo de lectura":"3 minutos"},"schema":{"@context":"https:\/\/schema.org","@graph":[{"@type":"WebPage","@id":"https:\/\/tctmed.com\/es\/contacto-y-baja-clinica-dfw-ubicaciones\/centro-de-baja-t-y-terapia-hormonal-clinica-flower-mound-tx\/","url":"https:\/\/tctmed.com\/es\/contacto-y-baja-clinica-dfw-ubicaciones\/centro-de-baja-t-y-terapia-hormonal-clinica-flower-mound-tx\/","name":"Cl\u00ednica de baja T y terapia hormonal en Flower Mound, TX","isPartOf":{"@id":"https:\/\/tctmed.com\/es\/#website"},"primaryImageOfPage":{"@id":"https:\/\/tctmed.com\/es\/contacto-y-baja-clinica-dfw-ubicaciones\/centro-de-baja-t-y-terapia-hormonal-clinica-flower-mound-tx\/#primaryimage"},"image":{"@id":"https:\/\/tctmed.com\/es\/contacto-y-baja-clinica-dfw-ubicaciones\/centro-de-baja-t-y-terapia-hormonal-clinica-flower-mound-tx\/#primaryimage"},"thumbnailUrl":"http:\/\/seal-dallas.bbb.org\/logo\/frhzbum\/testosterone-centers-of-texas-90629164.png","datePublished":"2017-11-10T15:09:08+00:00","dateModified":"2023-02-17T21:15:46+00:00","description":"Testosterone Centers of Texas tiene un Centro de Baja T de \u00faltima generaci\u00f3n en Flower Mound - haga clic para programar una consulta gratuita","breadcrumb":{"@id":"https:\/\/tctmed.com\/es\/contacto-y-baja-clinica-dfw-ubicaciones\/centro-de-baja-t-y-terapia-hormonal-clinica-flower-mound-tx\/#breadcrumb"},"inLanguage":"es","potentialAction":[{"@type":"ReadAction","target":["https:\/\/tctmed.com\/es\/contacto-y-baja-clinica-dfw-ubicaciones\/centro-de-baja-t-y-terapia-hormonal-clinica-flower-mound-tx\/"]}]},{"@type":"ImageObject","inLanguage":"es","@id":"https:\/\/tctmed.com\/es\/contacto-y-baja-clinica-dfw-ubicaciones\/centro-de-baja-t-y-terapia-hormonal-clinica-flower-mound-tx\/#primaryimage","url":"http:\/\/seal-dallas.bbb.org\/logo\/frhzbum\/testosterone-centers-of-texas-90629164.png","contentUrl":"http:\/\/seal-dallas.bbb.org\/logo\/frhzbum\/testosterone-centers-of-texas-90629164.png"},{"@type":"BreadcrumbList","@id":"https:\/\/tctmed.com\/es\/contacto-y-baja-clinica-dfw-ubicaciones\/centro-de-baja-t-y-terapia-hormonal-clinica-flower-mound-tx\/#breadcrumb","itemListElement":[{"@type":"ListItem","position":1,"name":"Home","item":"https:\/\/tctmed.com\/es\/"},{"@type":"ListItem","position":2,"name":"Contacto","item":"https:\/\/tctmed.com\/es\/contacto-y-baja-clinica-dfw-ubicaciones\/"},{"@type":"ListItem","position":3,"name":"Cl\u00ednica de baja T y terapia hormonal en Flower Mound, TX"}]},{"@type":"WebSite","@id":"https:\/\/tctmed.com\/es\/#website","url":"https:\/\/tctmed.com\/es\/","name":"Testosterone Centers of Texas","description":"Low T treatment from professionals who put you first.","publisher":{"@id":"https:\/\/tctmed.com\/es\/#organization"},"potentialAction":[{"@type":"SearchAction","target":{"@type":"EntryPoint","urlTemplate":"https:\/\/tctmed.com\/es\/?s={search_term_string}"},"query-input":{"@type":"PropertyValueSpecification","valueRequired":true,"valueName":"search_term_string"}}],"inLanguage":"es"},{"@type":"Organization","@id":"https:\/\/tctmed.com\/es\/#organization","name":"Testosterone Centers of Texas","url":"https:\/\/tctmed.com\/es\/","logo":{"@type":"ImageObject","inLanguage":"es","@id":"https:\/\/tctmed.com\/es\/#\/schema\/logo\/image\/","url":"https:\/\/tctmed.com\/wp-content\/uploads\/2017\/12\/2018-TCT-Logo-V1-spanish_TCT-Color-Logo.png","contentUrl":"https:\/\/tctmed.com\/wp-content\/uploads\/2017\/12\/2018-TCT-Logo-V1-spanish_TCT-Color-Logo.png","width":907,"height":383,"caption":"Testosterone Centers of Texas"},"image":{"@id":"https:\/\/tctmed.com\/es\/#\/schema\/logo\/image\/"},"sameAs":["https:\/\/www.facebook.com\/TCTmed","https:\/\/x.com\/TCTmed"]}]}},"jetpack_sharing_enabled":true,"amp_enabled":true,"_links":{"self":[{"href":"https:\/\/tctmed.com\/es\/wp-json\/wp\/v2\/pages\/5825","targetHints":{"allow":["GET"]}}],"collection":[{"href":"https:\/\/tctmed.com\/es\/wp-json\/wp\/v2\/pages"}],"about":[{"href":"https:\/\/tctmed.com\/es\/wp-json\/wp\/v2\/types\/page"}],"author":[{"embeddable":true,"href":"https:\/\/tctmed.com\/es\/wp-json\/wp\/v2\/users\/5"}],"replies":[{"embeddable":true,"href":"https:\/\/tctmed.com\/es\/wp-json\/wp\/v2\/comments?post=5825"}],"version-history":[{"count":3,"href":"https:\/\/tctmed.com\/es\/wp-json\/wp\/v2\/pages\/5825\/revisions"}],"predecessor-version":[{"id":6239,"href":"https:\/\/tctmed.com\/es\/wp-json\/wp\/v2\/pages\/5825\/revisions\/6239"}],"up":[{"embeddable":true,"href":"https:\/\/tctmed.com\/es\/wp-json\/wp\/v2\/pages\/5758"}],"wp:attachment":[{"href":"https:\/\/tctmed.com\/es\/wp-json\/wp\/v2\/media?parent=5825"}],"curies":[{"name":"wp","href":"https:\/\/api.w.org\/{rel}","templated":true}]}}